{"id":5907,"date":"2024-08-11T16:14:24","date_gmt":"2024-08-11T09:14:24","guid":{"rendered":"https:\/\/yasudaseiki.vn\/?post_type=product&#038;p=5907"},"modified":"2024-08-11T16:14:27","modified_gmt":"2024-08-11T09:14:27","slug":"no-404-may-thu-do-ben-chiu-va-dap-loai-mullen-cho-hang-det-may","status":"publish","type":"product","link":"https:\/\/yasudaseiki.vn\/zh-hans\/product\/no-404-may-thu-do-ben-chiu-va-dap-loai-mullen-cho-hang-det-may\/","title":{"rendered":"No.404 M\u00e1y th\u1eed \u0111\u1ed9 b\u1ec1n ch\u1ecbu va \u0111\u1eadp lo\u1ea1i MULLEN cho h\u00e0ng d\u1ec7t may"},"content":{"rendered":"<h3>Th\u00f4ng s\u1ed1 k\u1ef9 thu\u1eadt<\/h3>\n<table>\n<tbody>\n<tr>\n<td colspan=\"2\"><strong>Th\u00f4ng s\u1ed1 k\u1ef9 thu\u1eadt c\u00f3 th\u1ec3 thay \u0111\u1ed5i m\u00e0 kh\u00f4ng c\u1ea7n b\u00e1o tr\u01b0\u1edbc.<\/strong><\/td>\n<\/tr>\n<tr>\n<td><strong>M\u1eabu<\/strong><\/td>\n<td>150 \u00d7 150 mm<\/td>\n<\/tr>\n<tr>\n<td><strong>K\u1eb9p<\/strong><\/td>\n<td>Tr\u00ean \u03c630,48 \u00b1 0,03 mm<br \/>\nD\u01b0\u1edbi \u03c631,50 + 0,25 mm<br \/>\nTr\u00ean v\u00e0 d\u01b0\u1edbi \u0111\u1ec1u c\u00f3 R\u00e3nh ch\u1eef V 60\u00b0<\/td>\n<\/tr>\n<tr>\n<td><strong>T\u1ed1c \u0111\u1ed9 \u00e9p<\/strong><\/td>\n<td>98 \u00b1 4 ml\/ph\u00fat<\/td>\n<\/tr>\n<tr>\n<td><strong>\u00c1p su\u1ea5t \u0110\u1ed3ng h\u1ed3 \u0111o<\/strong><\/td>\n<td>Ch\u1ecdn 2 lo\u1ea1i (0,3, 0,6, 1,4, 2,0, 4,5 v\u00e0 7,0 MPa)<\/td>\n<\/tr>\n<tr>\n<td><strong>Ph\u1ee5 ki\u1ec7n<\/strong><\/td>\n<td>M\u00e0ng cao su: 10 chi\u1ebfc, \u0110\u1ed3ng h\u1ed3 \u0111o chi\u1ec1u cao m\u00e0ng, D\u1ee5ng c\u1ee5 c\u1ed1 \u0111\u1ecbnh<\/td>\n<\/tr>\n<tr>\n<td><strong>T\u00f9y ch\u1ecdn<\/strong><\/td>\n<td>\u0110\u1ed3ng h\u1ed3 \u0111o \u00e1p su\u1ea5t k\u1ef9 thu\u1eadt s\u1ed1, K\u1eb9p kh\u00ed n\u00e9n Spec (YPO)<\/td>\n<\/tr>\n<tr>\n<td><strong>Ngu\u1ed3n \u0111i\u1ec7n<\/strong><\/td>\n<td>AC 100 V, 1 pha, 10 A, 50\/60 Hz<\/td>\n<\/tr>\n<tr>\n<td><strong>K\u00edch th\u01b0\u1edbc\/Tr\u1ecdng l\u01b0\u1ee3ng (X\u1ea5p x\u1ec9)<\/strong><\/td>\n<td>W560 \u00d7 D580 \u00d7 H570 mm, 104 kg<br \/>\nW400 \u00d7 D500 \u00d7 H560 mm, 85 kg (YPO)<\/td>\n<\/tr>\n<\/tbody>\n<\/table>\n","protected":false},"excerpt":{"rendered":"<p>JIS (L1018), L1085, L1096, (JASO)<\/p>\n<ul>\n<li>Thi\u1ebft b\u1ecb th\u1eed n\u00e0y \u0111\u01b0\u1ee3c s\u1eed d\u1ee5ng \u0111\u1ec3 \u0111\u00e1nh gi\u00e1 \u0111\u1ed9 b\u1ec1n \u0111\u1ee9t c\u1ee7a v\u1ea3i theo ph\u01b0\u01a1ng ph\u00e1p Mullen.<\/li>\n<li>Ng\u01b0\u1eddi v\u1eadn h\u00e0nh s\u1ebd si\u1ebft ch\u1eb7t m\u1eabu th\u1eed v\u00e0o t\u1ea5m v\u00e1n si\u1ebft ch\u1eb7t v\u00e0 t\u1ea1o \u00e1p su\u1ea5t b\u1eb1ng ch\u1ea5t trung gian m\u00e0ng cao su.<\/li>\n<li>\u00c1p su\u1ea5t t\u1ed1i \u0111a khi m\u1eabu th\u1eed \u0111\u1ee9t tr\u1eeb \u0111i \u0111\u1ed9 b\u1ec1n c\u1ee7a m\u00e0ng cao su s\u1ebd l\u00e0 \u0111\u1ed9 b\u1ec1n \u0111\u1ee9t c\u1ee7a m\u1eabu th\u1eed.<\/li>\n<\/ul>\n","protected":false},"featured_media":5029,"comment_status":"open","ping_status":"closed","template":"","meta":[],"product_cat":[92],"product_tag":[],"class_list":{"0":"post-5907","1":"product","2":"type-product","3":"status-publish","4":"has-post-thumbnail","6":"product_cat-product","8":"first","9":"instock","10":"shipping-taxable","11":"product-type-simple"},"_links":{"self":[{"href":"https:\/\/yasudaseiki.vn\/zh-hans\/wp-json\/wp\/v2\/product\/5907","targetHints":{"allow":["GET"]}}],"collection":[{"href":"https:\/\/yasudaseiki.vn\/zh-hans\/wp-json\/wp\/v2\/product"}],"about":[{"href":"https:\/\/yasudaseiki.vn\/zh-hans\/wp-json\/wp\/v2\/types\/product"}],"replies":[{"embeddable":true,"href":"https:\/\/yasudaseiki.vn\/zh-hans\/wp-json\/wp\/v2\/comments?post=5907"}],"wp:featuredmedia":[{"embeddable":true,"href":"https:\/\/yasudaseiki.vn\/zh-hans\/wp-json\/wp\/v2\/media\/5029"}],"wp:attachment":[{"href":"https:\/\/yasudaseiki.vn\/zh-hans\/wp-json\/wp\/v2\/media?parent=5907"}],"wp:term":[{"taxonomy":"product_cat","embeddable":true,"href":"https:\/\/yasudaseiki.vn\/zh-hans\/wp-json\/wp\/v2\/product_cat?post=5907"},{"taxonomy":"product_tag","embeddable":true,"href":"https:\/\/yasudaseiki.vn\/zh-hans\/wp-json\/wp\/v2\/product_tag?post=5907"}],"curies":[{"name":"wp","href":"https:\/\/api.w.org\/{rel}","templated":true}]}}