{"id":7795,"date":"2024-11-20T08:44:32","date_gmt":"2024-11-20T01:44:32","guid":{"rendered":"https:\/\/yasudaseiki.vn\/?post_type=product&#038;p=7795"},"modified":"2024-11-20T08:44:33","modified_gmt":"2024-11-20T01:44:33","slug":"no-148-hd-heat-distortion-tester","status":"publish","type":"product","link":"https:\/\/yasudaseiki.vn\/vi\/san-pham\/no-148-hd-heat-distortion-tester\/","title":{"rendered":"No 148-HD HEAT DISTORTION TESTER"},"content":{"rendered":"<h2>Th\u00f4ng s\u1ed1 k\u1ef9 thu\u1eadt: No 148-HD HEAT DISTORTION TESTER<\/h2>\n<table width=\"720\">\n<tbody>\n<tr>\n<td colspan=\"2\" width=\"719\"><strong>Specifications are subject to change without notice.<\/strong><\/td>\n<\/tr>\n<tr>\n<td width=\"171\"><strong>Stations<\/strong><\/td>\n<td width=\"548\">3, 4 or 6 Stations<\/td>\n<\/tr>\n<tr>\n<td width=\"171\"><strong>Temperature Range<\/strong><\/td>\n<td width=\"548\">Max. 300\u00b0C (Oil Bath)<\/td>\n<\/tr>\n<tr>\n<td width=\"171\"><strong>Heating Speed<\/strong><\/td>\n<td width=\"548\">120 \u00b1 10\u00b0C\/hr, 50 \u00b1 5\u00b0C\/hr, VICAT: 120 \u00b1 10\u2103\/hr, 50 \u00b1 5\u00b0C\/hr<\/td>\n<\/tr>\n<tr>\n<td width=\"171\"><strong>Bending Stress<\/strong><\/td>\n<td width=\"548\">JIS\uff65ISO: 1.80MPa (Method A), 0.45MPa (Method B), 8.00Mpa (Method C)<br \/>\nASTM: 1.82Mpa, 0.455Mpa<\/td>\n<\/tr>\n<tr>\n<td width=\"171\"><strong>Weight Load<\/strong><\/td>\n<td width=\"548\">DTUL: Choose 2 weights from initial load 76.5gf to max. 3,210gf<br \/>\n<strong>Options<\/strong><br \/>\nVICAT: 10 \u00b1 0.2N, 50 \u00b1 1N<br \/>\nBP: 19.6 \u00b1 20N<\/td>\n<\/tr>\n<tr>\n<td width=\"171\"><strong>Displacement Measurement<\/strong><\/td>\n<td width=\"548\">Differential Transformer: Scale 1\/1,000mm, Stroke 4mm<\/td>\n<\/tr>\n<tr>\n<td width=\"171\"><strong>Pressure Foot<\/strong><\/td>\n<td width=\"548\">DTUL: R3.0 \u00b1 0.2mm<br \/>\n<strong>Options<\/strong><br \/>\nVICAT: 1.000 \u00b1 0.015mm\u00b2<br \/>\nBP: Ball Diameter 5mm<\/td>\n<\/tr>\n<tr>\n<td width=\"171\"><strong>Support Length<\/strong><\/td>\n<td width=\"548\">64 \u00b1 1mm, 100 \u00b1 1mm<br \/>\n<strong>Option<\/strong>\u00a0101.6 \u00b1 0.5mm<\/td>\n<\/tr>\n<tr>\n<td width=\"171\"><strong>Refrigerating Device<\/strong><\/td>\n<td width=\"548\">Water Circulating System<br \/>\n<strong>Option<\/strong>\u00a0Built-In Refrigerator<br \/>\n*For low test start temperature (e.g., 20 to 23\u00b0C)<\/td>\n<\/tr>\n<tr>\n<td width=\"171\"><strong>Oil Circulation Device<\/strong><\/td>\n<td width=\"548\">Propeller Type<br \/>\nFor 3 and 4 Stations: 2 Propellers<br \/>\nFor 6 Stations: 3 Propellers<\/td>\n<\/tr>\n<tr>\n<td width=\"171\"><strong>Software<\/strong><\/td>\n<td width=\"548\">Windows\u00a010\u00a0compatible\uff08Included\uff09<\/td>\n<\/tr>\n<tr>\n<td width=\"171\"><strong>Accessories<\/strong><\/td>\n<td width=\"548\">Pressure Foot Adjustment, Specimen Holder<\/td>\n<\/tr>\n<tr>\n<td width=\"171\"><strong>Options<\/strong><\/td>\n<td width=\"548\">Silicon Oil, Safety Cover, Simultaneous Loading Device, Built-In Printer, Oil Level Sensor, Glass Sample for Calibration (Fused Quartz), Safety Door Lock, Signal Tower Light<\/td>\n<\/tr>\n<tr>\n<td width=\"171\"><strong>Power Source<\/strong><\/td>\n<td width=\"548\"><strong>Without refrigerator<\/strong><br \/>\nFor 3 and 4 Stations: Single-Phase, AC200\/220V 20A 50\/60Hz<br \/>\nFor 6 Stations: Single-Phase, AC200\/220V 30A 50\/60Hz<br \/>\n<strong>With refrigerator<\/strong><br \/>\nFor 3 and 4 Stations: Three-Phase, AC200\/220V 20A 50\/60Hz<br \/>\nFor 6 Stations: Three-Phase, AC200\/220V 30A 50\/60Hz<\/td>\n<\/tr>\n<tr>\n<td width=\"171\"><strong>Dimensions &amp; Weight (Approx.)<\/strong><\/td>\n<td width=\"548\"><strong>Floor Model<br \/>\n<\/strong>W1,100 \u00d7 D700 \u00d7 H1,500mm<br \/>\n180 to 300 kg<br \/>\n<strong>Tabletop Model<br \/>\n<\/strong>W1,100 \u00d7 D700 \u00d7 H1,000mm<br \/>\n155 to 185 kg<\/td>\n<\/tr>\n<\/tbody>\n<\/table>\n<p>Li\u00ean h\u1ec7 v\u1edbi ch\u00fang t\u00f4i \u0111\u1ec3 \u0111\u01b0\u1ee3c t\u01b0 v\u1ea5n chi ti\u1ebft cho M\u00e1y h\u00fat b\u1ee5i ch\u1ed1ng ch\u00e1y n\u1ed5 No 120-FWP MELT FLOW INDEX TESTER: <strong><a href=\"https:\/\/www.facebook.com\/hasonhanoi\" target=\"_blank\" rel=\"noopener\">Fanpage<\/a><\/strong><\/p>\n<p><strong><a href=\"https:\/\/yasudaseiki.vn\/vi\/category-san-pham-noi-bat\/\">Ho\u1eb7c tham kh\u1ea3o th\u00eam c\u00e1c s\u1ea3n ph\u1ea9m Yasuda n\u1ed5i b\u1eadt t\u1ea1i \u0111\u00e2y<\/a><\/strong><\/p>\n","protected":false},"excerpt":{"rendered":"<p>No 148-HD HEAT DISTORTION TESTER<\/p>\n<ul>\n<li>Comply with JIS K7191-1,K7206,ASTM D648,D1525,ISO 75-1,306<\/li>\n<li>This tester is used to evaluate the heat resistance of plastic.<\/li>\n<li>By loading specified bending stress to the test specimen while increasing the test temperature of the oil bath at a certain rate, the operator is to report the temperature at which the test specimen reaches standard deflection.<\/li>\n<li><span style=\"\">The tester can also conduct<\/span><\/li>\n<\/ul>\n","protected":false},"featured_media":0,"comment_status":"open","ping_status":"closed","template":"","meta":[],"product_brand":[],"product_cat":[],"product_tag":[],"class_list":{"0":"post-7795","1":"product","2":"type-product","3":"status-publish","6":"first","7":"instock","8":"shipping-taxable","9":"product-type-simple"},"_links":{"self":[{"href":"https:\/\/yasudaseiki.vn\/vi\/wp-json\/wp\/v2\/product\/7795","targetHints":{"allow":["GET"]}}],"collection":[{"href":"https:\/\/yasudaseiki.vn\/vi\/wp-json\/wp\/v2\/product"}],"about":[{"href":"https:\/\/yasudaseiki.vn\/vi\/wp-json\/wp\/v2\/types\/product"}],"replies":[{"embeddable":true,"href":"https:\/\/yasudaseiki.vn\/vi\/wp-json\/wp\/v2\/comments?post=7795"}],"wp:attachment":[{"href":"https:\/\/yasudaseiki.vn\/vi\/wp-json\/wp\/v2\/media?parent=7795"}],"wp:term":[{"taxonomy":"product_brand","embeddable":true,"href":"https:\/\/yasudaseiki.vn\/vi\/wp-json\/wp\/v2\/product_brand?post=7795"},{"taxonomy":"product_cat","embeddable":true,"href":"https:\/\/yasudaseiki.vn\/vi\/wp-json\/wp\/v2\/product_cat?post=7795"},{"taxonomy":"product_tag","embeddable":true,"href":"https:\/\/yasudaseiki.vn\/vi\/wp-json\/wp\/v2\/product_tag?post=7795"}],"curies":[{"name":"wp","href":"https:\/\/api.w.org\/{rel}","templated":true}]}}