{"id":6464,"date":"2024-08-16T10:30:12","date_gmt":"2024-08-16T03:30:12","guid":{"rendered":"https:\/\/yasudaseiki.vn\/?post_type=product&#038;p=6464"},"modified":"2024-08-16T10:30:12","modified_gmt":"2024-08-16T03:30:12","slug":"no-105-may-do-do-deo-williams","status":"publish","type":"product","link":"https:\/\/yasudaseiki.vn\/vi\/san-pham\/no-105-may-do-do-deo-williams\/","title":{"rendered":"No.105 M\u00c1Y \u0110O \u0110\u1ed8 D\u1ebaO WILLIAMS"},"content":{"rendered":"<h3>Specification<\/h3>\n<table>\n<tbody>\n<tr>\n<td colspan=\"2\"><strong>Specifications are subject to change without notice.<\/strong><\/td>\n<\/tr>\n<tr>\n<td><strong>Model<\/strong><\/td>\n<td><strong>No.105\u3000WILLIAMS PLASTOMETER<\/strong><\/td>\n<\/tr>\n<tr>\n<td><strong>Specimen<\/strong><\/td>\n<td>Cylindrical shape, Volume 2 \u00b1 0.02 cm3 (\u03c616 mm, H10 mm)<\/td>\n<\/tr>\n<tr>\n<td><strong>Parallel Plate<\/strong><\/td>\n<td>Upper: \u03c6148 mm, T11.7 mm<br \/>\nLower: \u03c6148 mm, T13 mm<\/td>\n<\/tr>\n<tr>\n<td><strong>Test Load<\/strong><\/td>\n<td>Initial 24.5 N (2.5 kgf) to Max. 49 \u00b1 0.05 N (5 kgf) (Standard 49 \u00b1 0.05 N)<\/td>\n<\/tr>\n<tr>\n<td><strong>Dial Gauge<\/strong><\/td>\n<td>Scale 1\/100 mm, Stroke Max. 20 mm<\/td>\n<\/tr>\n<tr>\n<td><strong>Software<\/strong><\/td>\n<td>\u2015<\/td>\n<\/tr>\n<tr>\n<td><strong>Accessories<\/strong><\/td>\n<td>Dial Gauge, Weight (4.9 N: 1 pc, 9.8 N: 2 pcs), Hexagon wrench,<br \/>\nSet Up Disk (105-AUTO), Power Plug Adaptor (105-AUTO)<\/td>\n<\/tr>\n<tr>\n<td><strong>Option<\/strong><\/td>\n<td>\u2015<\/td>\n<\/tr>\n<tr>\n<td><strong>Power Source<\/strong><\/td>\n<td>\u2015<\/td>\n<\/tr>\n<tr>\n<td><strong>Dimensions\/Weight (Approx.)<\/strong><\/td>\n<td>W175 \u00d7 D150 \u00d7 H330 mm, 7.2 kg<br \/>\n*With Dial Gauge Attached.<\/td>\n<\/tr>\n<\/tbody>\n<\/table>\n<h3><\/h3>\n","protected":false},"excerpt":{"rendered":"<p>JIS K6249, ASTM D926, ISO 7323<\/p>\n<ul>\n<li>Placing the specimen on the parallel plate and after adding prescribed load for a specific amount of time, the plastometer reads the thickness of the specimen and multiplies the thickness 100 times to acquire the degree of plasticity.<\/li>\n<\/ul>\n","protected":false},"featured_media":4813,"comment_status":"open","ping_status":"closed","template":"","meta":[],"product_cat":[352,317],"product_tag":[],"class_list":{"0":"post-6464","1":"product","2":"type-product","3":"status-publish","4":"has-post-thumbnail","6":"product_cat-khac","7":"product_cat-nhua-cao-su","9":"first","10":"instock","11":"shipping-taxable","12":"product-type-simple"},"_links":{"self":[{"href":"https:\/\/yasudaseiki.vn\/vi\/wp-json\/wp\/v2\/product\/6464","targetHints":{"allow":["GET"]}}],"collection":[{"href":"https:\/\/yasudaseiki.vn\/vi\/wp-json\/wp\/v2\/product"}],"about":[{"href":"https:\/\/yasudaseiki.vn\/vi\/wp-json\/wp\/v2\/types\/product"}],"replies":[{"embeddable":true,"href":"https:\/\/yasudaseiki.vn\/vi\/wp-json\/wp\/v2\/comments?post=6464"}],"wp:featuredmedia":[{"embeddable":true,"href":"https:\/\/yasudaseiki.vn\/vi\/wp-json\/wp\/v2\/media\/4813"}],"wp:attachment":[{"href":"https:\/\/yasudaseiki.vn\/vi\/wp-json\/wp\/v2\/media?parent=6464"}],"wp:term":[{"taxonomy":"product_cat","embeddable":true,"href":"https:\/\/yasudaseiki.vn\/vi\/wp-json\/wp\/v2\/product_cat?post=6464"},{"taxonomy":"product_tag","embeddable":true,"href":"https:\/\/yasudaseiki.vn\/vi\/wp-json\/wp\/v2\/product_tag?post=6464"}],"curies":[{"name":"wp","href":"https:\/\/api.w.org\/{rel}","templated":true}]}}