{"id":6462,"date":"2024-08-16T10:29:07","date_gmt":"2024-08-16T03:29:07","guid":{"rendered":"https:\/\/yasudaseiki.vn\/?post_type=product&#038;p=6462"},"modified":"2024-08-16T10:29:07","modified_gmt":"2024-08-16T03:29:07","slug":"no105-auto-no105-may-do-do-deo-williams-tu-dong","status":"publish","type":"product","link":"https:\/\/yasudaseiki.vn\/vi\/product\/no105-auto-no105-may-do-do-deo-williams-tu-dong\/","title":{"rendered":"No105-AUTO No105-M\u00e1y \u0111o \u0111\u1ed9 d\u1ebbo WILLIAMS (t\u1ef1 \u0111\u1ed9ng)"},"content":{"rendered":"<h3>Specification<\/h3>\n<table>\n<tbody>\n<tr>\n<td colspan=\"2\"><strong>Specifications are subject to change without notice.<\/strong><\/td>\n<\/tr>\n<tr>\n<td><strong>Model<\/strong><\/td>\n<td><b>No.105-AUTO\u3000WILLIAMS PLASTOMETER (AUTOMATIC)<\/b><\/td>\n<\/tr>\n<tr>\n<td><strong>Specimen<\/strong><\/td>\n<td>Cylindrical shape, Volume 2 \u00b1 0.02 cm3 (\u03c616 mm, H10 mm)<\/td>\n<\/tr>\n<tr>\n<td><strong>Parallel Plate<\/strong><\/td>\n<td>Upper: \u03c6148 mm, T11.7 mm<br \/>\nLower: \u03c6148 mm, T13 mm<\/td>\n<\/tr>\n<tr>\n<td><strong>Test Load<\/strong><\/td>\n<td>Initial 24.5 N (2.5 kgf) to Max. 49 \u00b1 0.05 N (5 kgf) (Standard 49 \u00b1 0.05 N)<\/td>\n<\/tr>\n<tr>\n<td><strong>Dial Gauge<\/strong><\/td>\n<td>Scale 1\/100 mm, Stroke Max. 20 mm,<br \/>\nDigital Display Ver.<\/td>\n<\/tr>\n<tr>\n<td><strong>Software<\/strong><\/td>\n<td>Windows Compatible<\/td>\n<\/tr>\n<tr>\n<td><strong>Accessories<\/strong><\/td>\n<td>Dial Gauge, Weight (4.9 N: 1 pc, 9.8 N: 2 pcs), Hexagon wrench,<br \/>\nSet Up Disk (105-AUTO), Power Plug Adaptor (105-AUTO)<\/td>\n<\/tr>\n<tr>\n<td><strong>Option<\/strong><\/td>\n<td>Heating Plate Type, Safety Cover<\/td>\n<\/tr>\n<tr>\n<td><strong>Power Source<\/strong><\/td>\n<td>AC 100 V, 1-Phase, 5 A, 50\/60 Hz<\/td>\n<\/tr>\n<tr>\n<td><strong>Dimensions\/Weight (Approx.)<\/strong><\/td>\n<td>W365 \u00d7 D250 \u00d7 H506 mm, 24 kg<\/td>\n<\/tr>\n<\/tbody>\n<\/table>\n","protected":false},"excerpt":{"rendered":"<p>JIS K6249, ASTM D926, ISO 7323<\/p>\n<ul>\n<li>The No.105-AUTO is the automated version of the No.105 WILLIAMS PLASTOMETER.<\/li>\n<li>The tester can show the time series graph of the thickness on the computer screen.<\/li>\n<\/ul>\n","protected":false},"featured_media":4809,"comment_status":"open","ping_status":"closed","template":"","meta":[],"product_cat":[92],"product_tag":[],"class_list":{"0":"post-6462","1":"product","2":"type-product","3":"status-publish","4":"has-post-thumbnail","6":"product_cat-product","8":"first","9":"instock","10":"shipping-taxable","11":"product-type-simple"},"_links":{"self":[{"href":"https:\/\/yasudaseiki.vn\/vi\/wp-json\/wp\/v2\/product\/6462","targetHints":{"allow":["GET"]}}],"collection":[{"href":"https:\/\/yasudaseiki.vn\/vi\/wp-json\/wp\/v2\/product"}],"about":[{"href":"https:\/\/yasudaseiki.vn\/vi\/wp-json\/wp\/v2\/types\/product"}],"replies":[{"embeddable":true,"href":"https:\/\/yasudaseiki.vn\/vi\/wp-json\/wp\/v2\/comments?post=6462"}],"wp:featuredmedia":[{"embeddable":true,"href":"https:\/\/yasudaseiki.vn\/vi\/wp-json\/wp\/v2\/media\/4809"}],"wp:attachment":[{"href":"https:\/\/yasudaseiki.vn\/vi\/wp-json\/wp\/v2\/media?parent=6462"}],"wp:term":[{"taxonomy":"product_cat","embeddable":true,"href":"https:\/\/yasudaseiki.vn\/vi\/wp-json\/wp\/v2\/product_cat?post=6462"},{"taxonomy":"product_tag","embeddable":true,"href":"https:\/\/yasudaseiki.vn\/vi\/wp-json\/wp\/v2\/product_tag?post=6462"}],"curies":[{"name":"wp","href":"https:\/\/api.w.org\/{rel}","templated":true}]}}