{"id":6460,"date":"2024-08-16T10:28:13","date_gmt":"2024-08-16T03:28:13","guid":{"rendered":"https:\/\/yasudaseiki.vn\/?post_type=product&#038;p=6460"},"modified":"2024-08-16T10:28:13","modified_gmt":"2024-08-16T03:28:13","slug":"no-171-may-kiem-tra-do-nen","status":"publish","type":"product","link":"https:\/\/yasudaseiki.vn\/vi\/san-pham\/no-171-may-kiem-tra-do-nen\/","title":{"rendered":"No.171 M\u00e1y ki\u1ec3m tra \u0111\u1ed9 n\u00e9n"},"content":{"rendered":"<h3>Specification<\/h3>\n<table>\n<tbody>\n<tr>\n<td colspan=\"3\"><strong>Specifications are subject to change without notice.<\/strong><\/td>\n<\/tr>\n<tr>\n<td><strong>Test Method<\/strong><\/td>\n<td><b>Large Specimen<\/b><\/td>\n<td><b>Small Specimen<\/b><\/td>\n<\/tr>\n<tr>\n<td><strong>Test Method<\/strong><\/td>\n<td>\u03c629.0 \u00b1 0.5 mm<br \/>\nT12.5 \u00b1 0.5 mm<\/td>\n<td>\u03c613.0 \u00b1 0.5 mm<br \/>\nT6.3 \u00b1 0.3 mm<\/td>\n<\/tr>\n<tr>\n<td><strong>Spacer<\/strong><\/td>\n<td>12 pcs, T9.3 to 9.4 mm<br \/>\n(25 % Compression)<\/td>\n<td>12 pcs, T4.7 to 4.8 mm<br \/>\n(25 % Compression)<\/td>\n<\/tr>\n<tr>\n<td><strong>Dimensions\/ Weight (Approx.)<\/strong><\/td>\n<td>W290 \u00d7 D150 \u00d7 H145 (20 \u00d7 3 Stages) mm, 20 kg<\/td>\n<td>W290 \u00d7 D150 \u00d7 H145 (20 \u00d7 3 Stages) mm, 20 kg<\/td>\n<\/tr>\n<\/tbody>\n<\/table>\n","protected":false},"excerpt":{"rendered":"<p>JIS A5756, K6262, ASTM D395, ISO 815<\/p>\n<ul>\n<li>This tester measures the compression set of vulcanized rubber and thermo-plastic rubber at room temperature, low temperature, and high temperature to acquire the settling of the test specimen.<\/li>\n<li>The compression ratio can be set by changing the spacer.<\/li>\n<\/ul>\n","protected":false},"featured_media":4801,"comment_status":"open","ping_status":"closed","template":"","meta":[],"product_cat":[352,317],"product_tag":[],"class_list":{"0":"post-6460","1":"product","2":"type-product","3":"status-publish","4":"has-post-thumbnail","6":"product_cat-khac","7":"product_cat-nhua-cao-su","9":"first","10":"instock","11":"shipping-taxable","12":"product-type-simple"},"_links":{"self":[{"href":"https:\/\/yasudaseiki.vn\/vi\/wp-json\/wp\/v2\/product\/6460","targetHints":{"allow":["GET"]}}],"collection":[{"href":"https:\/\/yasudaseiki.vn\/vi\/wp-json\/wp\/v2\/product"}],"about":[{"href":"https:\/\/yasudaseiki.vn\/vi\/wp-json\/wp\/v2\/types\/product"}],"replies":[{"embeddable":true,"href":"https:\/\/yasudaseiki.vn\/vi\/wp-json\/wp\/v2\/comments?post=6460"}],"wp:featuredmedia":[{"embeddable":true,"href":"https:\/\/yasudaseiki.vn\/vi\/wp-json\/wp\/v2\/media\/4801"}],"wp:attachment":[{"href":"https:\/\/yasudaseiki.vn\/vi\/wp-json\/wp\/v2\/media?parent=6460"}],"wp:term":[{"taxonomy":"product_cat","embeddable":true,"href":"https:\/\/yasudaseiki.vn\/vi\/wp-json\/wp\/v2\/product_cat?post=6460"},{"taxonomy":"product_tag","embeddable":true,"href":"https:\/\/yasudaseiki.vn\/vi\/wp-json\/wp\/v2\/product_tag?post=6460"}],"curies":[{"name":"wp","href":"https:\/\/api.w.org\/{rel}","templated":true}]}}