{"id":6447,"date":"2024-08-16T10:09:06","date_gmt":"2024-08-16T03:09:06","guid":{"rendered":"https:\/\/yasudaseiki.vn\/?post_type=product&#038;p=6447"},"modified":"2024-08-16T10:09:06","modified_gmt":"2024-08-16T03:09:06","slug":"no-199-may-kiem-tra-dien-ap-danh-sac","status":"publish","type":"product","link":"https:\/\/yasudaseiki.vn\/vi\/san-pham\/no-199-may-kiem-tra-dien-ap-danh-sac\/","title":{"rendered":"No.199 M\u00c1Y KI\u1ec2M TRA \u0110I\u1ec6N \u00c1P \u0110\u00c1NH S\u1ea0C"},"content":{"rendered":"<h3>Specification<\/h3>\n<table>\n<tbody>\n<tr>\n<td colspan=\"2\"><strong>Specifications are subject to change without notice.<\/strong><\/td>\n<\/tr>\n<tr>\n<td><b>Capacity<\/b><\/td>\n<td>0.5 to 10 kVA<\/td>\n<\/tr>\n<tr>\n<td><b>Maximum Output Voltage<\/b><\/td>\n<td>AC 5 to 80 kV<\/td>\n<\/tr>\n<tr>\n<td><b>Specimen<\/b><\/td>\n<td>L500 mm (Twisting L 120mm), \u03c60.05 \u301c \u03c63.2 mm<\/td>\n<\/tr>\n<tr>\n<td><strong>Test Method<\/strong><b><br \/>\n<\/b><\/td>\n<td>Oil Bath or Air Bath<\/td>\n<\/tr>\n<tr>\n<td><b>Standard Equipments<\/b><\/td>\n<td>A-meter, V-meter, Volt-slider, Programmed Voltage Raising Device, Breakdown Current Regulator<\/td>\n<\/tr>\n<tr>\n<td><b>Option<\/b><\/td>\n<td>Timer, Mini Printer, Software<\/td>\n<\/tr>\n<tr>\n<td><b>Safety Device<\/b><\/td>\n<td>Safety Cover with Interlock Attached, Earth-Leakage Breaker, Upper Voltage Limit, Emergency Stop SW,<br \/>\nWarning Indicator &amp; Buzzer<\/td>\n<\/tr>\n<tr>\n<td><b>Electrode<\/b><\/td>\n<td>Selected by Specimen<\/td>\n<\/tr>\n<tr>\n<td><b>Power Source<\/b><\/td>\n<td>AC 200 V, 1-Phase, 15 to 50 A, 50\/60 Hz<\/td>\n<\/tr>\n<tr>\n<td><b>Dimensions\/ Weight (Approx.)<\/b><\/td>\n<td>Differ by Specifications.<\/td>\n<\/tr>\n<\/tbody>\n<\/table>\n","protected":false},"excerpt":{"rendered":"<p>JIS C2110, (C3003), C3216-5, IEC-60851-5<\/p>\n<ul>\n<li>This tester is for evaluating the dielectric strength (volt endurance\/ volt destruction) of solid electric insulating material.<\/li>\n<li>By exchanging the electrodes, the tester can also be used for board, sheet, textile, film, tape, tube, varnish, and paint.<\/li>\n<li>Recent applications also include insulating film in lithium-ion batteries.<\/li>\n<li>After setting the specimen between the two electrodes, voltage is applied mid-air or in-bath until the specimen insulation destructs.<\/li>\n<li>The results are evaluated either by the insulation strength or destruction voltage level.<\/li>\n<li>The tester is capable of both the short-time test and step-by-step test.<\/li>\n<li>The tester can also be used for enamel coatings using the twistpair method by exchanging the electrodes.<\/li>\n<\/ul>\n","protected":false},"featured_media":4866,"comment_status":"open","ping_status":"closed","template":"","meta":[],"product_cat":[92],"product_tag":[],"class_list":{"0":"post-6447","1":"product","2":"type-product","3":"status-publish","4":"has-post-thumbnail","6":"product_cat-product","8":"first","9":"instock","10":"shipping-taxable","11":"product-type-simple"},"_links":{"self":[{"href":"https:\/\/yasudaseiki.vn\/vi\/wp-json\/wp\/v2\/product\/6447","targetHints":{"allow":["GET"]}}],"collection":[{"href":"https:\/\/yasudaseiki.vn\/vi\/wp-json\/wp\/v2\/product"}],"about":[{"href":"https:\/\/yasudaseiki.vn\/vi\/wp-json\/wp\/v2\/types\/product"}],"replies":[{"embeddable":true,"href":"https:\/\/yasudaseiki.vn\/vi\/wp-json\/wp\/v2\/comments?post=6447"}],"wp:featuredmedia":[{"embeddable":true,"href":"https:\/\/yasudaseiki.vn\/vi\/wp-json\/wp\/v2\/media\/4866"}],"wp:attachment":[{"href":"https:\/\/yasudaseiki.vn\/vi\/wp-json\/wp\/v2\/media?parent=6447"}],"wp:term":[{"taxonomy":"product_cat","embeddable":true,"href":"https:\/\/yasudaseiki.vn\/vi\/wp-json\/wp\/v2\/product_cat?post=6447"},{"taxonomy":"product_tag","embeddable":true,"href":"https:\/\/yasudaseiki.vn\/vi\/wp-json\/wp\/v2\/product_tag?post=6447"}],"curies":[{"name":"wp","href":"https:\/\/api.w.org\/{rel}","templated":true}]}}