{"id":6445,"date":"2024-08-16T10:04:22","date_gmt":"2024-08-16T03:04:22","guid":{"rendered":"https:\/\/yasudaseiki.vn\/?post_type=product&#038;p=6445"},"modified":"2024-08-16T10:04:22","modified_gmt":"2024-08-16T03:04:22","slug":"no-208-may-kiem-tra-do-mai-mon-cap-dien-ap-thap-cho-o-to","status":"publish","type":"product","link":"https:\/\/yasudaseiki.vn\/vi\/san-pham\/no-208-may-kiem-tra-do-mai-mon-cap-dien-ap-thap-cho-o-to\/","title":{"rendered":"No.208 M\u00c1Y KI\u1ec2M TRA \u0110\u1ed8 M\u00c0I M\u00d2N C\u00c1P \u0110I\u1ec6N \u00c1P TH\u1ea4P CHO \u00d4 T\u00d4"},"content":{"rendered":"<h3>Specification<\/h3>\n<h4>No.208\uff08JIS\uff09<\/h4>\n<table>\n<tbody>\n<tr>\n<td colspan=\"2\"><strong>Specifications are subject to change without notice.<\/strong><\/td>\n<\/tr>\n<tr>\n<td><strong>Model<\/strong><\/td>\n<td><b>No.208\uff08JIS\uff09<\/b><\/td>\n<\/tr>\n<tr>\n<td><strong>Specimen<\/strong><\/td>\n<td>L900 mm<\/td>\n<\/tr>\n<tr>\n<td><strong>Weight<\/strong><\/td>\n<td>Top R114 mm,<br \/>\nInitial 450 g, 1,350 g, 1,900 g<\/td>\n<\/tr>\n<tr>\n<td><strong>Electrode<\/strong><\/td>\n<td>\u03c67 mm<\/td>\n<\/tr>\n<tr>\n<td><strong>Abrasive Tape<\/strong><\/td>\n<td>Material A, Grit #180,<br \/>\nConductive Pitch 150 mm,<br \/>\nConduction W10 mm<\/td>\n<\/tr>\n<tr>\n<td><strong>Tape Speed<\/strong><\/td>\n<td>1,500 mm\/min<\/td>\n<\/tr>\n<tr>\n<td><strong>Specimen Rotating Angle<\/strong><\/td>\n<td>\u2015<\/td>\n<\/tr>\n<tr>\n<td><strong>Counter<\/strong><\/td>\n<td>6 Digits Preset Counter<\/td>\n<\/tr>\n<tr>\n<td><strong>Accessories<\/strong><\/td>\n<td>Abrasive Tape: 5 pcs<\/td>\n<\/tr>\n<tr>\n<td><strong>Power Source<\/strong><\/td>\n<td>AC 100 V, 1-Phase, 5 A, 50\/60 Hz<\/td>\n<\/tr>\n<tr>\n<td><strong>Dimension\/ Weight (Approx.)<\/strong><\/td>\n<td>Tester Body: W620 \u00d7 D400 \u00d7 H510 mm, 50 kg<br \/>\nControl Box: W200 \u00d7 D420 \u00d7 H315 mm, 10 kg<br \/>\nW620 \u00d7 D300 \u00d7 H500 mm, 70 kg(LT)<\/td>\n<\/tr>\n<\/tbody>\n<\/table>\n<h4>No.208-JASO<\/h4>\n<table>\n<tbody>\n<tr>\n<td colspan=\"2\"><strong>Specifications are subject to change without notice.<\/strong><\/td>\n<\/tr>\n<tr>\n<td><strong>Model<\/strong><\/td>\n<td><b>No.208-JASO<\/b><\/td>\n<\/tr>\n<tr>\n<td><strong>Specimen<\/strong><\/td>\n<td>L1 m<\/td>\n<\/tr>\n<tr>\n<td><strong>Weight<\/strong><\/td>\n<td>Top R114 mm, Initial 0.63 \u00b1 0.05 N<br \/>\nAdditional Weight 50 to 1,500 g<\/td>\n<\/tr>\n<tr>\n<td><strong>Electrode<\/strong><\/td>\n<td>\u03c66.9 mm<\/td>\n<\/tr>\n<tr>\n<td><strong>Abrasive Tape<\/strong><\/td>\n<td>Material A, Grit #180,<br \/>\nConductive Pitch 150 mm,<br \/>\nConduction W10 mm<\/td>\n<\/tr>\n<tr>\n<td><strong>Tape Speed<\/strong><\/td>\n<td>1,500 \u00b1 75 mm\/min<\/td>\n<\/tr>\n<tr>\n<td><strong>Specimen Rotating Angle<\/strong><\/td>\n<td>0\u00b0, 90\u00b0, 180\u00b0, 270\u00b0<\/td>\n<\/tr>\n<tr>\n<td><strong>Counter<\/strong><\/td>\n<td>6 Digits Preset Counter<\/td>\n<\/tr>\n<tr>\n<td><strong>Accessories<\/strong><\/td>\n<td>Abrasive Tape: 5 pcs<\/td>\n<\/tr>\n<tr>\n<td><strong>Power Source<\/strong><\/td>\n<td>AC 100 V, 1-Phase, 5 A, 50\/60 Hz<\/td>\n<\/tr>\n<tr>\n<td><strong>Dimension\/ Weight (Approx.)<\/strong><\/td>\n<td>Tester Body: W620 \u00d7 D400 \u00d7 H510 mm, 50 kg<br \/>\nControl Box: W200 \u00d7 D420 \u00d7 H315 mm, 10 kg<br \/>\nW620 \u00d7 D300 \u00d7 H500 mm, 70 kg(LT)<\/td>\n<\/tr>\n<\/tbody>\n<\/table>\n","protected":false},"excerpt":{"rendered":"<p>JIS C3406, JASO, ISO 6722<\/p>\n<ul>\n<li>This tester is to evaluate the abrasion resistance of low voltage cables for automobiles according to the abrading tape method.<\/li>\n<li>Attaching the test specimen so that it touches the abrading tape and then the operator is to abrade the test specimen with the abrading tape at a prescript speed.<\/li>\n<li>The abrasion resistance value that is acquired by this method will be the length that the abrading tape abraded before the electric conductor touches the abrading tape.<\/li>\n<\/ul>\n","protected":false},"featured_media":4881,"comment_status":"open","ping_status":"closed","template":"","meta":[],"product_cat":[202,203],"product_tag":[],"class_list":{"0":"post-6445","1":"product","2":"type-product","3":"status-publish","4":"has-post-thumbnail","6":"product_cat-day-dien","7":"product_cat-may-kiem-tra-do-mai-mon-va-ma-sat-day-dien","9":"first","10":"instock","11":"shipping-taxable","12":"product-type-simple"},"_links":{"self":[{"href":"https:\/\/yasudaseiki.vn\/vi\/wp-json\/wp\/v2\/product\/6445","targetHints":{"allow":["GET"]}}],"collection":[{"href":"https:\/\/yasudaseiki.vn\/vi\/wp-json\/wp\/v2\/product"}],"about":[{"href":"https:\/\/yasudaseiki.vn\/vi\/wp-json\/wp\/v2\/types\/product"}],"replies":[{"embeddable":true,"href":"https:\/\/yasudaseiki.vn\/vi\/wp-json\/wp\/v2\/comments?post=6445"}],"wp:featuredmedia":[{"embeddable":true,"href":"https:\/\/yasudaseiki.vn\/vi\/wp-json\/wp\/v2\/media\/4881"}],"wp:attachment":[{"href":"https:\/\/yasudaseiki.vn\/vi\/wp-json\/wp\/v2\/media?parent=6445"}],"wp:term":[{"taxonomy":"product_cat","embeddable":true,"href":"https:\/\/yasudaseiki.vn\/vi\/wp-json\/wp\/v2\/product_cat?post=6445"},{"taxonomy":"product_tag","embeddable":true,"href":"https:\/\/yasudaseiki.vn\/vi\/wp-json\/wp\/v2\/product_tag?post=6445"}],"curies":[{"name":"wp","href":"https:\/\/api.w.org\/{rel}","templated":true}]}}