{"id":6428,"date":"2024-08-16T09:41:01","date_gmt":"2024-08-16T02:41:01","guid":{"rendered":"https:\/\/yasudaseiki.vn\/?post_type=product&#038;p=6428"},"modified":"2024-08-16T09:41:01","modified_gmt":"2024-08-16T02:41:01","slug":"no-185-auto-may-do-do-deo-tam-song-song-tu-dong","status":"publish","type":"product","link":"https:\/\/yasudaseiki.vn\/vi\/san-pham\/no-185-auto-may-do-do-deo-tam-song-song-tu-dong\/","title":{"rendered":"No.185-AUTO M\u00e1y \u0111o \u0111\u1ed9 d\u1ebbo t\u1ea5m song song (t\u1ef1 \u0111\u1ed9ng)"},"content":{"rendered":"<h3>Specification<\/h3>\n<table>\n<tbody>\n<tr>\n<td colspan=\"2\"><strong>Specifications are subject to change without notice.<\/strong><\/td>\n<\/tr>\n<tr>\n<td><strong>Model<\/strong><\/td>\n<td><b>No.185-AUTO\u3000PARALLEL PLATE PLASTOMETER (AUTOMATIC)<\/b><\/td>\n<\/tr>\n<tr>\n<td><strong>Stations<\/strong><\/td>\n<td>3 or 5 Stations (2 kinds)<\/td>\n<\/tr>\n<tr>\n<td><strong>Weight Load<\/strong><\/td>\n<td>Max. 20 N (Dead Weight)<\/td>\n<\/tr>\n<tr>\n<td><strong>Displacement Measurement<\/strong><\/td>\n<td>Differential Transducer: Scale 1\/100 mm, Stroke Max. 50 mm<br \/>\nTouchPanel Display<\/td>\n<\/tr>\n<tr>\n<td><strong>Temperature Range<\/strong><\/td>\n<td>Max. 200 \u00b0C<\/td>\n<\/tr>\n<tr>\n<td><strong>Parallel Plate<\/strong><\/td>\n<td>\u03c640 mm<br \/>\n(Option: \u03c63\/4\u2033 or \u03c63\/8\u2033 for UL)<\/td>\n<\/tr>\n<tr>\n<td><strong>Accessories<\/strong><\/td>\n<td>Metal Rod (R 5 mm)<\/td>\n<\/tr>\n<tr>\n<td><strong>Option<\/strong><\/td>\n<td>Software, Oven Light,\u00a0Mini Printer<\/td>\n<\/tr>\n<tr>\n<td><strong>Power Source<\/strong><\/td>\n<td>AC 200 V, 1-Phase or 3-Phase, 15 to 30 A, 50\/60 Hz<\/td>\n<\/tr>\n<tr>\n<td><strong>Dimensions\/ Weight (Approx.)<\/strong><\/td>\n<td>1 Station<br \/>\nW1,280 \u00d7 D880 \u00d7 H1,800 mm\/ 343 kg<br \/>\n3 Stations<br \/>\nW1,420 \u00d7 D880 \u00d7 H1,800 mm\/ 375 kg<\/td>\n<\/tr>\n<\/tbody>\n<\/table>\n","protected":false},"excerpt":{"rendered":"<p>JIS C3005, C3307, K6723, ASTM D621<\/p>\n<ul>\n<li>This tester is to conduct heat deformation tests to rubber and plastic electric insulated wires.<\/li>\n<li>Placing the test specimen between the parallel plates and adding prescript load and heat for 30 minutes, the operator is to measure the reduction rate in thickness of the test specimen before and after the test has been conducted.<\/li>\n<li>The operator is to set the pre-heating time and the testing time on the touch panel, and then the tester will load, unload, and show and print the test data automatically.<\/li>\n<\/ul>\n","protected":false},"featured_media":4941,"comment_status":"open","ping_status":"closed","template":"","meta":[],"product_cat":[92],"product_tag":[],"class_list":{"0":"post-6428","1":"product","2":"type-product","3":"status-publish","4":"has-post-thumbnail","6":"product_cat-product","8":"first","9":"instock","10":"shipping-taxable","11":"product-type-simple"},"_links":{"self":[{"href":"https:\/\/yasudaseiki.vn\/vi\/wp-json\/wp\/v2\/product\/6428","targetHints":{"allow":["GET"]}}],"collection":[{"href":"https:\/\/yasudaseiki.vn\/vi\/wp-json\/wp\/v2\/product"}],"about":[{"href":"https:\/\/yasudaseiki.vn\/vi\/wp-json\/wp\/v2\/types\/product"}],"replies":[{"embeddable":true,"href":"https:\/\/yasudaseiki.vn\/vi\/wp-json\/wp\/v2\/comments?post=6428"}],"wp:featuredmedia":[{"embeddable":true,"href":"https:\/\/yasudaseiki.vn\/vi\/wp-json\/wp\/v2\/media\/4941"}],"wp:attachment":[{"href":"https:\/\/yasudaseiki.vn\/vi\/wp-json\/wp\/v2\/media?parent=6428"}],"wp:term":[{"taxonomy":"product_cat","embeddable":true,"href":"https:\/\/yasudaseiki.vn\/vi\/wp-json\/wp\/v2\/product_cat?post=6428"},{"taxonomy":"product_tag","embeddable":true,"href":"https:\/\/yasudaseiki.vn\/vi\/wp-json\/wp\/v2\/product_tag?post=6428"}],"curies":[{"name":"wp","href":"https:\/\/api.w.org\/{rel}","templated":true}]}}