{"id":6382,"date":"2024-08-15T16:32:25","date_gmt":"2024-08-15T09:32:25","guid":{"rendered":"https:\/\/yasudaseiki.vn\/?post_type=product&#038;p=6382"},"modified":"2024-08-15T16:32:25","modified_gmt":"2024-08-15T09:32:25","slug":"no-517-l-may-kiem-tra-do-van-dong-roi-du-pont-loai-co-may-lam-lanh","status":"publish","type":"product","link":"https:\/\/yasudaseiki.vn\/vi\/san-pham\/no-517-l-may-kiem-tra-do-van-dong-roi-du-pont-loai-co-may-lam-lanh\/","title":{"rendered":"No.517-L M\u00c1Y KI\u1ec2M TRA \u0110\u1ed8 V\u1eacN \u0110\u1ed8NG R\u01a0I DU PONT LO\u1ea0I (C\u00d3 M\u00c1Y L\u00c0M L\u1ea0NH)"},"content":{"rendered":"<h3>Specification<\/h3>\n<h4>No.517-L DU PONT TYPE FALLING IMPACT TESTER (WITH REFRIGERATING MACHINE)<\/h4>\n<table>\n<tbody>\n<tr>\n<td colspan=\"3\"><strong>Specifications are subject to change without notice.<\/strong><\/td>\n<\/tr>\n<tr>\n<td><strong>Temperature Range<\/strong><\/td>\n<td>-35 to 60 \u00b0C (Refrigerator)<\/td>\n<td>-35 to 60 \u00b0C (Refrigerator)<\/td>\n<\/tr>\n<tr>\n<td><strong>Power Source<\/strong><\/td>\n<td>AC 200 V, 3-Phase, 20 A, 50\/60 Hz<\/td>\n<td>AC 200 V, 3-Phase, 20 A, 50\/60 Hz<\/td>\n<\/tr>\n<tr>\n<td><strong>Dimensions\/ Weight (Approx.)<\/strong><\/td>\n<td>W1,000 \u00d7 D1,000 \u00d7 H1,600mm, 330 kg<\/td>\n<td>W1,000 \u00d7 D1,000 \u00d7 H1,900mm, 340 kg<\/td>\n<\/tr>\n<\/tbody>\n<\/table>\n","protected":false},"excerpt":{"rendered":"<p>JIS (K5400), K5600-5-3, ASTM D2794(Plastic), ISO 6272<\/p>\n<ul>\n<li>This model is equipped with a low temp.<\/li>\n<li>chamber and can be used for low temp. impact testing.<\/li>\n<\/ul>\n","protected":false},"featured_media":4233,"comment_status":"open","ping_status":"closed","template":"","meta":[],"product_cat":[341,317],"product_tag":[],"class_list":{"0":"post-6382","1":"product","2":"type-product","3":"status-publish","4":"has-post-thumbnail","6":"product_cat-may-kiem-tra-va-dap","7":"product_cat-nhua-cao-su","9":"first","10":"instock","11":"shipping-taxable","12":"product-type-simple"},"_links":{"self":[{"href":"https:\/\/yasudaseiki.vn\/vi\/wp-json\/wp\/v2\/product\/6382","targetHints":{"allow":["GET"]}}],"collection":[{"href":"https:\/\/yasudaseiki.vn\/vi\/wp-json\/wp\/v2\/product"}],"about":[{"href":"https:\/\/yasudaseiki.vn\/vi\/wp-json\/wp\/v2\/types\/product"}],"replies":[{"embeddable":true,"href":"https:\/\/yasudaseiki.vn\/vi\/wp-json\/wp\/v2\/comments?post=6382"}],"wp:featuredmedia":[{"embeddable":true,"href":"https:\/\/yasudaseiki.vn\/vi\/wp-json\/wp\/v2\/media\/4233"}],"wp:attachment":[{"href":"https:\/\/yasudaseiki.vn\/vi\/wp-json\/wp\/v2\/media?parent=6382"}],"wp:term":[{"taxonomy":"product_cat","embeddable":true,"href":"https:\/\/yasudaseiki.vn\/vi\/wp-json\/wp\/v2\/product_cat?post=6382"},{"taxonomy":"product_tag","embeddable":true,"href":"https:\/\/yasudaseiki.vn\/vi\/wp-json\/wp\/v2\/product_tag?post=6382"}],"curies":[{"name":"wp","href":"https:\/\/api.w.org\/{rel}","templated":true}]}}