{"id":6304,"date":"2024-08-15T14:47:12","date_gmt":"2024-08-15T07:47:12","guid":{"rendered":"https:\/\/yasudaseiki.vn\/?post_type=product&#038;p=6304"},"modified":"2024-08-15T14:47:12","modified_gmt":"2024-08-15T07:47:12","slug":"no-312-d-may-do-do-cung-loai-aber","status":"publish","type":"product","link":"https:\/\/yasudaseiki.vn\/vi\/san-pham\/no-312-d-may-do-do-cung-loai-aber\/","title":{"rendered":"No.312-D M\u00e1y \u0111o \u0111\u1ed9 c\u1ee9ng lo\u1ea1i ABER"},"content":{"rendered":"<h3>Specification<\/h3>\n<table>\n<tbody>\n<tr>\n<td colspan=\"2\"><strong>Specifications are subject to change without notice.<\/strong><\/td>\n<\/tr>\n<tr>\n<td><strong>Model<\/strong><\/td>\n<td><b>No.312-D ABER TYPE STIFFNESS TESTER<\/b><\/td>\n<\/tr>\n<tr>\n<td><strong>Moment<\/strong><\/td>\n<td>Max. 490 mN\u22c5m (5,000 gf\u22c5cm)<\/td>\n<\/tr>\n<tr>\n<td><strong>Load Scale<\/strong><\/td>\n<td>Left-Right 0 to 100<\/td>\n<\/tr>\n<tr>\n<td><strong>Weight Load<\/strong><\/td>\n<td>100 gf, 200 gf, 500 gf<\/td>\n<\/tr>\n<tr>\n<td><strong>Load Position<\/strong><\/td>\n<td>100 mm from the Pivot<\/td>\n<\/tr>\n<tr>\n<td><strong>Bending Angle<\/strong><\/td>\n<td>Left-Right 15\u00b0 or 7.5\u00b0<\/td>\n<\/tr>\n<tr>\n<td><strong>Bending Speed<\/strong><\/td>\n<td>180 \u00b1 40\u00b0\/min<\/td>\n<\/tr>\n<tr>\n<td><strong>Specimen<\/strong><\/td>\n<td>W30 to 40 mm (Standard: 38.0 \u00b1 0.2 mm), L 70 mm, T3.2 mm or Less<\/td>\n<\/tr>\n<tr>\n<td><strong>Roller<\/strong><\/td>\n<td>\u03c68.60 \u00b1 0.05 mm for Test<br \/>\n\u03c68.93 \u00b1 0.05 mm for Positioning<\/td>\n<\/tr>\n<tr>\n<td><strong>Power Source<\/strong><\/td>\n<td>AC 100 V, 1-Phase, 3 A, 50\/60 Hz<\/td>\n<\/tr>\n<tr>\n<td><strong>Dimensions\/ Weight (Approx.)<\/strong><\/td>\n<td>W300 \u00d7 D350 \u00d7 H520 mm, 25 kg<\/td>\n<\/tr>\n<\/tbody>\n<\/table>\n","protected":false},"excerpt":{"rendered":"<p>JIS P8125\u3001TAPPI-T489\u3001ISO 2493<\/p>\n<ul>\n<li>This is the digital model of the TABER STIFFNESS TESTER where the stiffness of paper board can be directly read.<\/li>\n<li>The stiffness level will be indicated in mN-m terms.<\/li>\n<li>The tester can also calculate the resistance to bending (mN).<\/li>\n<\/ul>\n","protected":false},"featured_media":4527,"comment_status":"open","ping_status":"closed","template":"","meta":[],"product_cat":[298,335,316,317],"product_tag":[],"class_list":{"0":"post-6304","1":"product","2":"type-product","3":"status-publish","4":"has-post-thumbnail","6":"product_cat-giay-va-bot-giay","7":"product_cat-may-kiem-tra-danh-gia-kha-nang-chiu-lanh","8":"product_cat-may-kiem-tra-do-cung-va-do-rach","9":"product_cat-nhua-cao-su","11":"first","12":"instock","13":"shipping-taxable","14":"product-type-simple"},"_links":{"self":[{"href":"https:\/\/yasudaseiki.vn\/vi\/wp-json\/wp\/v2\/product\/6304","targetHints":{"allow":["GET"]}}],"collection":[{"href":"https:\/\/yasudaseiki.vn\/vi\/wp-json\/wp\/v2\/product"}],"about":[{"href":"https:\/\/yasudaseiki.vn\/vi\/wp-json\/wp\/v2\/types\/product"}],"replies":[{"embeddable":true,"href":"https:\/\/yasudaseiki.vn\/vi\/wp-json\/wp\/v2\/comments?post=6304"}],"wp:featuredmedia":[{"embeddable":true,"href":"https:\/\/yasudaseiki.vn\/vi\/wp-json\/wp\/v2\/media\/4527"}],"wp:attachment":[{"href":"https:\/\/yasudaseiki.vn\/vi\/wp-json\/wp\/v2\/media?parent=6304"}],"wp:term":[{"taxonomy":"product_cat","embeddable":true,"href":"https:\/\/yasudaseiki.vn\/vi\/wp-json\/wp\/v2\/product_cat?post=6304"},{"taxonomy":"product_tag","embeddable":true,"href":"https:\/\/yasudaseiki.vn\/vi\/wp-json\/wp\/v2\/product_tag?post=6304"}],"curies":[{"name":"wp","href":"https:\/\/api.w.org\/{rel}","templated":true}]}}