{"id":6290,"date":"2024-08-15T14:16:33","date_gmt":"2024-08-15T07:16:33","guid":{"rendered":"https:\/\/yasudaseiki.vn\/?post_type=product&#038;p=6290"},"modified":"2024-08-15T14:16:33","modified_gmt":"2024-08-15T07:16:33","slug":"no-342-may-do-do-cung-clark-loai","status":"publish","type":"product","link":"https:\/\/yasudaseiki.vn\/vi\/san-pham\/no-342-may-do-do-cung-clark-loai\/","title":{"rendered":"No.342 M\u00c1Y \u0110O \u0110\u1ed8 C\u1ee8NG CLARK LO\u1ea0I"},"content":{"rendered":"<h3>Specification<\/h3>\n<table>\n<tbody>\n<tr>\n<td colspan=\"2\"><strong>Specifications are subject to change without notice.<\/strong><\/td>\n<\/tr>\n<tr>\n<td><strong>Specimen<\/strong><\/td>\n<td>Paper: W15 to 50 mm (Standard 30 mm), L75 mm or More<br \/>\nTextile: W20 mm, L150 to 200 mm<\/td>\n<\/tr>\n<tr>\n<td><strong>Roller<\/strong><\/td>\n<td>\u03c629.0 \u00b1 1.0 mm<\/td>\n<\/tr>\n<tr>\n<td><strong>Angle Scale<\/strong><\/td>\n<td>Left-Right 0 to 90\u00b0 (Scale 1\u00b0)<\/td>\n<\/tr>\n<tr>\n<td><strong>Chuck Rotation Speed<\/strong><\/td>\n<td>1.0 \u00b1 0.1 rpm (Manual)<\/td>\n<\/tr>\n<tr>\n<td><strong>Dimensions\/ Weight (Approx.<\/strong><\/td>\n<td>W160 \u00d7 D170 \u00d7 H210 mm, 3 kg<\/td>\n<\/tr>\n<\/tbody>\n<\/table>\n","protected":false},"excerpt":{"rendered":"<p>JIS (L1018)\u3001L1096\u3001P8143\u3001TAPPI-(T451)<\/p>\n<ul>\n<li>This tester is used to evaluate the stiffness of paper, plastic film, and textile according to the Clark\u2019s method.<\/li>\n<li>The operator is to clip the test specimen between the 2 rolls and rotate it left and right until the test specimen falls over 90\u00b0.<\/li>\n<li>When the test specimen falls over 90\u00b0 the operator is to measure the brattish length to calculate the stiffness.<\/li>\n<\/ul>\n","protected":false},"featured_media":4531,"comment_status":"open","ping_status":"closed","template":"","meta":[],"product_cat":[92],"product_tag":[],"class_list":{"0":"post-6290","1":"product","2":"type-product","3":"status-publish","4":"has-post-thumbnail","6":"product_cat-product","8":"first","9":"instock","10":"shipping-taxable","11":"product-type-simple"},"_links":{"self":[{"href":"https:\/\/yasudaseiki.vn\/vi\/wp-json\/wp\/v2\/product\/6290","targetHints":{"allow":["GET"]}}],"collection":[{"href":"https:\/\/yasudaseiki.vn\/vi\/wp-json\/wp\/v2\/product"}],"about":[{"href":"https:\/\/yasudaseiki.vn\/vi\/wp-json\/wp\/v2\/types\/product"}],"replies":[{"embeddable":true,"href":"https:\/\/yasudaseiki.vn\/vi\/wp-json\/wp\/v2\/comments?post=6290"}],"wp:featuredmedia":[{"embeddable":true,"href":"https:\/\/yasudaseiki.vn\/vi\/wp-json\/wp\/v2\/media\/4531"}],"wp:attachment":[{"href":"https:\/\/yasudaseiki.vn\/vi\/wp-json\/wp\/v2\/media?parent=6290"}],"wp:term":[{"taxonomy":"product_cat","embeddable":true,"href":"https:\/\/yasudaseiki.vn\/vi\/wp-json\/wp\/v2\/product_cat?post=6290"},{"taxonomy":"product_tag","embeddable":true,"href":"https:\/\/yasudaseiki.vn\/vi\/wp-json\/wp\/v2\/product_tag?post=6290"}],"curies":[{"name":"wp","href":"https:\/\/api.w.org\/{rel}","templated":true}]}}