{"id":6251,"date":"2024-08-15T13:46:52","date_gmt":"2024-08-15T06:46:52","guid":{"rendered":"https:\/\/yasudaseiki.vn\/?post_type=product&#038;p=6251"},"modified":"2024-08-15T13:46:52","modified_gmt":"2024-08-15T06:46:52","slug":"no-199-t-thiet-bi-xoan-de-kiem-tra-dien-ap-danh-thung","status":"publish","type":"product","link":"https:\/\/yasudaseiki.vn\/vi\/san-pham\/no-199-t-thiet-bi-xoan-de-kiem-tra-dien-ap-danh-thung\/","title":{"rendered":"No.199-T Thi\u1ebft b\u1ecb xo\u1eafn (\u0111\u1ec3 ki\u1ec3m tra \u0111i\u1ec7n \u00e1p \u0111\u00e1nh th\u1ee7ng)"},"content":{"rendered":"<h3>Specification<\/h3>\n<table>\n<tbody>\n<tr>\n<td colspan=\"3\"><strong>Specifications are subject to change without notice.<\/strong><\/td>\n<\/tr>\n<tr>\n<td><\/td>\n<td><b>1 Hanging<\/b><\/td>\n<td><b>3 Hangings<\/b><\/td>\n<\/tr>\n<tr>\n<td><strong>Operation<\/strong><\/td>\n<td>Manuel<\/td>\n<td>Electric ( Station-Linked )<\/td>\n<\/tr>\n<tr>\n<td><strong>Weight Load<\/strong><\/td>\n<td>0.029 \u301c 108N<\/td>\n<td>0.029 \u301c 108N<\/td>\n<\/tr>\n<tr>\n<td><strong>Corresponding<br \/>\nWire Diameter<\/strong><\/td>\n<td>0.4 to 1.2 mm<\/td>\n<td>0.4 to 1.2 mm<\/td>\n<\/tr>\n<tr>\n<td><b>Twisting Speed<\/b><\/td>\n<td>\u2015<\/td>\n<td>60 twists\/min<\/td>\n<\/tr>\n<tr>\n<td><strong><b>Safety Device<\/b><\/strong><\/td>\n<td>\u2015<\/td>\n<td>Interlock Switch, Safety Cover, Leakage Breaker, Emergency Stop Switch<\/td>\n<\/tr>\n<tr>\n<td><strong>Accessories<\/strong><\/td>\n<td>Weight 39 N, Spanner, Round Spirit Level<\/td>\n<td>\u2015<\/td>\n<\/tr>\n<tr>\n<td><strong>Power Source<\/strong><\/td>\n<td>\u2015<\/td>\n<td>AC 100 V, 1-Phase, 15 A, 50\/60 Hz<\/td>\n<\/tr>\n<tr>\n<td><b>Dimensions\/Weight(Approx. )<\/b><\/td>\n<td>W250 \u00d7 D250 \u00d7 H750 mm, 20 kg<\/td>\n<td>Differ by Specifications.<\/td>\n<\/tr>\n<\/tbody>\n<\/table>\n","protected":false},"excerpt":{"rendered":"<p>JIS (C3003), C3216-5, IEC-60851-5<\/p>\n<ul>\n<li>This device is used for enabling the twistpair method for enamel insulation testing, particularly for the No.199 BREAKDOWN VOLTAGE TESTER.<\/li>\n<li>The test specimen is folded in half, attached to the chucks of the device, and twisted at the set tension for twistpair method testing.<\/li>\n<li>The No.199 BREAKDOWN VOLTAGE TESTER can be used for testing.<\/li>\n<\/ul>\n","protected":false},"featured_media":4871,"comment_status":"open","ping_status":"closed","template":"","meta":[],"product_cat":[202,227,209,311],"product_tag":[],"class_list":{"0":"post-6251","1":"product","2":"type-product","3":"status-publish","4":"has-post-thumbnail","6":"product_cat-day-dien","7":"product_cat-mau-tao-va-dieu-chinh-thu-nghiem-day-dien","8":"product_cat-may-kiem-tra-dien-ap-chiu-dung-va-su-co","9":"product_cat-may-kiem-tra-tao-va-dieu-chinh-mau-giay-va-bot-giay","11":"first","12":"instock","13":"shipping-taxable","14":"product-type-simple"},"_links":{"self":[{"href":"https:\/\/yasudaseiki.vn\/vi\/wp-json\/wp\/v2\/product\/6251","targetHints":{"allow":["GET"]}}],"collection":[{"href":"https:\/\/yasudaseiki.vn\/vi\/wp-json\/wp\/v2\/product"}],"about":[{"href":"https:\/\/yasudaseiki.vn\/vi\/wp-json\/wp\/v2\/types\/product"}],"replies":[{"embeddable":true,"href":"https:\/\/yasudaseiki.vn\/vi\/wp-json\/wp\/v2\/comments?post=6251"}],"wp:featuredmedia":[{"embeddable":true,"href":"https:\/\/yasudaseiki.vn\/vi\/wp-json\/wp\/v2\/media\/4871"}],"wp:attachment":[{"href":"https:\/\/yasudaseiki.vn\/vi\/wp-json\/wp\/v2\/media?parent=6251"}],"wp:term":[{"taxonomy":"product_cat","embeddable":true,"href":"https:\/\/yasudaseiki.vn\/vi\/wp-json\/wp\/v2\/product_cat?post=6251"},{"taxonomy":"product_tag","embeddable":true,"href":"https:\/\/yasudaseiki.vn\/vi\/wp-json\/wp\/v2\/product_tag?post=6251"}],"curies":[{"name":"wp","href":"https:\/\/api.w.org\/{rel}","templated":true}]}}