{"id":6206,"date":"2024-08-15T11:48:57","date_gmt":"2024-08-15T04:48:57","guid":{"rendered":"https:\/\/yasudaseiki.vn\/?post_type=product&#038;p=6206"},"modified":"2024-08-15T11:48:57","modified_gmt":"2024-08-15T04:48:57","slug":"no-119-l-may-kiem-tra-do-nut-va-phat-trien-vet-nut-de-mattia-co-may-lam-lanh","status":"publish","type":"product","link":"https:\/\/yasudaseiki.vn\/vi\/san-pham\/no-119-l-may-kiem-tra-do-nut-va-phat-trien-vet-nut-de-mattia-co-may-lam-lanh\/","title":{"rendered":"No.119-L M\u00e1y ki\u1ec3m tra \u0111\u1ed9 n\u1ee9t v\u00e0 ph\u00e1t tri\u1ec3n v\u1ebft n\u1ee9t DE MATTIA (c\u00f3 m\u00e1y l\u00e0m l\u1ea1nh)"},"content":{"rendered":"<h3>No.119-L Specification<\/h3>\n<table>\n<tbody>\n<tr>\n<td colspan=\"2\"><strong>Specifications are subject to change without notice.<\/strong><\/td>\n<\/tr>\n<tr>\n<td><strong>Hangings<\/strong><\/td>\n<td>6 Hangings, 20 Hangings<\/td>\n<\/tr>\n<tr>\n<td><strong>Specimen<\/strong><\/td>\n<td>W25 \u00b1 1 mm, L140 to 155 mm, T6.30 \u00b1 0.30 mm, Groove of R 2.38 \u00b1 0.03 mm<\/td>\n<\/tr>\n<tr>\n<td><strong>Chuck Distance<\/strong><\/td>\n<td>Max. 75 \uff0b 1 mm<\/td>\n<\/tr>\n<tr>\n<td><strong>Flexing Distanc<\/strong><\/td>\n<td>Max. 60 mm (Standard 57 + 0.5 mm)<\/td>\n<\/tr>\n<tr>\n<td><strong>Flexing Speed<\/strong><\/td>\n<td>300 \u00b1 10 times\/min<\/td>\n<\/tr>\n<tr>\n<td><strong>Counter<\/strong><\/td>\n<td>6 Digits Preset Counter, 6 Digits Running Counter<\/td>\n<\/tr>\n<tr>\n<td><strong>Temperature Range<\/strong><\/td>\n<td>-35 to 150 \u00b0C (Refrigerator)<\/td>\n<\/tr>\n<tr>\n<td><strong>Accessories<\/strong><\/td>\n<td>Specimen Setting Gauge, Notching Blade<\/td>\n<\/tr>\n<tr>\n<td><strong>Option<\/strong><\/td>\n<td>Notching Device<\/td>\n<\/tr>\n<tr>\n<td><strong>Power Source<\/strong><\/td>\n<td>AC 200 V, 3-Phase, 40 A, 50\/60 Hz<\/td>\n<\/tr>\n<tr>\n<td><strong>Dimensions\/ Weight (Approx.)<\/strong><\/td>\n<td>6 Hangings: W960 \u00d7 D850 \u00d7 H1,750 mm\/ 500 kg<br \/>\n20 Hangings: W960 \u00d7 D850 \u00d7 H1,750 mm\/ 520 kg<\/td>\n<\/tr>\n<\/tbody>\n<\/table>\n","protected":false},"excerpt":{"rendered":"<p>JIS K6260\u3001ASTM D813\u3001BS-903\u3001ISO 132<\/p>\n<ul>\n<li>This tester is used to measure the appearance of cracks and the growth of the cracks to vulcanized rubber and thermo-plastic rubber by adding repetitive bending stress.<\/li>\n<li>The test is conducted by setting the test specimen to the parallel allocated Chuck and adding repetitive bending stress.<\/li>\n<\/ul>\n","protected":false},"featured_media":4147,"comment_status":"open","ping_status":"closed","template":"","meta":[],"product_cat":[328,317],"product_tag":[],"class_list":{"0":"post-6206","1":"product","2":"type-product","3":"status-publish","4":"has-post-thumbnail","6":"product_cat-may-kiem-tra-do-uon-va-loai-de-mattia","7":"product_cat-nhua-cao-su","9":"first","10":"instock","11":"shipping-taxable","12":"product-type-simple"},"_links":{"self":[{"href":"https:\/\/yasudaseiki.vn\/vi\/wp-json\/wp\/v2\/product\/6206","targetHints":{"allow":["GET"]}}],"collection":[{"href":"https:\/\/yasudaseiki.vn\/vi\/wp-json\/wp\/v2\/product"}],"about":[{"href":"https:\/\/yasudaseiki.vn\/vi\/wp-json\/wp\/v2\/types\/product"}],"replies":[{"embeddable":true,"href":"https:\/\/yasudaseiki.vn\/vi\/wp-json\/wp\/v2\/comments?post=6206"}],"wp:featuredmedia":[{"embeddable":true,"href":"https:\/\/yasudaseiki.vn\/vi\/wp-json\/wp\/v2\/media\/4147"}],"wp:attachment":[{"href":"https:\/\/yasudaseiki.vn\/vi\/wp-json\/wp\/v2\/media?parent=6206"}],"wp:term":[{"taxonomy":"product_cat","embeddable":true,"href":"https:\/\/yasudaseiki.vn\/vi\/wp-json\/wp\/v2\/product_cat?post=6206"},{"taxonomy":"product_tag","embeddable":true,"href":"https:\/\/yasudaseiki.vn\/vi\/wp-json\/wp\/v2\/product_tag?post=6206"}],"curies":[{"name":"wp","href":"https:\/\/api.w.org\/{rel}","templated":true}]}}