{"id":6194,"date":"2024-08-15T11:24:13","date_gmt":"2024-08-15T04:24:13","guid":{"rendered":"https:\/\/yasudaseiki.vn\/?post_type=product&#038;p=6194"},"modified":"2024-08-15T11:25:47","modified_gmt":"2024-08-15T04:25:47","slug":"no119-l-vr-de-mattia-may-kiem-tra-su-phat-trien-vet-nut-va-do-phat-trien-vet-nut-co-may-lam-lanh-chuc-nang-phat-hien-vet-nut-hinh-anh","status":"publish","type":"product","link":"https:\/\/yasudaseiki.vn\/vi\/san-pham\/no119-l-vr-de-mattia-may-kiem-tra-su-phat-trien-vet-nut-va-do-phat-trien-vet-nut-co-may-lam-lanh-chuc-nang-phat-hien-vet-nut-hinh-anh\/","title":{"rendered":"No.119-L-VR DE MATTIA M\u00c1Y KI\u1ec2M TRA S\u1ef0 PH\u00c1T TRI\u1ec2N V\u1ebeT N\u1ee8T V\u00c0 \u0110\u1ed8 PH\u00c1T TRI\u1ec2N V\u1ebeT N\u1ee8T (C\u00d3 M\u00c1Y L\u00c0M L\u1ea0NH\/CH\u1ee8C N\u0102NG PH\u00c1T HI\u1ec6N V\u1ebeT N\u1ee8T H\u00ccNH \u1ea2NH)"},"content":{"rendered":"<h3 class=\"ttl_type_01\">No.119-L-VR Specification<\/h3>\n<table>\n<tbody>\n<tr>\n<td colspan=\"2\"><strong>Specifications are subject to change without notice.<\/strong><\/td>\n<\/tr>\n<tr>\n<td><b>Hangings<\/b><\/td>\n<td>12 Hangings<\/td>\n<\/tr>\n<tr>\n<td><b>Specimen<\/b><\/td>\n<td>W25 \u00b1 0.1 mm, L140 to 155 mm, T6.30 \u00b1 0.30 mm, Groove of R2.38 \u00b1 0.03 mm<\/td>\n<\/tr>\n<tr>\n<td><b>Chuck Distance<\/b><\/td>\n<td>Max. 75 + 1 mm<\/td>\n<\/tr>\n<tr>\n<td><b>Flexing Distance<\/b><\/td>\n<td>Max. 60 mm (Standard 57 + 0.5 mm)<\/td>\n<\/tr>\n<tr>\n<td><b>Flexing Speed<\/b><\/td>\n<td>300 \u00b1 10 times\/min<\/td>\n<\/tr>\n<tr>\n<td><b>Counter<\/b><\/td>\n<td>8 Digits Preset Counter, 8 Digits Running Counter<\/td>\n<\/tr>\n<tr>\n<td><b>Timer<\/b><\/td>\n<td>Max. 999 hr<\/td>\n<\/tr>\n<tr>\n<td><b>Temperature Range<\/b><\/td>\n<td>-35 to 60 \u00b0C (Refrigerator)<\/td>\n<\/tr>\n<tr>\n<td><b>Break Detection<\/b><\/td>\n<td>High Speed Digital Picture Camera<\/td>\n<\/tr>\n<tr>\n<td><b>Accessories<\/b><\/td>\n<td>Specimen Setting Gauge, Notching Blade<\/td>\n<\/tr>\n<tr>\n<td><b>Option<\/b><\/td>\n<td>Notching Device<\/td>\n<\/tr>\n<tr>\n<td><b>Power Source<\/b><\/td>\n<td>AC 200 V, 3-Phase, 40 A, 50\/60 Hz<\/td>\n<\/tr>\n<tr>\n<td><b>Dimensions\/ Weight(Approx.)<\/b><\/td>\n<td>W1,180 \u00d7 D1,200 \u00d7 H1,980 mm\/ 560 kg<\/td>\n<\/tr>\n<\/tbody>\n<\/table>\n","protected":false},"excerpt":{"rendered":"<p>JIS K6260\u3001ASTM D813\u3001BS-903\u3001ISO 132<\/p>\n<ul>\n<li>This tester is equipped with a super-high-speed camera, which enables the operator to observe and save the appearance and the growth of the cracks.<\/li>\n<li>Since the test can be monitored by the super-high-speed camera, the test can be run without any discontinuance.<\/li>\n<\/ul>\n","protected":false},"featured_media":4151,"comment_status":"open","ping_status":"closed","template":"","meta":[],"product_cat":[92],"product_tag":[],"class_list":{"0":"post-6194","1":"product","2":"type-product","3":"status-publish","4":"has-post-thumbnail","6":"product_cat-product","8":"first","9":"instock","10":"shipping-taxable","11":"product-type-simple"},"_links":{"self":[{"href":"https:\/\/yasudaseiki.vn\/vi\/wp-json\/wp\/v2\/product\/6194","targetHints":{"allow":["GET"]}}],"collection":[{"href":"https:\/\/yasudaseiki.vn\/vi\/wp-json\/wp\/v2\/product"}],"about":[{"href":"https:\/\/yasudaseiki.vn\/vi\/wp-json\/wp\/v2\/types\/product"}],"replies":[{"embeddable":true,"href":"https:\/\/yasudaseiki.vn\/vi\/wp-json\/wp\/v2\/comments?post=6194"}],"wp:featuredmedia":[{"embeddable":true,"href":"https:\/\/yasudaseiki.vn\/vi\/wp-json\/wp\/v2\/media\/4151"}],"wp:attachment":[{"href":"https:\/\/yasudaseiki.vn\/vi\/wp-json\/wp\/v2\/media?parent=6194"}],"wp:term":[{"taxonomy":"product_cat","embeddable":true,"href":"https:\/\/yasudaseiki.vn\/vi\/wp-json\/wp\/v2\/product_cat?post=6194"},{"taxonomy":"product_tag","embeddable":true,"href":"https:\/\/yasudaseiki.vn\/vi\/wp-json\/wp\/v2\/product_tag?post=6194"}],"curies":[{"name":"wp","href":"https:\/\/api.w.org\/{rel}","templated":true}]}}