{"id":6178,"date":"2024-08-15T10:33:06","date_gmt":"2024-08-15T03:33:06","guid":{"rendered":"https:\/\/yasudaseiki.vn\/?post_type=product&#038;p=6178"},"modified":"2024-08-15T10:33:06","modified_gmt":"2024-08-15T03:33:06","slug":"no-553-s-may-do-do-cung-but-chi-day-bang-tay","status":"publish","type":"product","link":"https:\/\/yasudaseiki.vn\/vi\/san-pham\/no-553-s-may-do-do-cung-but-chi-day-bang-tay\/","title":{"rendered":"No.553-S M\u00c1Y \u0110O \u0110\u1ed8 C\u1ee8NG B\u00daT CH\u00cc (\u0110\u1ea8Y B\u1eb0NG TAY)"},"content":{"rendered":"<h3 class=\"ttl_type_01\">Specification<\/h3>\n<table>\n<tbody>\n<tr>\n<td colspan=\"3\"><strong>Specifications are subject to change without notice.<\/strong><\/td>\n<\/tr>\n<tr>\n<td><\/td>\n<td>1 Loads Spec<\/td>\n<td>3 Loads Spec<\/td>\n<\/tr>\n<tr>\n<td><strong>Scratching Angle<\/strong><\/td>\n<td>45 \u00b1 1\u00b0<\/td>\n<td>45 \u00b1 1\u00b0<\/td>\n<\/tr>\n<tr>\n<td><strong>Test Load<\/strong><\/td>\n<td>750 gf<\/td>\n<td>500 gf\u3001750 gf\u30011,000 gf<\/td>\n<\/tr>\n<tr>\n<td><strong>Accessories<\/strong><\/td>\n<td>Mitsubishi UNI Pencil (6B to 9H): Total 17 pcs,<br \/>\nPencil Sharpener, Abrasive Paper (#1000),<br \/>\nWooden case, additional weight (3 Loads Spec only)<\/td>\n<td>Mitsubishi UNI Pencil (6B to 9H): Total 17 pcs,<br \/>\nPencil Sharpener, Abrasive Paper (#1000),<br \/>\nWooden case, additional weight (3 Loads Spec only)<\/td>\n<\/tr>\n<tr>\n<td><strong>Dimensions\/ Weight (Approx.)<\/strong><\/td>\n<td>W120 \u00d7 D85 \u00d7 H130 mm, 2 kg<\/td>\n<td>W120 \u00d7 D85 \u00d7 H130 mm, 2 kg<\/td>\n<\/tr>\n<\/tbody>\n<\/table>\n","protected":false},"excerpt":{"rendered":"<p>JIS K5600-5-4<\/p>\n<ul>\n<li>This tester is used to evaluate the hardness of the coated film with prescript pencil according to the pencil method.<\/li>\n<li>The tester is designed so that the pencil can scratch the testing surface at an angle of 45\u00b0 and a test load of 750 g.<\/li>\n<\/ul>\n","protected":false},"featured_media":4712,"comment_status":"open","ping_status":"closed","template":"","meta":[],"product_cat":[353,317],"product_tag":[],"class_list":{"0":"post-6178","1":"product","2":"type-product","3":"status-publish","4":"has-post-thumbnail","6":"product_cat-may-kiem-tra-do-cung-cua-but-chi-vi","7":"product_cat-nhua-cao-su","9":"first","10":"instock","11":"shipping-taxable","12":"product-type-simple"},"_links":{"self":[{"href":"https:\/\/yasudaseiki.vn\/vi\/wp-json\/wp\/v2\/product\/6178","targetHints":{"allow":["GET"]}}],"collection":[{"href":"https:\/\/yasudaseiki.vn\/vi\/wp-json\/wp\/v2\/product"}],"about":[{"href":"https:\/\/yasudaseiki.vn\/vi\/wp-json\/wp\/v2\/types\/product"}],"replies":[{"embeddable":true,"href":"https:\/\/yasudaseiki.vn\/vi\/wp-json\/wp\/v2\/comments?post=6178"}],"wp:featuredmedia":[{"embeddable":true,"href":"https:\/\/yasudaseiki.vn\/vi\/wp-json\/wp\/v2\/media\/4712"}],"wp:attachment":[{"href":"https:\/\/yasudaseiki.vn\/vi\/wp-json\/wp\/v2\/media?parent=6178"}],"wp:term":[{"taxonomy":"product_cat","embeddable":true,"href":"https:\/\/yasudaseiki.vn\/vi\/wp-json\/wp\/v2\/product_cat?post=6178"},{"taxonomy":"product_tag","embeddable":true,"href":"https:\/\/yasudaseiki.vn\/vi\/wp-json\/wp\/v2\/product_tag?post=6178"}],"curies":[{"name":"wp","href":"https:\/\/api.w.org\/{rel}","templated":true}]}}