{"id":6166,"date":"2024-08-15T10:26:56","date_gmt":"2024-08-15T03:26:56","guid":{"rendered":"https:\/\/yasudaseiki.vn\/?post_type=product&#038;p=6166"},"modified":"2024-08-15T10:26:57","modified_gmt":"2024-08-15T03:26:57","slug":"no-553-m-may-do-do-cung-but-chi-he-thong-dien","status":"publish","type":"product","link":"https:\/\/yasudaseiki.vn\/vi\/san-pham\/no-553-m-may-do-do-cung-but-chi-he-thong-dien\/","title":{"rendered":"No.553-M M\u00c1Y \u0110O \u0110\u1ed8 C\u1ee8NG B\u00daT CH\u00cc  (H\u1ec6 TH\u1ed0NG \u0110I\u1ec6N)"},"content":{"rendered":"<h3 class=\"ttl_type_01\">Specification<\/h3>\n<table>\n<tbody>\n<tr>\n<td colspan=\"3\"><strong>Specifications are subject to change without notice.<\/strong><\/td>\n<\/tr>\n<tr>\n<td><strong>Model<\/strong><\/td>\n<td><b>No.553-T\u3000PENCIL SCRATCH HARDNESS TESTER (MANUAL)<\/b><\/td>\n<td><b>No.553-M\u3000PENCIL SCRATCH HARDNESS TESTER (ELECTRIC SYSTEM)<\/b><\/td>\n<\/tr>\n<tr>\n<td><strong>Specimen Base<\/strong><\/td>\n<td>100 \u00d7 180 mm<\/td>\n<td>M-1\uff1a 100 \u00d7 180 mm<br \/>\nM-2\uff1a 150 \u00d7 180 mm<\/td>\n<\/tr>\n<tr>\n<td><strong>Stroke<\/strong><\/td>\n<td>Left-Right Max. 100 mm, Front-Back Max. 50 mm<\/td>\n<td>Left-Right Max. 100 mm, Front-Back Max. 50 mm<\/td>\n<\/tr>\n<tr>\n<td><strong>Scratching Angle<\/strong><\/td>\n<td>45\u00b0 (60\u00b0 for Enameled Wire)<\/td>\n<td>45\u00b0 (60\u00b0 for Enameled Wire)<\/td>\n<\/tr>\n<tr>\n<td><strong>Scratching Speed<\/strong><\/td>\n<td>Manual 1.75 mm\/ 1 turn<\/td>\n<td>Motorized (Standard 0.5 to 1 mm\/s)<\/td>\n<\/tr>\n<tr>\n<td><strong>Weight Load<\/strong><\/td>\n<td>Max. 1 kgf (Balance Weight)<\/td>\n<td>Max. 1 kgf (Balance Weight)<\/td>\n<\/tr>\n<tr>\n<td><strong>Accessories<\/strong><\/td>\n<td>Mitsubishi UNI Pencil (6B to 9H): Total 17 pcs, Abrasive Paper (#400), Spirit Level<\/td>\n<td>Mitsubishi UNI Pencil (6B to 9H): Total 17 pcs, Abrasive Paper (#400), Spirit Level<\/td>\n<\/tr>\n<tr>\n<td><strong>Option<\/strong><\/td>\n<td>Heating Plate Spec, Conduction Device, Needle (\u03c63 mm, L23 mm, Top Angle 60\u00b0)<\/td>\n<td>Heating Plate Spec, Conduction Device, Needle (\u03c63 mm, L23 mm, Top Angle 60\u00b0)<\/td>\n<\/tr>\n<tr>\n<td><strong>Power Source<\/strong><\/td>\n<td>\u2015<\/td>\n<td>AC 100 V, 1-Phase, 3 A, 50\/60 Hz<\/td>\n<\/tr>\n<tr>\n<td><strong>Dimensions\/Weight (Approx.)<\/strong><\/td>\n<td>W440 \u00d7 D200 \u00d7 H250 mm, 8 kg<\/td>\n<td>M-1:<br \/>\nW440 \u00d7 D200 \u00d7 H440 mm, 20 kg<br \/>\nM-2:<br \/>\nW440 \u00d7 D260 \u00d7 H440 mm, 27 kg<\/td>\n<\/tr>\n<\/tbody>\n<\/table>\n","protected":false},"excerpt":{"rendered":"<p>JIS (C3003), C3216-4, D0202, (K5400), K5600-5-4, K5651, K6894, K6902, ASTM D2197, D3363, ISO 15184, IEC-60851-4<\/p>\n<ul>\n<li>Instead of moving the pencil arm manually, this model can move automatically.<\/li>\n<li>We also have a double arm model, allowing for testing with 2 pencils simultaneously.<\/li>\n<\/ul>\n","protected":false},"featured_media":4708,"comment_status":"open","ping_status":"closed","template":"","meta":[],"product_cat":[353,317],"product_tag":[],"class_list":{"0":"post-6166","1":"product","2":"type-product","3":"status-publish","4":"has-post-thumbnail","6":"product_cat-may-kiem-tra-do-cung-cua-but-chi-vi","7":"product_cat-nhua-cao-su","9":"first","10":"instock","11":"shipping-taxable","12":"product-type-simple"},"_links":{"self":[{"href":"https:\/\/yasudaseiki.vn\/vi\/wp-json\/wp\/v2\/product\/6166","targetHints":{"allow":["GET"]}}],"collection":[{"href":"https:\/\/yasudaseiki.vn\/vi\/wp-json\/wp\/v2\/product"}],"about":[{"href":"https:\/\/yasudaseiki.vn\/vi\/wp-json\/wp\/v2\/types\/product"}],"replies":[{"embeddable":true,"href":"https:\/\/yasudaseiki.vn\/vi\/wp-json\/wp\/v2\/comments?post=6166"}],"wp:featuredmedia":[{"embeddable":true,"href":"https:\/\/yasudaseiki.vn\/vi\/wp-json\/wp\/v2\/media\/4708"}],"wp:attachment":[{"href":"https:\/\/yasudaseiki.vn\/vi\/wp-json\/wp\/v2\/media?parent=6166"}],"wp:term":[{"taxonomy":"product_cat","embeddable":true,"href":"https:\/\/yasudaseiki.vn\/vi\/wp-json\/wp\/v2\/product_cat?post=6166"},{"taxonomy":"product_tag","embeddable":true,"href":"https:\/\/yasudaseiki.vn\/vi\/wp-json\/wp\/v2\/product_tag?post=6166"}],"curies":[{"name":"wp","href":"https:\/\/api.w.org\/{rel}","templated":true}]}}