{"id":6009,"date":"2024-08-12T12:57:01","date_gmt":"2024-08-12T05:57:01","guid":{"rendered":"https:\/\/yasudaseiki.vn\/?post_type=product&#038;p=6009"},"modified":"2024-08-12T12:57:06","modified_gmt":"2024-08-12T05:57:06","slug":"no-121-r-may-kiem-tra-do-gion-co-may-lam-lanh","status":"publish","type":"product","link":"https:\/\/yasudaseiki.vn\/vi\/san-pham\/no-121-r-may-kiem-tra-do-gion-co-may-lam-lanh\/","title":{"rendered":"No.121-R M\u00c1Y KI\u1ec2M TRA \u0110\u1ed8 GI\u00d2N (C\u00d3 M\u00c1Y L\u00c0M L\u1ea0NH)"},"content":{"rendered":"<h3 class=\"ttl_type_01\">Th\u00f4ng s\u1ed1 k\u1ef9 thu\u1eadt s\u1ed1 121-R<\/h3>\n<table>\n<tbody>\n<tr>\n<td colspan=\"2\"><strong>Th\u00f4ng s\u1ed1 k\u1ef9 thu\u1eadt c\u00f3 th\u1ec3 thay \u0111\u1ed5i m\u00e0 kh\u00f4ng c\u1ea7n b\u00e1o tr\u01b0\u1edbc.<\/strong><\/td>\n<\/tr>\n<tr>\n<td><strong>Gi\u00e1 treo<\/strong><\/td>\n<td>5 Gi\u00e1 treo (1 Gi\u00e1 \u0111\u1ee1), H\u1ec7 th\u1ed1ng v\u1eadn h\u00e0nh t\u1ef1 \u0111\u1ed9ng<\/td>\n<\/tr>\n<tr>\n<td><strong>M\u1eabu<\/strong><\/td>\n<td>R6.0 \u00b1 0.4mm, L38\u00b1 0.2 mm, T2.0 \u00b1 0.2 mm (Lo\u1ea1i A)<\/td>\n<\/tr>\n<tr>\n<td><strong>C\u1ea1nh \u0111\u1eadp<\/strong><\/td>\n<td>Ph\u00eda tr\u00ean R1.6 \u00b1 0.1 mm, Kho\u1ea3ng c\u00e1ch \u0111\u1ebfn m\u00e2m c\u1eb7p 6.4 \u00b1 0,2 mm, Kho\u1ea3ng c\u00e1ch \u0111\u1ebfn \u0110i\u1ec3m \u0111\u1eadp 8,0 \u00b1 0,2 mm<\/td>\n<\/tr>\n<tr>\n<td><strong>T\u1ed1c \u0111\u1ed9 \u0111\u1eadp<\/strong><\/td>\n<td>2,0 \u00b1 0,2 m\/s<\/td>\n<\/tr>\n<tr>\n<td><strong>Ph\u1ea1m vi nhi\u1ec7t \u0111\u1ed9<\/strong><\/td>\n<td>Nhi\u1ec7t \u0111\u1ed9 ph\u00f2ng \u0111\u1ebfn -70 \u00b0C (T\u1ee7 l\u1ea1nh &#038; M\u00f4i tr\u01b0\u1eddng l\u00e0m l\u1ea1nh)<br \/>\n(T\u00f9y ch\u1ecdn: K\u1ebft h\u1ee3p v\u1edbi Nit\u01a1 l\u1ecfng -100 \u00b0C)<\/td>\n<\/tr>\n<tr>\n<td><strong>L\u01b0\u1ee3ng m\u00f4i tr\u01b0\u1eddng l\u00e0m l\u1ea1nh<\/strong><\/td>\n<td>X\u1ea5p x\u1ec9. 15 L<\/td>\n<\/tr>\n<tr>\n<td><strong>Ph\u1ee5 ki\u1ec7n<\/strong><\/td>\n<td>Thanh si\u1ebft, Tua v\u00edt m\u00f4-men xo\u1eafn, M\u00e1y c\u1eaft m\u1eabu<\/td>\n<\/tr>\n<tr>\n<td><strong>T\u00f9y ch\u1ecdn<\/strong><\/td>\n<td>Gi\u00e1 \u0111\u1ee1 quay (5 gi\u00e1 treo \u00d7 4 gi\u00e1 \u0111\u1ee1), Gi\u00e1 \u0111\u1ee1 m\u1eabu (Lo\u1ea1i B)<\/td>\n<\/tr>\n<tr>\n<td><strong>Ngu\u1ed3n \u0111i\u1ec7n<\/strong><\/td>\n<td>AC 200 V, 3 pha, 30 A, 50\/60 Hz<\/td>\n<\/tr>\n<tr>\n<td><b>K\u00edch th\u01b0\u1edbc\/Tr\u1ecdng l\u01b0\u1ee3ng (X\u1ea5p x\u1ec9)<\/b><\/td>\n<td>W970 \u00d7 D950 \u00d7 H1.900 mm\/ 450 kg<\/td>\n<\/tr>\n<\/tbody>\n<\/table>\n","protected":false},"excerpt":{"rendered":"<p>JIS C3005\u3001K6261\u3001K6723\u3001K7216\u3001ASTM D746\u3001ISO 812\u3001974<\/p>\n<ul>\n<li>M\u00e1y th\u1eed n\u00e0y \u0111\u01b0\u1ee3c s\u1eed d\u1ee5ng \u0111\u1ec3 \u0111o nhi\u1ec7t \u0111\u1ed9 gi\u00f2n va \u0111\u1eadp 50% c\u1ee7a nh\u1ef1a, cao su v\u00e0 d\u00e2y c\u00e1ch \u0111i\u1ec7n \u1edf nhi\u1ec7t \u0111\u1ed9 th\u1ea5p.<\/li>\n<li>B\u1eb1ng c\u00e1ch g\u1eafn m\u1ed9t \u0111\u1ea7u c\u1ee7a m\u1eabu th\u1eed v\u00e0o gi\u00e1 \u0111\u1ee1 v\u00e0 th\u00eam va \u0111\u1eadp v\u00e0o \u0111\u1ea7u kia, ng\u01b0\u1eddi v\u1eadn h\u00e0nh ph\u1ea3i ki\u1ec3m tra xem m\u1eabu th\u1eed c\u00f3 b\u1ecb \u0111\u1ee9t kh\u00f4ng.<\/li>\n<\/ul>\n","protected":false},"featured_media":4481,"comment_status":"open","ping_status":"closed","template":"","meta":[],"product_cat":[202,335,221,317],"product_tag":[],"class_list":{"0":"post-6009","1":"product","2":"type-product","3":"status-publish","4":"has-post-thumbnail","6":"product_cat-day-dien","7":"product_cat-may-kiem-tra-danh-gia-kha-nang-chiu-lanh","8":"product_cat-may-kiem-tra-do-gion-va-tinh-chat-nhiet-do-thap","9":"product_cat-nhua-cao-su","11":"first","12":"instock","13":"shipping-taxable","14":"product-type-simple"},"_links":{"self":[{"href":"https:\/\/yasudaseiki.vn\/vi\/wp-json\/wp\/v2\/product\/6009","targetHints":{"allow":["GET"]}}],"collection":[{"href":"https:\/\/yasudaseiki.vn\/vi\/wp-json\/wp\/v2\/product"}],"about":[{"href":"https:\/\/yasudaseiki.vn\/vi\/wp-json\/wp\/v2\/types\/product"}],"replies":[{"embeddable":true,"href":"https:\/\/yasudaseiki.vn\/vi\/wp-json\/wp\/v2\/comments?post=6009"}],"wp:featuredmedia":[{"embeddable":true,"href":"https:\/\/yasudaseiki.vn\/vi\/wp-json\/wp\/v2\/media\/4481"}],"wp:attachment":[{"href":"https:\/\/yasudaseiki.vn\/vi\/wp-json\/wp\/v2\/media?parent=6009"}],"wp:term":[{"taxonomy":"product_cat","embeddable":true,"href":"https:\/\/yasudaseiki.vn\/vi\/wp-json\/wp\/v2\/product_cat?post=6009"},{"taxonomy":"product_tag","embeddable":true,"href":"https:\/\/yasudaseiki.vn\/vi\/wp-json\/wp\/v2\/product_tag?post=6009"}],"curies":[{"name":"wp","href":"https:\/\/api.w.org\/{rel}","templated":true}]}}