{"id":5947,"date":"2024-08-11T17:49:05","date_gmt":"2024-08-11T10:49:05","guid":{"rendered":"https:\/\/yasudaseiki.vn\/?post_type=product&#038;p=5947"},"modified":"2024-08-11T17:49:06","modified_gmt":"2024-08-11T10:49:06","slug":"no-258-utl-may-kiem-tra-va-dap-co-nhiet-do-cuc-thap-may-lam-lanh","status":"publish","type":"product","link":"https:\/\/yasudaseiki.vn\/vi\/san-pham\/no-258-utl-may-kiem-tra-va-dap-co-nhiet-do-cuc-thap-may-lam-lanh\/","title":{"rendered":"No.258-UTL M\u00c1Y KI\u1ec2M TRA VA \u0110\u1ea0P (C\u00d3 NHI\u1ec6T \u0110\u1ed8 C\u1ef0C TH\u1ea4P. M\u00c1Y L\u00c0M L\u1ea0NH)"},"content":{"rendered":"<h3 class=\"ttl_type_01\">Th\u00f4ng s\u1ed1 k\u1ef9 thu\u1eadt<\/h3>\n<table>\n<tbody>\n<tr>\n<td colspan=\"2\"><strong>Th\u00f4ng s\u1ed1 k\u1ef9 thu\u1eadt c\u00f3 th\u1ec3 thay \u0111\u1ed5i m\u00e0 kh\u00f4ng c\u1ea7n b\u00e1o tr\u01b0\u1edbc.<\/strong><\/td>\n<\/tr>\n<tr>\n<td><strong>Ph\u1ea1m vi nhi\u1ec7t \u0111\u1ed9<\/strong><\/td>\n<td>-50 \u00b0C \u0111\u1ebfn 60 \u00b0C (T\u1ee7 l\u1ea1nh)<\/td>\n<\/tr>\n<tr>\n<td><strong>Thi\u1ebft b\u1ecb an to\u00e0n<\/strong><\/td>\n<td>C\u1ea3m bi\u1ebfn c\u00e0i \u0111\u1eb7t b\u00faa (H\u1ec7 th\u1ed1ng li\u00ean \u0111\u1ed9ng tr\u00ean c\u1eeda tr\u00ean), N\u1eafp an to\u00e0n b\u1eb1ng acrylic<\/td>\n<\/tr>\n<tr>\n<td><strong>Th\u00f4ng s\u1ed1 k\u1ef9 thu\u1eadt b\u1ed5 sung<\/strong><\/td>\n<td>Tham kh\u1ea3o b\u1ea3ng b\u00ean d\u01b0\u1edbi<\/td>\n<\/tr>\n<tr>\n<td><strong>T\u00f9y ch\u1ecdn<\/strong><\/td>\n<td>Ph\u1ea7n m\u1ec1m, Thi\u1ebft b\u1ecb nh\u1ea3 b\u00faa \u0111i\u1ec7n, Thi\u1ebft b\u1ecb \u0111i\u1ec1u ch\u1ec9nh m\u00f4-men xo\u1eafn (Ch\u1ec9 d\u00e0nh cho Izod)<\/td>\n<\/tr>\n<tr>\n<td><strong>Ngu\u1ed3n \u0111i\u1ec7n<\/strong><\/td>\n<td>AC 200 V, 3 pha, 30 A, 50\/60 Hz<\/td>\n<\/tr>\n<tr>\n<td><strong>K\u00edch th\u01b0\u1edbc\/Tr\u1ecdng l\u01b0\u1ee3ng (X\u1ea5p x\u1ec9.<\/strong><\/td>\n<td>W1.670 \u00d7 D1.480 \u00d7 H2.130 mm, 710 kg<\/td>\n<\/tr>\n<\/tbody>\n<\/table>\n<p>&nbsp;<\/p>\n<table>\n<tbody>\n<tr>\n<td colspan=\"3\"><strong>Th\u00f4ng s\u1ed1 k\u1ef9 thu\u1eadt c\u00f3 th\u1ec3 thay \u0111\u1ed5i m\u00e0 kh\u00f4ng c\u1ea7n b\u00e1o tr\u01b0\u1edbc.<\/strong><\/td>\n<\/tr>\n<tr>\n<td><strong>Ph\u01b0\u01a1ng ph\u00e1p th\u1eed<\/strong><\/td>\n<td><strong>Charpy Impact M\u00e1y ki\u1ec3m tra<\/strong><\/td>\n<td><strong>M\u00e1y ki\u1ec3m tra va \u0111\u1eadp Izod<\/strong><\/td>\n<\/tr>\n<tr>\n<td><strong>Ti\u00eau chu\u1ea9n tham chi\u1ebfu<\/strong><\/td>\n<td>JIS K7111, ISO 179, ASTM D6110<\/td>\n<td>JIS K7110, ISO 180, ASTM D256<\/td>\n<\/tr>\n<tr>\n<td><strong>S\u1ee9c ch\u1ee9a<\/strong><\/td>\n<td>0,5, 1, 2, 4, 5, 7,5, 15, 25 J<\/td>\n<td>1, 2,75, 5, 11, 22 J<\/td>\n<\/tr>\n<tr>\n<td><strong>N\u00e2ng l\u00ean g\u00f3c<\/strong><\/td>\n<td>150\u00b0<\/td>\n<td>150\u00b0<\/td>\n<\/tr>\n<tr>\n<td><strong>T\u1ed1c \u0111\u1ed9 va ch\u1ea1m (m\/s)*<\/strong><\/td>\n<td>2,9, 3,8 (3,46)<\/td>\n<td>3,5 (3,46)<\/td>\n<\/tr>\n<tr>\n<td><strong>G\u00f3c c\u1ea1nh \u0111\u1eadp*<\/strong><\/td>\n<td>30 \u00b1 1\u00b0 (45 \u00b1 2\u00b0)<\/td>\n<td>75\u00b0 (-)<\/td>\n<\/tr>\n<tr>\n<td><strong>B\u00e1n k\u00ednh c\u1ea1nh \u0111\u1eadp (mm)*<\/strong><\/td>\n<td>R2 \u00b1 0,5 (R3,17 \u00b1 0,12)<\/td>\n<td>R0,8 (R0,79 \u00b1 0,12)<\/td>\n<\/tr>\n<tr>\n<td><strong>Kho\u1ea3ng c\u00e1ch t\u1eeb \u0111e \u0111\u1ebfn m\u00e9p (mm)*<\/strong><\/td>\n<td>\u2013<\/td>\n<td>22 \u00b1 0,2 (22 \u00b1 0,05)<\/td>\n<\/tr>\n<tr>\n<td><strong>Chi\u1ec1u d\u00e0i gi\u00e1 \u0111\u1ee1 (mm)*<\/strong><\/td>\n<td>62 + 0,5 (101,6 \u00b1 0,5)<\/td>\n<td>\u2013<\/td>\n<\/tr>\n<tr>\n<td><strong>Ph\u1ee5 ki\u1ec7n<\/strong><\/td>\n<td>\u0110\u1ed3ng h\u1ed3 \u0111o c\u00e0i \u0111\u1eb7t m\u1eabu, \u0110\u1ed3ng h\u1ed3 \u0111o kh\u1ed1i, C\u1edd l\u00ea l\u1ef1c (ch\u1ec9 Izod)<\/td>\n<td>\u0110\u1ed3ng h\u1ed3 \u0111o c\u00e0i \u0111\u1eb7t m\u1eabu, \u0110\u1ed3ng h\u1ed3 \u0111o kh\u1ed1i, C\u1edd l\u00ea l\u1ef1c (Ch\u1ec9 Izod)<\/td>\n<\/tr>\n<\/tbody>\n<\/table>\n<p>*Gi\u00e1 tr\u1ecb ti\u00eau chu\u1ea9n JIS\/ISO (Gi\u00e1 tr\u1ecb ti\u00eau chu\u1ea9n ASTM)<\/p>\n","protected":false},"excerpt":{"rendered":"<p>JIS K7110\u3001K7111\u3001ASTM D256\u3001D6110\u3001ISO 179\u3001180<\/p>\n<ul>\n<li>V\u1edbi c\u00f9ng ch\u1ee9c n\u0103ng, kh\u1ea3 n\u0103ng t\u01b0\u01a1ng th\u00edch ph\u01b0\u01a1ng ph\u00e1p th\u1eed nghi\u1ec7m v\u00e0 c\u00e1c t\u00f9y ch\u1ecdn c\u1ee7a No.258-L, No.248-UTL c\u00f3 th\u1ec3 h\u1ea1 nhi\u1ec7t \u0111\u1ed9 bu\u1ed3ng xu\u1ed1ng nhi\u1ec7t \u0111\u1ed9 c\u1ef1c th\u1ea5p, th\u1ea5p t\u1edbi -50\u2103.<\/li>\n<\/ul>\n","protected":false},"featured_media":4171,"comment_status":"open","ping_status":"closed","template":"","meta":[],"product_cat":[92],"product_tag":[],"class_list":{"0":"post-5947","1":"product","2":"type-product","3":"status-publish","4":"has-post-thumbnail","6":"product_cat-product","8":"first","9":"instock","10":"shipping-taxable","11":"product-type-simple"},"_links":{"self":[{"href":"https:\/\/yasudaseiki.vn\/vi\/wp-json\/wp\/v2\/product\/5947","targetHints":{"allow":["GET"]}}],"collection":[{"href":"https:\/\/yasudaseiki.vn\/vi\/wp-json\/wp\/v2\/product"}],"about":[{"href":"https:\/\/yasudaseiki.vn\/vi\/wp-json\/wp\/v2\/types\/product"}],"replies":[{"embeddable":true,"href":"https:\/\/yasudaseiki.vn\/vi\/wp-json\/wp\/v2\/comments?post=5947"}],"wp:featuredmedia":[{"embeddable":true,"href":"https:\/\/yasudaseiki.vn\/vi\/wp-json\/wp\/v2\/media\/4171"}],"wp:attachment":[{"href":"https:\/\/yasudaseiki.vn\/vi\/wp-json\/wp\/v2\/media?parent=5947"}],"wp:term":[{"taxonomy":"product_cat","embeddable":true,"href":"https:\/\/yasudaseiki.vn\/vi\/wp-json\/wp\/v2\/product_cat?post=5947"},{"taxonomy":"product_tag","embeddable":true,"href":"https:\/\/yasudaseiki.vn\/vi\/wp-json\/wp\/v2\/product_tag?post=5947"}],"curies":[{"name":"wp","href":"https:\/\/api.w.org\/{rel}","templated":true}]}}