{"id":5944,"date":"2024-08-11T17:47:23","date_gmt":"2024-08-11T10:47:23","guid":{"rendered":"https:\/\/yasudaseiki.vn\/?post_type=product&#038;p=5944"},"modified":"2024-08-11T17:47:27","modified_gmt":"2024-08-11T10:47:27","slug":"no-101-h-may-kiem-tra-do-mai-mon-loai-taber","status":"publish","type":"product","link":"https:\/\/yasudaseiki.vn\/vi\/san-pham\/no-101-h-may-kiem-tra-do-mai-mon-loai-taber\/","title":{"rendered":"No.101-H M\u00c1Y KI\u1ec2M TRA \u0110\u1ed8 M\u00c0I M\u00d2N LO\u1ea0I TABER"},"content":{"rendered":"<h3 class=\"ttl_type_01\">Th\u00f4ng s\u1ed1 k\u1ef9 thu\u1eadt<\/h3>\n<h4>Th\u00e2n m\u00e1y ch\u00ednh<\/h4>\n<table>\n<tbody>\n<tr>\n<td colspan=\"2\"><strong>Th\u00f4ng s\u1ed1 k\u1ef9 thu\u1eadt c\u00f3 th\u1ec3 thay \u0111\u1ed5i m\u00e0 kh\u00f4ng c\u1ea7n b\u00e1o tr\u01b0\u1edbc.<\/strong><\/td>\n<\/tr>\n<tr>\n<td><strong>M\u1eabu<\/strong><\/td>\n<td><b>M\u00c1Y KI\u1ec2M TRA \u0110\u1ed8 M\u00c0I M\u00d2N TABER S\u1ed0 101-H<\/b><\/td>\n<\/tr>\n<tr>\n<td><strong>B\u00e0n xoay<\/strong><\/td>\n<td>\u03c6150 mm<\/td>\n<\/tr>\n<tr>\n<td><strong>T\u1ed1c \u0111\u1ed9 quay c\u1ee7a b\u00e0n<\/strong><\/td>\n<td>60 \u00b1 2 v\u00f2ng\/ph\u00fat\u300170 \u00b1 2 v\u00f2ng\/ph\u00fat<\/td>\n<\/tr>\n<tr>\n<td><strong>Tr\u1ecdng l\u01b0\u1ee3ng T\u1ea3i tr\u1ecdng<\/strong><\/td>\n<td>2,45 N (250 gf)\u30014,9 N (500 gf)\u30019,8 N (1.000 gf)<\/td>\n<\/tr>\n<tr>\n<td><strong>B\u1ed9 \u0111\u1ebfm<\/strong><\/td>\n<td>B\u1ed9 \u0111\u1ebfm c\u00e0i \u0111\u1eb7t s\u1eb5n 6 ch\u1eef s\u1ed1<\/td>\n<\/tr>\n<tr>\n<td><strong>V\u00f2i h\u00fat<\/strong><\/td>\n<td>Ph\u00eda trong \u03c68 mm: 2 chi\u1ebfc<\/td>\n<\/tr>\n<tr>\n<td><strong>T\u00f9y ch\u1ecdn<\/strong><\/td>\n<td>\u0110\u1ed3ng h\u1ed3 \u0111o \u00e1p su\u1ea5t \u0111\u1ea7u v\u00e0o, N\u1eafp an to\u00e0n<\/td>\n<\/tr>\n<tr>\n<td><strong>Ph\u1ee5 ki\u1ec7n<\/strong><\/td>\n<td>B\u00e1nh m\u00e0i m\u00f2n: 1 b\u1ed9 (2 b\u1ed9 cho s\u1ed1 101-H-2), \u0110\u1ed9 d\u00e0y Guage: 2 c\u00e1i,<br \/>\nThi\u1ebft b\u1ecb h\u00fat (M\u00e1y h\u00fat b\u1ee5i): 1 b\u1ed9 (2 b\u1ed9 cho s\u1ed1 101-H-2)<\/td>\n<\/tr>\n<tr>\n<td><strong>Ngu\u1ed3n \u0111i\u1ec7n<\/strong><\/td>\n<td>1 Gi\u00e1 treo (S\u1ed1 101-H-1):<br \/>\nAC 100 V, 1 pha, 15 A, 50\/60 Hz<br \/>\n2 Gi\u00e1 treo (S\u1ed1 101-H-2):<br \/>\nAC 100 V, 1 pha, 15 A, 50\/60 Hz<br \/>\n*Y\u00eau c\u1ea7u 2 \u1ed5 c\u1eafm<\/td>\n<\/tr>\n<tr>\n<td><strong>K\u00edch th\u01b0\u1edbc\/Tr\u1ecdng l\u01b0\u1ee3ng (X\u1ea5p x\u1ec9)<\/strong><\/td>\n<td>1 Gi\u00e1 treo (S\u1ed1 101-H-1):<br \/>\nX\u1ea5p x\u1ec9 W370 \u00d7 D390 \u00d7 H450 mm\/ 24 kg<br \/>\n2 Gi\u00e1 treo (S\u1ed1 101-H-2):<br \/>\nX\u1ea5p x\u1ec9 W740 \u00d7 D390 \u00d7 H450 mm\/ 50 kg<\/td>\n<\/tr>\n<\/tbody>\n<\/table>\n","protected":false},"excerpt":{"rendered":"<p>JIS A1453\u3001\uff08K5400\uff09\u3001K5600-5-8\/9\u3001K5665\u3001K6264-2\u3001K6404-4\u3001K6902\u3001K7204\u3001\uff08L1018\uff09\u3001L1085\u3001L1096\u3001ASTM D1044\u3001TAPPI-T476\u3001JAS\u3001\uff08JASO-M403\uff09\u3001ISO 4649\u30015470-1\u30017784-1\/2\u30019352<\/p>\n<ul>\n<li>M\u00e1y th\u1eed n\u00e0y \u0111\u01b0\u1ee3c s\u1eed d\u1ee5ng \u0111\u1ec3 \u0111\u00e1nh gi\u00e1 \u0111\u1ed9 b\u1ec1n m\u00e0i m\u00f2n c\u1ee7a v\u1eadt li\u1ec7u b\u1ec1 m\u1eb7t ph\u1eb3ng khi ch\u00fang b\u1ecb m\u00e0i m\u00f2n b\u1eb1ng b\u00e1nh m\u00e0i.<\/li>\n<li>Ng\u01b0\u1eddi v\u1eadn h\u00e0nh ph\u1ea3i \u0111\u1eb7t b\u00e1nh m\u00e0i v\u00e0o v\u1ecb tr\u00ed quay m\u1eabu th\u1eed \u1edf t\u1ea3i tr\u1ecdng quy \u0111\u1ecbnh v\u00e0 m\u00e0i m\u00f2n m\u1eabu th\u1eed.<\/li>\n<li>Sau khi th\u1eed nghi\u1ec7m ho\u00e0n t\u1ea5t, ng\u01b0\u1eddi v\u1eadn h\u00e0nh ph\u1ea3i \u0111o kh\u1ed1i l\u01b0\u1ee3ng, th\u1ec3 t\u00edch, \u0111\u1ed9 d\u00e0y \u0111\u00e3 m\u00e0i m\u00f2n v\u00e0 s\u1ef1 kh\u00e1c bi\u1ec7t quang h\u1ecdc c\u1ee7a m\u1eabu th\u1eed.<\/li>\n<li>M\u00e1y th\u1eed n\u00e0y \u0111\u01b0\u1ee3c s\u1eed d\u1ee5ng r\u1ed9ng r\u00e3i trong th\u1eed nghi\u1ec7m b\u1ec1 m\u1eb7t nh\u1ef1a, cao su, t\u1ea5m trang tr\u00ed, da, gi\u1ea5y v\u00e0 s\u01a1n.<\/li>\n<\/ul>\n","protected":false},"featured_media":4627,"comment_status":"open","ping_status":"closed","template":"","meta":[],"product_cat":[92],"product_tag":[],"class_list":{"0":"post-5944","1":"product","2":"type-product","3":"status-publish","4":"has-post-thumbnail","6":"product_cat-product","8":"first","9":"instock","10":"shipping-taxable","11":"product-type-simple"},"_links":{"self":[{"href":"https:\/\/yasudaseiki.vn\/vi\/wp-json\/wp\/v2\/product\/5944","targetHints":{"allow":["GET"]}}],"collection":[{"href":"https:\/\/yasudaseiki.vn\/vi\/wp-json\/wp\/v2\/product"}],"about":[{"href":"https:\/\/yasudaseiki.vn\/vi\/wp-json\/wp\/v2\/types\/product"}],"replies":[{"embeddable":true,"href":"https:\/\/yasudaseiki.vn\/vi\/wp-json\/wp\/v2\/comments?post=5944"}],"wp:featuredmedia":[{"embeddable":true,"href":"https:\/\/yasudaseiki.vn\/vi\/wp-json\/wp\/v2\/media\/4627"}],"wp:attachment":[{"href":"https:\/\/yasudaseiki.vn\/vi\/wp-json\/wp\/v2\/media?parent=5944"}],"wp:term":[{"taxonomy":"product_cat","embeddable":true,"href":"https:\/\/yasudaseiki.vn\/vi\/wp-json\/wp\/v2\/product_cat?post=5944"},{"taxonomy":"product_tag","embeddable":true,"href":"https:\/\/yasudaseiki.vn\/vi\/wp-json\/wp\/v2\/product_tag?post=5944"}],"curies":[{"name":"wp","href":"https:\/\/api.w.org\/{rel}","templated":true}]}}