{"id":5941,"date":"2024-08-11T17:45:29","date_gmt":"2024-08-11T10:45:29","guid":{"rendered":"https:\/\/yasudaseiki.vn\/?post_type=product&#038;p=5941"},"modified":"2024-08-11T17:45:32","modified_gmt":"2024-08-11T10:45:32","slug":"no-156-auto-may-kiem-tra-do-on-dinh-co-hoc-tu-dong-maron-tu-dong","status":"publish","type":"product","link":"https:\/\/yasudaseiki.vn\/vi\/san-pham\/no-156-auto-may-kiem-tra-do-on-dinh-co-hoc-tu-dong-maron-tu-dong\/","title":{"rendered":"No.156-AUTO M\u00e1y ki\u1ec3m tra \u0111\u1ed9 \u1ed5n \u0111\u1ecbnh c\u01a1 h\u1ecdc t\u1ef1 \u0111\u1ed9ng MARON (t\u1ef1 \u0111\u1ed9ng)"},"content":{"rendered":"<h3>Th\u00f4ng s\u1ed1 k\u1ef9 thu\u1eadt s\u1ed1 156-AUTO<\/h3>\n<table style=\"width: 76.5504%;\">\n<tbody>\n<tr>\n<td style=\"width: 711px;\" colspan=\"2\"><strong>Th\u00f4ng s\u1ed1 k\u1ef9 thu\u1eadt c\u00f3 th\u1ec3 thay \u0111\u1ed5i m\u00e0 kh\u00f4ng c\u1ea7n b\u00e1o tr\u01b0\u1edbc.<\/strong><\/td>\n<\/tr>\n<tr>\n<td style=\"width: 209px;\"><strong>M\u1eabu<\/strong><\/td>\n<td style=\"width: 502px;\"><b>S\u1ed1 156-T\u1ef0 \u200b\u200b\u0110\u1ed8NG\u3000MARON M\u00c1Y KI\u1ec2M TRA \u0110\u1ed8 \u1ed4N \u0110\u1ecaNH C\u01a0 H\u1eccC (T\u1ef0 \u0110\u1ed8NG)<\/b><\/td>\n<\/tr>\n<tr>\n<td style=\"width: 209px;\"><strong>M\u1eabu<\/strong><\/td>\n<td style=\"width: 502px;\">50 \u00b1 0,5 g<\/td>\n<\/tr>\n<tr>\n<td style=\"width: 209px;\"><strong>\u0110\u0129a r\u00f4to<\/strong><\/td>\n<td style=\"width: 502px;\">\u03c650 mm, T13 mm<\/td>\n<\/tr>\n<tr>\n<td style=\"width: 209px;\"><strong>T\u1ed1c \u0111\u1ed9 quay c\u1ee7a \u0111\u0129a r\u00f4to<\/strong><\/td>\n<td style=\"width: 502px;\">1.000 \u00b1 20 v\u00f2ng\/ph\u00fat<\/td>\n<\/tr>\n<tr>\n<td style=\"width: 209px;\"><strong>Ph\u01b0\u01a1ng ph\u00e1p t\u1ea3i<\/strong><\/td>\n<td style=\"width: 502px;\">Tr\u1ecdng l\u01b0\u1ee3ng ch\u1ebft<br \/>\n(T\u1ea3i tr\u1ecdng c\u01a1 gi\u1edbi)<\/td>\n<\/tr>\n<tr>\n<td style=\"width: 209px;\"><strong>\u0110o t\u1ea3i<\/strong><\/td>\n<td style=\"width: 502px;\">C\u00e2n b\u1eb1ng, T\u1ed1i \u0111a. 100 kgf (Thang \u0111o 0,05 kgf)<br \/>\n(Ti\u00eau chu\u1ea9n: 5 kgf, 10 kgf v\u00e0 15 kgf)<\/td>\n<\/tr>\n<tr>\n<td style=\"width: 209px;\"><strong>C\u1ed1c \u0111\u1ef1ng m\u1eabu<\/strong><\/td>\n<td style=\"width: 502px;\">\u0110\u01b0\u1eddng k\u00ednh trong \u03c676 mm, Cao 85 mm<\/td>\n<\/tr>\n<tr>\n<td style=\"width: 209px;\"><strong>B\u1ed9 h\u1eb9n gi\u1edd<\/strong><\/td>\n<td style=\"width: 502px;\">T\u1ed1i \u0111a. 99 gi\u1edd 59 ph\u00fat<\/td>\n<\/tr>\n<tr>\n<td style=\"width: 209px;\"><strong>Ph\u1ee5 ki\u1ec7n<\/strong><\/td>\n<td style=\"width: 502px;\">L\u1edbp l\u00f3t b\u1eb1ng polyetylen: 10 chi\u1ebfc<\/td>\n<\/tr>\n<tr>\n<td style=\"width: 209px;\"><strong>T\u00f9y ch\u1ecdn<\/strong><\/td>\n<td style=\"width: 502px;\">T\u1ea5m gia nhi\u1ec7t, N\u1eafp an to\u00e0n<\/td>\n<\/tr>\n<tr>\n<td style=\"width: 209px;\"><strong>Ngu\u1ed3n \u0111i\u1ec7n<\/strong><\/td>\n<td style=\"width: 502px;\">AC 100 V, 1 pha, 15 A, 50\/60 Hz<\/td>\n<\/tr>\n<tr>\n<td style=\"width: 209px;\"><strong>K\u00edch th\u01b0\u1edbc\/ Tr\u1ecdng l\u01b0\u1ee3ng (X\u1ea5p x\u1ec9)<\/strong><\/td>\n<td style=\"width: 502px;\">W550 \u00d7 D750 \u00d7 H1.080 mm\/ 178 kg<\/td>\n<\/tr>\n<\/tbody>\n<\/table>\n","protected":false},"excerpt":{"rendered":"<p>JIS (K6387)\u3001(K6392)\u3001(K6828)<\/p>\n<ul>\n<li>M\u00e1y th\u1eed n\u00e0y l\u00e0 phi\u00ean b\u1ea3n t\u1ef1 \u0111\u1ed9ng c\u1ee7a M\u00c1Y KI\u1ec2M TRA \u0110\u1ed8 \u1ed4N \u0110\u1ecaNH C\u01a0 H\u1eccC MARON.<\/li>\n<li>H\u1ec7 th\u1ed1ng t\u1ea3i s\u1eed d\u1ee5ng h\u1ec7 th\u1ed1ng t\u1ea3i th\u1ef1c v\u00e0 \u0111\u0129a quay s\u1ebd t\u1ef1 \u0111\u1ed9ng \u0111i xu\u1ed1ng h\u1ed9p \u0111\u1ef1ng m\u1eabu.<\/li>\n<li>Sau m\u1ed9t kho\u1ea3ng th\u1eddi gian nh\u1ea5t \u0111\u1ecbnh do ng\u01b0\u1eddi v\u1eadn h\u00e0nh c\u00e0i \u0111\u1eb7t, \u0111\u0129a quay s\u1ebd t\u1ef1 \u0111\u1ed9ng d\u1eebng l\u1ea1i.<\/li>\n<li>B\u1eb1ng c\u00e1ch s\u1eed d\u1ee5ng c\u00f4ng t\u1eafc chuy\u1ec3n \u0111\u1ed5i, c\u00f3 th\u1ec3 th\u1ef1c hi\u1ec7n t\u1ea3i th\u1ee7 c\u00f4ng b\u1eb1ng tay c\u1ea7m t\u0103ng \u00e1p.<\/li>\n<\/ul>\n","protected":false},"featured_media":4662,"comment_status":"open","ping_status":"closed","template":"","meta":[],"product_cat":[92],"product_tag":[],"class_list":{"0":"post-5941","1":"product","2":"type-product","3":"status-publish","4":"has-post-thumbnail","6":"product_cat-product","8":"first","9":"instock","10":"shipping-taxable","11":"product-type-simple"},"_links":{"self":[{"href":"https:\/\/yasudaseiki.vn\/vi\/wp-json\/wp\/v2\/product\/5941","targetHints":{"allow":["GET"]}}],"collection":[{"href":"https:\/\/yasudaseiki.vn\/vi\/wp-json\/wp\/v2\/product"}],"about":[{"href":"https:\/\/yasudaseiki.vn\/vi\/wp-json\/wp\/v2\/types\/product"}],"replies":[{"embeddable":true,"href":"https:\/\/yasudaseiki.vn\/vi\/wp-json\/wp\/v2\/comments?post=5941"}],"wp:featuredmedia":[{"embeddable":true,"href":"https:\/\/yasudaseiki.vn\/vi\/wp-json\/wp\/v2\/media\/4662"}],"wp:attachment":[{"href":"https:\/\/yasudaseiki.vn\/vi\/wp-json\/wp\/v2\/media?parent=5941"}],"wp:term":[{"taxonomy":"product_cat","embeddable":true,"href":"https:\/\/yasudaseiki.vn\/vi\/wp-json\/wp\/v2\/product_cat?post=5941"},{"taxonomy":"product_tag","embeddable":true,"href":"https:\/\/yasudaseiki.vn\/vi\/wp-json\/wp\/v2\/product_tag?post=5941"}],"curies":[{"name":"wp","href":"https:\/\/api.w.org\/{rel}","templated":true}]}}