{"id":5938,"date":"2024-08-11T17:43:33","date_gmt":"2024-08-11T10:43:33","guid":{"rendered":"https:\/\/yasudaseiki.vn\/?post_type=product&#038;p=5938"},"modified":"2024-08-11T17:43:39","modified_gmt":"2024-08-11T10:43:39","slug":"no-162-may-kiem-tra-truot","status":"publish","type":"product","link":"https:\/\/yasudaseiki.vn\/vi\/san-pham\/no-162-may-kiem-tra-truot\/","title":{"rendered":"No.162 M\u00c1Y KI\u1ec2M TRA TR\u01af\u1ee2T"},"content":{"rendered":"<h3>Th\u00f4ng s\u1ed1 k\u1ef9 thu\u1eadt<\/h3>\n<table>\n<tbody>\n<tr>\n<td colspan=\"2\"><strong>Th\u00f4ng s\u1ed1 k\u1ef9 thu\u1eadt c\u00f3 th\u1ec3 thay \u0111\u1ed5i m\u00e0 kh\u00f4ng c\u1ea7n b\u00e1o tr\u01b0\u1edbc.<\/strong><\/td>\n<\/tr>\n<tr>\n<td><strong>Xe tr\u01b0\u1ee3t<\/strong><\/td>\n<td>W60 mm, L100 mm, Kh\u1ed1i l\u01b0\u1ee3ng 1.000 g<\/td>\n<\/tr>\n<tr>\n<td><strong>Chi\u1ec1u d\u00e0i hi\u1ec7u \u1ee9ng b\u1ec1 m\u1eb7t tr\u01b0\u1ee3t<\/strong><\/td>\n<td>600 mm (\u0110\u00e3 \u0111\u00ednh k\u00e8m thang \u0111o)<br \/>\n*C\u1ea3m bi\u1ebfn ph\u00e1t hi\u1ec7n tr\u01b0\u1ee3t \u0111\u01b0\u1ee3c c\u00e0i \u0111\u1eb7t theo m\u1eb7c \u0111\u1ecbnh.<\/td>\n<\/tr>\n<tr>\n<td><strong>G\u00f3c nghi\u00eang<\/strong><\/td>\n<td>0 \u0111\u1ebfn 70\u00b0 (Thang \u0111o t\u01b0\u01a1ng t\u1ef1, \u0111\u01a1n v\u1ecb 0,2\u00b0)<\/td>\n<\/tr>\n<tr>\n<td><strong>\u0110\u1ed9 nghi\u00eang T\u1ed1c \u0111\u1ed9<\/strong><\/td>\n<td>1 \u00b0\/gi\u00e2y<\/td>\n<\/tr>\n<tr>\n<td><strong>Ngu\u1ed3n \u0111i\u1ec7n<\/strong><\/td>\n<td>AC 100 V, 1 pha, 3 A, 50\/60 Hz<\/td>\n<\/tr>\n<tr>\n<td><strong>K\u00edch th\u01b0\u1edbc\/Tr\u1ecdng l\u01b0\u1ee3ng (X\u1ea5p x\u1ec9)<\/strong><\/td>\n<td>W750 \u00d7 D350 \u00d7 H425 mm, 29 kg<\/td>\n<\/tr>\n<\/tbody>\n<\/table>\n","protected":false},"excerpt":{"rendered":"<p>JIS P8147<\/p>\n<ul>\n<li>M\u00e1y th\u1eed n\u00e0y \u0111\u01b0\u1ee3c s\u1eed d\u1ee5ng \u0111\u1ec3 \u0111o h\u1ec7 s\u1ed1 ma s\u00e1t c\u1ee7a m\u00e0ng nh\u1ef1a v\u00e0 gi\u1ea5y theo ph\u01b0\u01a1ng ph\u00e1p nghi\u00eang.<\/li>\n<li>B\u1eb1ng c\u00e1ch nghi\u00eang t\u1ea5m nghi\u00eang \u1edf t\u1ed1c \u0111\u1ed9 kh\u00f4ng \u0111\u1ed5i, h\u1ec7 s\u1ed1 ma s\u00e1t t\u0129nh c\u00f3 th\u1ec3 \u0111\u01b0\u1ee3c \u0111o t\u1ea1i ti\u1ebfp tuy\u1ebfn m\u00e0 m\u1eabu th\u1eed b\u1eaft \u0111\u1ea7u tr\u01b0\u1ee3t.<\/li>\n<\/ul>\n","protected":false},"featured_media":4680,"comment_status":"open","ping_status":"closed","template":"","meta":[],"product_cat":[92],"product_tag":[],"class_list":{"0":"post-5938","1":"product","2":"type-product","3":"status-publish","4":"has-post-thumbnail","6":"product_cat-product","8":"first","9":"instock","10":"shipping-taxable","11":"product-type-simple"},"_links":{"self":[{"href":"https:\/\/yasudaseiki.vn\/vi\/wp-json\/wp\/v2\/product\/5938","targetHints":{"allow":["GET"]}}],"collection":[{"href":"https:\/\/yasudaseiki.vn\/vi\/wp-json\/wp\/v2\/product"}],"about":[{"href":"https:\/\/yasudaseiki.vn\/vi\/wp-json\/wp\/v2\/types\/product"}],"replies":[{"embeddable":true,"href":"https:\/\/yasudaseiki.vn\/vi\/wp-json\/wp\/v2\/comments?post=5938"}],"wp:featuredmedia":[{"embeddable":true,"href":"https:\/\/yasudaseiki.vn\/vi\/wp-json\/wp\/v2\/media\/4680"}],"wp:attachment":[{"href":"https:\/\/yasudaseiki.vn\/vi\/wp-json\/wp\/v2\/media?parent=5938"}],"wp:term":[{"taxonomy":"product_cat","embeddable":true,"href":"https:\/\/yasudaseiki.vn\/vi\/wp-json\/wp\/v2\/product_cat?post=5938"},{"taxonomy":"product_tag","embeddable":true,"href":"https:\/\/yasudaseiki.vn\/vi\/wp-json\/wp\/v2\/product_tag?post=5938"}],"curies":[{"name":"wp","href":"https:\/\/api.w.org\/{rel}","templated":true}]}}