{"id":5935,"date":"2024-08-11T17:42:01","date_gmt":"2024-08-11T10:42:01","guid":{"rendered":"https:\/\/yasudaseiki.vn\/?post_type=product&#038;p=5935"},"modified":"2024-08-11T17:42:02","modified_gmt":"2024-08-11T10:42:02","slug":"no-162-fs-may-kiem-tra-truot-phuong-phap-ngang","status":"publish","type":"product","link":"https:\/\/yasudaseiki.vn\/vi\/san-pham\/no-162-fs-may-kiem-tra-truot-phuong-phap-ngang\/","title":{"rendered":"No.162-FS M\u00c1Y KI\u1ec2M TRA TR\u01af\u1ee2T (PH\u01af\u01a0NG PH\u00c1P NGANG)"},"content":{"rendered":"<h3>Th\u00f4ng s\u1ed1 k\u1ef9 thu\u1eadt<\/h3>\n<table>\n<tbody>\n<tr>\n<td colspan=\"3\"><strong>Th\u00f4ng s\u1ed1 k\u1ef9 thu\u1eadt c\u00f3 th\u1ec3 thay \u0111\u1ed5i m\u00e0 kh\u00f4ng c\u1ea7n b\u00e1o tr\u01b0\u1edbc.<\/strong><\/td>\n<\/tr>\n<tr>\n<td><strong>Ph\u01b0\u01a1ng ph\u00e1p th\u1eed<\/strong><\/td>\n<td>Gi\u1ea5y v\u00e0 b\u00eca c\u1ee9ng<\/td>\n<td>M\u00e0ng nh\u1ef1a<\/td>\n<\/tr>\n<tr>\n<td><strong>\u0110\u1ea7u m\u00e0i<\/strong><\/td>\n<td>R60 mm, D100 mm, Kh\u1ed1i l\u01b0\u1ee3ng 1.000 g<\/td>\n<td>63 \u00d7 63 mm (B\u1ec1 m\u1eb7t m\u00e0i 40 cm2)<br \/>\nKh\u1ed1i l\u01b0\u1ee3ng 200 \u00b1 2 g (1,96 \u00b1 0,02 N)<\/td>\n<\/tr>\n<tr>\n<td><strong>Ph\u1eb3ng B\u1ea3ng<\/strong><\/td>\n<td>W200 mm, L380 mm<\/td>\n<td>W200 mm, L380 mm<\/td>\n<\/tr>\n<tr>\n<td><strong>M\u1eabu<\/strong><\/td>\n<td>B\u1ec1 m\u1eb7t: W100 mm, L250 mm<br \/>\nThanh tr\u01b0\u1ee3t: W60 mm, L120 mm<\/td>\n<td>W80 mm, L200 mm, T0,5 mm ho\u1eb7c nh\u1ecf h\u01a1n<\/td>\n<\/tr>\n<tr>\n<td><strong>\u0110o ma s\u00e1t<\/strong><\/td>\n<td>C\u1ea3m bi\u1ebfn l\u1ef1c: T\u1ed1i \u0111a. 10 N, 20 N, 50 N<\/td>\n<td>C\u1ea3m bi\u1ebfn l\u1ef1c: T\u1ed1i \u0111a. 10 N, 20 N, 50 N<\/td>\n<\/tr>\n<tr>\n<td><strong>T\u1ed1c \u0111\u1ed9<\/strong><\/td>\n<td>10,0 \u00b1 0,2 mm\/ph\u00fat<\/td>\n<td>100 \u00b1 10 mm\/ph\u00fat ho\u1eb7c 500 \u00b1 10 mm\/ph\u00fat<\/td>\n<\/tr>\n<tr>\n<td><strong>Ph\u1ee5 ki\u1ec7n<\/strong><\/td>\n<td>\u2015<\/td>\n<td>T\u1ea5m ph\u1ee5 ki\u1ec7n (Kh\u1ed1i l\u01b0\u1ee3ng nh\u1ecf h\u01a1n 5 g)<\/td>\n<\/tr>\n<tr>\n<td><strong>T\u00f9y ch\u1ecdn<\/strong><\/td>\n<td>Th\u00f4ng s\u1ed1 k\u1ef9 thu\u1eadt t\u1ed1c \u0111\u1ed9 thay \u0111\u1ed5i, Ph\u1ea7n m\u1ec1m, M\u00e1y ghi, Th\u00f4ng s\u1ed1 k\u1ef9 thu\u1eadt t\u1ea5m gia nhi\u1ec7t.<\/td>\n<td>Th\u00f4ng s\u1ed1 k\u1ef9 thu\u1eadt t\u1ed1c \u0111\u1ed9 thay \u0111\u1ed5i, Ph\u1ea7n m\u1ec1m, M\u00e1y ghi, Th\u00f4ng s\u1ed1 k\u1ef9 thu\u1eadt t\u1ea5m gia nhi\u1ec7t.<\/td>\n<\/tr>\n<tr>\n<td><strong>C\u00f4ng su\u1ea5t Ngu\u1ed3n<\/strong><\/td>\n<td>AC 100 V, 1 Pha, 5 A, 50\/60 Hz<\/td>\n<td>AC 100 V, 1 Pha, 5 A, 50\/60 Hz<\/td>\n<\/tr>\n<tr>\n<td><strong>K\u00edch th\u01b0\u1edbc\/Tr\u1ecdng l\u01b0\u1ee3ng (X\u1ea5p x\u1ec9)<\/strong><\/td>\n<td>W600 \u00d7 D375 \u00d7 H415 mm, 35 kg<\/td>\n<td>W600 \u00d7 D375 \u00d7 H415 mm, 35 kg<\/td>\n<\/tr>\n<\/tbody>\n<\/table>\n","protected":false},"excerpt":{"rendered":"<p>JIS K7125\u3001P8147\u3001ASTM D3247\u3001ISO 8295\u3001TAPPI-T816<\/p>\n<ul>\n<li>M\u00e1y th\u1eed n\u00e0y \u0111\u01b0\u1ee3c s\u1eed d\u1ee5ng \u0111\u1ec3 \u0111o h\u1ec7 s\u1ed1 ma s\u00e1t c\u1ee7a m\u00e0ng nh\u1ef1a v\u00e0 gi\u1ea5y theo ph\u01b0\u01a1ng ph\u00e1p n\u1eb1m ngang.<\/li>\n<li>Ng\u01b0\u1eddi v\u1eadn h\u00e0nh ph\u1ea3i g\u1eafn m\u1eabu th\u1eed v\u00e0o b\u1ec1 m\u1eb7t tr\u01b0\u1ee3t v\u00e0 xe tr\u01b0\u1ee3t, sau \u0111\u00f3 k\u00e9o xe tr\u01b0\u1ee3t b\u1eb1ng d\u00e2y kim lo\u1ea1i \u0111\u01b0\u1ee3c k\u1ebft n\u1ed1i v\u1edbi c\u1ea3m bi\u1ebfn l\u1ef1c \u0111\u1ec3 thu \u0111\u01b0\u1ee3c h\u1ec7 s\u1ed1 ma s\u00e1t t\u0129nh v\u00e0 h\u1ec7 s\u1ed1 ma s\u00e1t \u0111\u1ed9ng.<\/li>\n<\/ul>\n","protected":false},"featured_media":4684,"comment_status":"open","ping_status":"closed","template":"","meta":[],"product_cat":[92],"product_tag":[],"class_list":{"0":"post-5935","1":"product","2":"type-product","3":"status-publish","4":"has-post-thumbnail","6":"product_cat-product","8":"first","9":"instock","10":"shipping-taxable","11":"product-type-simple"},"_links":{"self":[{"href":"https:\/\/yasudaseiki.vn\/vi\/wp-json\/wp\/v2\/product\/5935","targetHints":{"allow":["GET"]}}],"collection":[{"href":"https:\/\/yasudaseiki.vn\/vi\/wp-json\/wp\/v2\/product"}],"about":[{"href":"https:\/\/yasudaseiki.vn\/vi\/wp-json\/wp\/v2\/types\/product"}],"replies":[{"embeddable":true,"href":"https:\/\/yasudaseiki.vn\/vi\/wp-json\/wp\/v2\/comments?post=5935"}],"wp:featuredmedia":[{"embeddable":true,"href":"https:\/\/yasudaseiki.vn\/vi\/wp-json\/wp\/v2\/media\/4684"}],"wp:attachment":[{"href":"https:\/\/yasudaseiki.vn\/vi\/wp-json\/wp\/v2\/media?parent=5935"}],"wp:term":[{"taxonomy":"product_cat","embeddable":true,"href":"https:\/\/yasudaseiki.vn\/vi\/wp-json\/wp\/v2\/product_cat?post=5935"},{"taxonomy":"product_tag","embeddable":true,"href":"https:\/\/yasudaseiki.vn\/vi\/wp-json\/wp\/v2\/product_tag?post=5935"}],"curies":[{"name":"wp","href":"https:\/\/api.w.org\/{rel}","templated":true}]}}