{"id":5932,"date":"2024-08-11T17:40:05","date_gmt":"2024-08-11T10:40:05","guid":{"rendered":"https:\/\/yasudaseiki.vn\/?post_type=product&#038;p=5932"},"modified":"2024-08-11T17:40:06","modified_gmt":"2024-08-11T10:40:06","slug":"no-162-oy-o-y-may-kiem-tra-luc-tron-keo","status":"publish","type":"product","link":"https:\/\/yasudaseiki.vn\/vi\/san-pham\/no-162-oy-o-y-may-kiem-tra-luc-tron-keo\/","title":{"rendered":"No.162-OY O-Y M\u00c1Y KI\u1ec2M TRA L\u1ef0C TR\u01a0N K\u00c9O"},"content":{"rendered":"<h3 class=\"ttl_type_01\">Th\u00f4ng s\u1ed1 k\u1ef9 thu\u1eadt<\/h3>\n<table>\n<tbody>\n<tr>\n<td colspan=\"2\"><strong>Th\u00f4ng s\u1ed1 k\u1ef9 thu\u1eadt c\u00f3 th\u1ec3 thay \u0111\u1ed5i m\u00e0 kh\u00f4ng c\u1ea7n b\u00e1o tr\u01b0\u1edbc.<\/strong><\/td>\n<\/tr>\n<tr>\n<td><strong>M\u1eabu<\/strong><\/td>\n<td>100 \u00d7 120 mm (G\u1ea1ch men: 90 \u00d7 135 mm)<\/td>\n<\/tr>\n<tr>\n<td><strong>Xe tr\u01b0\u1ee3t<\/strong><\/td>\n<td>80 \u00d7 70 mm<\/td>\n<\/tr>\n<tr>\n<td><strong>T\u1ea3i tr\u1ecdng th\u1eb3ng \u0111\u1ee9ng<\/strong><\/td>\n<td>Ban \u0111\u1ea7u 294 N (30 kgf) \u0111\u1ebfn T\u1ed1i \u0111a. 785 N (80 kgf) (Ti\u00eau chu\u1ea9n: 785 N)<\/td>\n<\/tr>\n<tr>\n<td><strong>G\u00f3c c\u0103ng<\/strong><\/td>\n<td>18\u00b0<\/td>\n<\/tr>\n<tr>\n<td><strong>\u0110o t\u1ea3i c\u0103ng<\/strong><\/td>\n<td>C\u1ea3m bi\u1ebfn l\u1ef1c, T\u1ed1i \u0111a. 5 kN (Thang \u0111o 1 N)<\/td>\n<\/tr>\n<tr>\n<td><strong>T\u1ed1c \u0111\u1ed9 t\u1ea3i k\u00e9o<\/strong><\/td>\n<td>785 N\/s<\/td>\n<\/tr>\n<tr>\n<td><strong>Ph\u1ea7n m\u1ec1m<\/strong><\/td>\n<td>T\u01b0\u01a1ng th\u00edch v\u1edbi Windows<\/td>\n<\/tr>\n<tr>\n<td><strong>T\u00f9y ch\u1ecdn<\/strong><\/td>\n<td>Gi\u00e1 \u0111\u1ee1 m\u1eabu (Lo\u1ea1i ti\u00eau chu\u1ea9n v\u00e0 lo\u1ea1i c\u00f3 c\u1ea1nh m\u0169i),<br \/>\nTh\u00f4ng s\u1ed1 k\u1ef9 thu\u1eadt g\u1ea1ch men (c\u00f3 thanh tr\u01b0\u1ee3t, b\u1ed9t th\u1eed,<br \/>\nPh\u1ea7n m\u1ec1m \u0111o C.S.R.-B)<\/td>\n<\/tr>\n<tr>\n<td><strong>Ngu\u1ed3n \u0111i\u1ec7n<\/strong><\/td>\n<td>AC 100 V, 1 pha, 10 A, 50\/60 Hz<\/td>\n<\/tr>\n<tr>\n<td><strong>K\u00edch th\u01b0\u1edbc\/Tr\u1ecdng l\u01b0\u1ee3ng (X\u1ea5p x\u1ec9)<\/strong><\/td>\n<td>Th\u00e2n m\u00e1y ki\u1ec3m tra: W1.610 \u00d7 D580 \u00d7 H1.600 mm, 428 kg<br \/>\nH\u1ed9p \u0111i\u1ec1u khi\u1ec3n: W650 \u00d7 D550 \u00d7 H240 mm, 16 kg<\/td>\n<\/tr>\n<\/tbody>\n<\/table>\n","protected":false},"excerpt":{"rendered":"<p>JIS A1454\u3001A1509-12<\/p>\n<ul>\n<li>Thi\u1ebft b\u1ecb ki\u1ec3m tra n\u00e0y \u0111\u00e1nh gi\u00e1 \u0111\u1ed9 tr\u01b0\u1ee3t c\u1ee7a v\u1eadt li\u1ec7u s\u00e0n.<\/li>\n<li>H\u1ec7 s\u1ed1 ch\u1ed1ng tr\u01b0\u1ee3t c\u00f3 th\u1ec3 \u0111\u01b0\u1ee3c \u0111o b\u1eb1ng t\u1ea3i tr\u1ecdng k\u00e9o t\u1ed1i \u0111a t\u1ea1i \u0111i\u1ec3m m\u1eabu th\u1eed v\u00e0 \u0111\u1ea7u tr\u01b0\u1ee3t ch\u1ea1m v\u00e0o nhau.<\/li>\n<li>Khi m\u1eabu th\u1eed v\u00e0 \u0111\u1ea7u tr\u01b0\u1ee3t ch\u1ea1m v\u00e0o nhau, \u0111\u1ea7u tr\u01b0\u1ee3t \u0111\u01b0\u1ee3c k\u00e9o l\u00ean 18\u00b0 v\u1edbi t\u1ed1c \u0111\u1ed9 t\u1ea3i quy \u0111\u1ecbnh \u0111\u1ec3 c\u00f3 \u0111\u01b0\u1ee3c t\u1ea3i tr\u1ecdng k\u00e9o t\u1ed1i \u0111a \u0111\u1ec3 t\u00ednh to\u00e1n h\u1ec7 s\u1ed1 ch\u1ed1ng tr\u01b0\u1ee3t (C.S.R). Ngo\u00e0i ra, \u0111\u1ed9 tr\u01b0\u1ee3t c\u1ee7a ng\u00f3i \u0111\u1ea5t s\u00e9t c\u0169ng c\u00f3 th\u1ec3 \u0111\u01b0\u1ee3c ki\u1ec3m tra.<\/li>\n<li>Ngo\u00e0i C.S.R th\u00f4ng th\u01b0\u1eddng, C.S.R-B c\u0169ng c\u00f3 th\u1ec3 \u0111\u01b0\u1ee3c t\u00ednh to\u00e1n.<\/li>\n<\/ul>\n","protected":false},"featured_media":4672,"comment_status":"open","ping_status":"closed","template":"","meta":[],"product_cat":[92],"product_tag":[],"class_list":{"0":"post-5932","1":"product","2":"type-product","3":"status-publish","4":"has-post-thumbnail","6":"product_cat-product","8":"first","9":"instock","10":"shipping-taxable","11":"product-type-simple"},"_links":{"self":[{"href":"https:\/\/yasudaseiki.vn\/vi\/wp-json\/wp\/v2\/product\/5932","targetHints":{"allow":["GET"]}}],"collection":[{"href":"https:\/\/yasudaseiki.vn\/vi\/wp-json\/wp\/v2\/product"}],"about":[{"href":"https:\/\/yasudaseiki.vn\/vi\/wp-json\/wp\/v2\/types\/product"}],"replies":[{"embeddable":true,"href":"https:\/\/yasudaseiki.vn\/vi\/wp-json\/wp\/v2\/comments?post=5932"}],"wp:featuredmedia":[{"embeddable":true,"href":"https:\/\/yasudaseiki.vn\/vi\/wp-json\/wp\/v2\/media\/4672"}],"wp:attachment":[{"href":"https:\/\/yasudaseiki.vn\/vi\/wp-json\/wp\/v2\/media?parent=5932"}],"wp:term":[{"taxonomy":"product_cat","embeddable":true,"href":"https:\/\/yasudaseiki.vn\/vi\/wp-json\/wp\/v2\/product_cat?post=5932"},{"taxonomy":"product_tag","embeddable":true,"href":"https:\/\/yasudaseiki.vn\/vi\/wp-json\/wp\/v2\/product_tag?post=5932"}],"curies":[{"name":"wp","href":"https:\/\/api.w.org\/{rel}","templated":true}]}}