{"id":5929,"date":"2024-08-11T17:37:31","date_gmt":"2024-08-11T10:37:31","guid":{"rendered":"https:\/\/yasudaseiki.vn\/?post_type=product&#038;p=5929"},"modified":"2024-08-11T17:37:31","modified_gmt":"2024-08-11T10:37:31","slug":"no-162-s5-5-may-kiem-tra-treo","status":"publish","type":"product","link":"https:\/\/yasudaseiki.vn\/vi\/san-pham\/no-162-s5-5-may-kiem-tra-treo\/","title":{"rendered":"No.162-S5 5 M\u00c1Y KI\u1ec2M TRA TREO"},"content":{"rendered":"<h3>Th\u00f4ng s\u1ed1 k\u1ef9 thu\u1eadt<\/h3>\n<table>\n<tbody>\n<tr>\n<td colspan=\"2\"><strong>Th\u00f4ng s\u1ed1 k\u1ef9 thu\u1eadt c\u00f3 th\u1ec3 thay \u0111\u1ed5i m\u00e0 kh\u00f4ng c\u1ea7n b\u00e1o tr\u01b0\u1edbc.<\/strong><\/td>\n<\/tr>\n<tr>\n<td><strong>Xe tr\u01b0\u1ee3t<\/strong><\/td>\n<td>W41 mm, L26 mm, Kh\u1ed1i l\u01b0\u1ee3ng 150 g, 5 chi\u1ebfc<\/td>\n<\/tr>\n<tr>\n<td><strong>B\u1ea3ng nghi\u00eang<\/strong><\/td>\n<td>W320 mm, L325 mm<\/td>\n<\/tr>\n<tr>\n<td><strong>G\u00f3c nghi\u00eang<\/strong><\/td>\n<td>0 \u0111\u1ebfn 70\u00b0 (Thang \u0111o 0,1\u00b0)<\/td>\n<\/tr>\n<tr>\n<td><strong>\u0110\u1ed9 nghi\u00eang T\u1ed1c \u0111\u1ed9<\/strong><\/td>\n<td>1\u00b0\/gi\u00e2y<\/td>\n<\/tr>\n<tr>\n<td><strong>T\u1ed1c \u0111\u1ed9 tr\u1ea3 v\u1ec1<\/strong><\/td>\n<td>3\u00b0\/gi\u00e2y, H\u1ec7 th\u1ed1ng tr\u1ea3 v\u1ec1 t\u1ef1 \u0111\u1ed9ng<\/td>\n<\/tr>\n<tr>\n<td><strong>Ngu\u1ed3n \u0111i\u1ec7n<\/strong><\/td>\n<td>AC 100 V, 1 pha, 10 A, 50\/60 Hz<\/td>\n<\/tr>\n<tr>\n<td><strong>K\u00edch th\u01b0\u1edbc\/Tr\u1ecdng l\u01b0\u1ee3ng (X\u1ea5p x\u1ec9)<\/strong><\/td>\n<td>W580 \u00d7 D700 \u00d7 H380 mm, 50 kg<\/td>\n<\/tr>\n<\/tbody>\n<\/table>\n","protected":false},"excerpt":{"rendered":"<p>JIS P8147\u3001ASTM D1894\u3001D3248\u3001TAPPI-(T503)\u3001(T542)\u3001T815<\/p>\n<ul>\n<li>M\u00e1y ki\u1ec3m tra n\u00e0y l\u00e0 phi\u00ean b\u1ea3n k\u1ef9 thu\u1eadt s\u1ed1 v\u00e0 treo 5 c\u1ee7a M\u00c1Y KI\u1ec2M TRA TR\u01af\u1ee2T.<\/li>\n<li>M\u00e1y ki\u1ec3m tra cho ph\u00e9p ng\u01b0\u1eddi v\u1eadn h\u00e0nh \u0111o h\u1ec7 s\u1ed1 ma s\u00e1t t\u0129nh c\u1ee7a 5 m\u1eabu th\u1eed nghi\u1ec7m cho m\u1ed7i l\u1ea7n th\u1eed nghi\u1ec7m.<\/li>\n<li>H\u1ec7 s\u1ed1 ma s\u00e1t t\u0129nh c\u00f3 th\u1ec3 \u0111\u01b0\u1ee3c hi\u1ec3n th\u1ecb tr\u00ean m\u00e0n h\u00ecnh LCD v\u00e0 c\u0169ng c\u00f3 th\u1ec3 \u0111\u01b0\u1ee3c in ra.<\/li>\n<li>H\u1ec7 th\u1ed1ng m\u00e1y t\u00ednh c\u1ee7a m\u00e1y ki\u1ec3m tra c\u0169ng s\u1ebd t\u00ednh to\u00e1n h\u1ec7 s\u1ed1 ma s\u00e1t t\u0129nh trung b\u00ecnh c\u1ee7a 5 m\u1eabu th\u1eed nghi\u1ec7m.<\/li>\n<\/ul>\n","protected":false},"featured_media":4676,"comment_status":"open","ping_status":"closed","template":"","meta":[],"product_cat":[92],"product_tag":[],"class_list":{"0":"post-5929","1":"product","2":"type-product","3":"status-publish","4":"has-post-thumbnail","6":"product_cat-product","8":"first","9":"instock","10":"shipping-taxable","11":"product-type-simple"},"_links":{"self":[{"href":"https:\/\/yasudaseiki.vn\/vi\/wp-json\/wp\/v2\/product\/5929","targetHints":{"allow":["GET"]}}],"collection":[{"href":"https:\/\/yasudaseiki.vn\/vi\/wp-json\/wp\/v2\/product"}],"about":[{"href":"https:\/\/yasudaseiki.vn\/vi\/wp-json\/wp\/v2\/types\/product"}],"replies":[{"embeddable":true,"href":"https:\/\/yasudaseiki.vn\/vi\/wp-json\/wp\/v2\/comments?post=5929"}],"wp:featuredmedia":[{"embeddable":true,"href":"https:\/\/yasudaseiki.vn\/vi\/wp-json\/wp\/v2\/media\/4676"}],"wp:attachment":[{"href":"https:\/\/yasudaseiki.vn\/vi\/wp-json\/wp\/v2\/media?parent=5929"}],"wp:term":[{"taxonomy":"product_cat","embeddable":true,"href":"https:\/\/yasudaseiki.vn\/vi\/wp-json\/wp\/v2\/product_cat?post=5929"},{"taxonomy":"product_tag","embeddable":true,"href":"https:\/\/yasudaseiki.vn\/vi\/wp-json\/wp\/v2\/product_tag?post=5929"}],"curies":[{"name":"wp","href":"https:\/\/api.w.org\/{rel}","templated":true}]}}