{"id":5926,"date":"2024-08-11T16:50:15","date_gmt":"2024-08-11T09:50:15","guid":{"rendered":"https:\/\/yasudaseiki.vn\/?post_type=product&#038;p=5926"},"modified":"2024-08-11T16:50:15","modified_gmt":"2024-08-11T09:50:15","slug":"no-270-l-may-kiem-tra-do-uon-ross-co-may-lanh","status":"publish","type":"product","link":"https:\/\/yasudaseiki.vn\/vi\/san-pham\/no-270-l-may-kiem-tra-do-uon-ross-co-may-lanh\/","title":{"rendered":"No.270-L M\u00c1Y KI\u1ec2M TRA \u0110\u1ed8 U\u1ed0N ROSS (C\u00d3 M\u00c1Y L\u1ea0NH)"},"content":{"rendered":"<h3>Th\u00f4ng s\u1ed1 k\u1ef9 thu\u1eadt<\/h3>\n<table>\n<tbody>\n<tr>\n<td colspan=\"2\"><strong>Th\u00f4ng s\u1ed1 k\u1ef9 thu\u1eadt c\u00f3 th\u1ec3 thay \u0111\u1ed5i m\u00e0 kh\u00f4ng c\u1ea7n th\u00f4ng b\u00e1o tr\u01b0\u1edbc.<\/strong><\/td>\n<\/tr>\n<tr>\n<td><strong>M\u1eabu<\/strong><\/td>\n<td><b>S\u1ed1 270-L\u3000M\u00e1y ki\u1ec3m tra \u0111\u1ed9 u\u1ed1n cong ROSS<br \/>\n(C\u00d3 M\u00c1Y L\u00c0M L\u1ea0NH)<\/b><\/td>\n<\/tr>\n<tr>\n<td><strong>Treo<\/strong><\/td>\n<td>12 Treo (R25 mm) ho\u1eb7c<br \/>\n4 Treo (R100 mm) (2 lo\u1ea1i)<\/td>\n<\/tr>\n<tr>\n<td><strong>M\u1eabu<\/strong><\/td>\n<td>R25 \u00b11 mm, D153 mm, T6.35 \u00b1 0.03 mm (Ti\u00eau chu\u1ea9n)<\/td>\n<\/tr>\n<tr>\n<td><strong>G\u00f3c u\u1ed1n<\/strong><\/td>\n<td>90\u00b0 (T\u00f9y ch\u1ecdn: 45\u00b0, Lo\u1ea1i 2 giai \u0111o\u1ea1n)<\/td>\n<\/tr>\n<tr>\n<td><strong>T\u1ed1c \u0111\u1ed9 u\u1ed1n<\/strong><\/td>\n<td>100 \u00b1 5 l\u1ea7n\/ph\u00fat<\/td>\n<\/tr>\n<tr>\n<td><strong>H\u00e0nh tr\u00ecnh l\u0103n<\/strong><\/td>\n<td>0 \u0111\u1ebfn 50 mm (C\u00f3 th\u1ec3 \u0111i\u1ec1u ch\u1ec9nh)<\/td>\n<\/tr>\n<tr>\n<td><strong>B\u1ed9 \u0111\u1ebfm<\/strong><\/td>\n<td>B\u1ed9 \u0111\u1ebfm c\u00e0i \u0111\u1eb7t s\u1eb5n 6 ch\u1eef s\u1ed1<\/td>\n<\/tr>\n<tr>\n<td><strong>Ph\u1ea1m vi nhi\u1ec7t \u0111\u1ed9<\/strong><\/td>\n<td>-35 \u0111\u1ebfn 60 \u00b0C (T\u1ee7 l\u1ea1nh)<\/td>\n<\/tr>\n<tr>\n<td><strong>Ph\u1ee5 ki\u1ec7n<\/strong><\/td>\n<td>D\u1ee5ng c\u1ee5 kh\u00eda<\/td>\n<\/tr>\n<tr>\n<td><strong>Ngu\u1ed3n \u0111i\u1ec7n<\/strong><\/td>\n<td>AC 200 V, 3 pha, 30 A, 50\/60 Hz<\/td>\n<\/tr>\n<tr>\n<td><strong>K\u00edch th\u01b0\u1edbc\/Tr\u1ecdng l\u01b0\u1ee3ng (X\u1ea5p x\u1ec9)<\/strong><\/td>\n<td>W1.100 \u00d7 D1.200 \u00d7 H1.000 mm, 300 kg<\/td>\n<\/tr>\n<\/tbody>\n<\/table>\n","protected":false},"excerpt":{"rendered":"<p>ASTM D1052<\/p>\n<ul>\n<li>M\u1eabu n\u00e0y \u0111\u01b0\u1ee3c trang b\u1ecb bu\u1ed3ng nhi\u1ec7t \u0111\u1ed9 th\u1ea5p.<\/li>\n<li>\u0111\u1ec3 ti\u1ebfn h\u00e0nh th\u1eed nghi\u1ec7m u\u1ed1n \u1edf nhi\u1ec7t \u0111\u1ed9 th\u1ea5p.<\/li>\n<li>\u0110\u1ed9 b\u1ec1n \u0111\u01b0\u1ee3c \u0111\u00e1nh gi\u00e1 b\u1eb1ng s\u1ed1 l\u1ea7n u\u1ed1n cong c\u1ea7n thi\u1ebft \u0111\u1ec3 v\u1ebft n\u1ee9t ph\u00e1t tri\u1ec3n sau m\u1ed7i 100% \u0111\u1ebfn 500%.<\/li>\n<\/ul>\n","protected":false},"featured_media":4744,"comment_status":"open","ping_status":"closed","template":"","meta":[],"product_cat":[92],"product_tag":[],"class_list":{"0":"post-5926","1":"product","2":"type-product","3":"status-publish","4":"has-post-thumbnail","6":"product_cat-product","8":"first","9":"instock","10":"shipping-taxable","11":"product-type-simple"},"_links":{"self":[{"href":"https:\/\/yasudaseiki.vn\/vi\/wp-json\/wp\/v2\/product\/5926","targetHints":{"allow":["GET"]}}],"collection":[{"href":"https:\/\/yasudaseiki.vn\/vi\/wp-json\/wp\/v2\/product"}],"about":[{"href":"https:\/\/yasudaseiki.vn\/vi\/wp-json\/wp\/v2\/types\/product"}],"replies":[{"embeddable":true,"href":"https:\/\/yasudaseiki.vn\/vi\/wp-json\/wp\/v2\/comments?post=5926"}],"wp:featuredmedia":[{"embeddable":true,"href":"https:\/\/yasudaseiki.vn\/vi\/wp-json\/wp\/v2\/media\/4744"}],"wp:attachment":[{"href":"https:\/\/yasudaseiki.vn\/vi\/wp-json\/wp\/v2\/media?parent=5926"}],"wp:term":[{"taxonomy":"product_cat","embeddable":true,"href":"https:\/\/yasudaseiki.vn\/vi\/wp-json\/wp\/v2\/product_cat?post=5926"},{"taxonomy":"product_tag","embeddable":true,"href":"https:\/\/yasudaseiki.vn\/vi\/wp-json\/wp\/v2\/product_tag?post=5926"}],"curies":[{"name":"wp","href":"https:\/\/api.w.org\/{rel}","templated":true}]}}