{"id":5923,"date":"2024-08-11T16:48:00","date_gmt":"2024-08-11T09:48:00","guid":{"rendered":"https:\/\/yasudaseiki.vn\/?post_type=product&#038;p=5923"},"modified":"2024-08-11T16:48:00","modified_gmt":"2024-08-11T09:48:00","slug":"no-219-he-thong-suoi-dien-may-ep-thu-mini","status":"publish","type":"product","link":"https:\/\/yasudaseiki.vn\/vi\/san-pham\/no-219-he-thong-suoi-dien-may-ep-thu-mini\/","title":{"rendered":"No.219 H\u1ec6 TH\u1ed0NG S\u01af\u1edeI \u0110I\u1ec6N M\u00c1Y \u00c9P TH\u1eec MINI"},"content":{"rendered":"<h3>Th\u00f4ng s\u1ed1 k\u1ef9 thu\u1eadt<\/h3>\n<table>\n<tbody>\n<tr>\n<td colspan=\"2\"><strong>Th\u00f4ng s\u1ed1 k\u1ef9 thu\u1eadt c\u00f3 th\u1ec3 thay \u0111\u1ed5i m\u00e0 kh\u00f4ng c\u1ea7n b\u00e1o tr\u01b0\u1edbc.<\/strong><\/td>\n<\/tr>\n<tr>\n<td><b>K\u00edch th\u01b0\u1edbc m\u00e2m c\u1eb7p<\/b><\/td>\n<td>200 \u00d7 200 mm<\/td>\n<\/tr>\n<tr>\n<td><b>\u0110\u1ed9 m\u1edf m\u00e2m c\u1eb7p<\/b><\/td>\n<td>T\u1ed1i \u0111a. 90 mm<\/td>\n<\/tr>\n<tr>\n<td><b>\u0110\u01b0\u1eddng k\u00ednh xi lanh<\/b><\/td>\n<td>\u03c645 mm<\/td>\n<\/tr>\n<tr>\n<td><b>L\u1ef1c t\u1ed1i \u0111a<\/b><\/td>\n<td>100 kN (Th\u1ee7y l\u1ef1c 62,9 MPa)<\/td>\n<\/tr>\n<tr>\n<td><b>Ph\u1ea1m vi nhi\u1ec7t \u0111\u1ed9<\/b><\/td>\n<td>T\u1ed1i \u0111a. 300 \u00b0C (T\u00f9y ch\u1ecdn: T\u1ed1i \u0111a 400 \u00b0C)<\/td>\n<\/tr>\n<tr>\n<td><b>T\u00f9y ch\u1ecdn<\/b><\/td>\n<td>L\u00e0m m\u00e1t b\u1eb1ng n\u01b0\u1edbc Platan<\/td>\n<\/tr>\n<tr>\n<td><b>Ngu\u1ed3n \u0111i\u1ec7n<\/b><\/td>\n<td>AC 200 V, 1 pha, 20 A, 50\/60 Hz<\/td>\n<\/tr>\n<tr>\n<td><b>K\u00edch th\u01b0\u1edbc\/Tr\u1ecdng l\u01b0\u1ee3ng (X\u1ea5p x\u1ec9)<\/b><\/td>\n<td>W465 \u00d7 D400 \u00d7 H781 mm, 169 kg<\/td>\n<\/tr>\n<\/tbody>\n<\/table>\n","protected":false},"excerpt":{"rendered":"<ul>\n<li>M\u00e1y n\u00e9n \u00e1p su\u1ea5t n\u00e0y \u0111\u01b0\u1ee3c s\u1eed d\u1ee5ng \u0111\u1ec3 n\u00e9n nh\u1ef1a v\u00e0 cao su.<\/li>\n<li>M\u00e1y \u0111\u01b0\u1ee3c thi\u1ebft k\u1ebf nh\u1ecf g\u1ecdn \u0111\u1ec3 c\u00f3 th\u1ec3 l\u1eafp \u0111\u1eb7t trong ph\u00f2ng th\u00ed nghi\u1ec7m th\u1eed nghi\u1ec7m.<\/li>\n<\/ul>\n","protected":false},"featured_media":4792,"comment_status":"open","ping_status":"closed","template":"","meta":[],"product_cat":[92],"product_tag":[],"class_list":{"0":"post-5923","1":"product","2":"type-product","3":"status-publish","4":"has-post-thumbnail","6":"product_cat-product","8":"first","9":"instock","10":"shipping-taxable","11":"product-type-simple"},"_links":{"self":[{"href":"https:\/\/yasudaseiki.vn\/vi\/wp-json\/wp\/v2\/product\/5923","targetHints":{"allow":["GET"]}}],"collection":[{"href":"https:\/\/yasudaseiki.vn\/vi\/wp-json\/wp\/v2\/product"}],"about":[{"href":"https:\/\/yasudaseiki.vn\/vi\/wp-json\/wp\/v2\/types\/product"}],"replies":[{"embeddable":true,"href":"https:\/\/yasudaseiki.vn\/vi\/wp-json\/wp\/v2\/comments?post=5923"}],"wp:featuredmedia":[{"embeddable":true,"href":"https:\/\/yasudaseiki.vn\/vi\/wp-json\/wp\/v2\/media\/4792"}],"wp:attachment":[{"href":"https:\/\/yasudaseiki.vn\/vi\/wp-json\/wp\/v2\/media?parent=5923"}],"wp:term":[{"taxonomy":"product_cat","embeddable":true,"href":"https:\/\/yasudaseiki.vn\/vi\/wp-json\/wp\/v2\/product_cat?post=5923"},{"taxonomy":"product_tag","embeddable":true,"href":"https:\/\/yasudaseiki.vn\/vi\/wp-json\/wp\/v2\/product_tag?post=5923"}],"curies":[{"name":"wp","href":"https:\/\/api.w.org\/{rel}","templated":true}]}}