{"id":5915,"date":"2024-08-11T16:35:35","date_gmt":"2024-08-11T09:35:35","guid":{"rendered":"https:\/\/yasudaseiki.vn\/?post_type=product&#038;p=5915"},"modified":"2024-08-11T16:35:36","modified_gmt":"2024-08-11T09:35:36","slug":"no-236-may-kiem-tra-do-vo-cua-bi-da","status":"publish","type":"product","link":"https:\/\/yasudaseiki.vn\/vi\/san-pham\/no-236-may-kiem-tra-do-vo-cua-bi-da\/","title":{"rendered":"No.236 M\u00e1y ki\u1ec3m tra \u0111\u1ed9 v\u1ee1 c\u1ee7a bi da"},"content":{"rendered":"<h3>Th\u00f4ng s\u1ed1 k\u1ef9 thu\u1eadt<\/h3>\n<table>\n<tbody>\n<tr>\n<td colspan=\"2\"><strong>Th\u00f4ng s\u1ed1 k\u1ef9 thu\u1eadt c\u00f3 th\u1ec3 thay \u0111\u1ed5i m\u00e0 kh\u00f4ng c\u1ea7n b\u00e1o tr\u01b0\u1edbc.<\/strong><\/td>\n<\/tr>\n<tr>\n<td><strong>M\u1eabu<\/strong><\/td>\n<td>\u03c640 mm \u00b15<\/td>\n<\/tr>\n<tr>\n<td><strong>K\u1eb9p<\/strong><\/td>\n<td>\u0110\u01b0\u1eddng k\u00ednh b\u00ean trong \u03c625 \u00b1 0,5 mm<\/td>\n<\/tr>\n<tr>\n<td><strong>Bi th\u00e9p<\/strong><\/td>\n<td>\u03c66 \u00b1 0,25 mm<\/td>\n<\/tr>\n<tr>\n<td><strong>T\u1ed1c \u0111\u1ed9 \u0111\u1ea9y<\/strong><\/td>\n<td>Manuel (Ti\u00eau chu\u1ea9n: 12 \u00b1 3 mm\/ph\u00fat)<\/td>\n<\/tr>\n<tr>\n<td><strong>\u0110\u1ed3ng h\u1ed3 \u0111o \u00e1p su\u1ea5t<\/strong><\/td>\n<td>T\u1ed1i \u0111a 1,4 MPa (Thang \u0111o 0,01 MPa), T\u1ed1i \u0111a 4,5 MPa (Thang \u0111o 0,05 MPa)<\/td>\n<\/tr>\n<tr>\n<td><strong>\u0110\u1ed3ng h\u1ed3 \u0111o quay s\u1ed1<\/strong><\/td>\n<td>Thang \u0111o 1\/100 mm, H\u00e0nh tr\u00ecnh T\u1ed1i \u0111a. 20 mm<\/td>\n<\/tr>\n<tr>\n<td><strong>Ph\u1ee5 ki\u1ec7n<\/strong><\/td>\n<td>Jig h\u1ea1 piston, t\u1ea5m ti\u00eau chu\u1ea9n<\/td>\n<\/tr>\n<tr>\n<td><strong>K\u00edch th\u01b0\u1edbc\/Tr\u1ecdng l\u01b0\u1ee3ng (X\u1ea5p x\u1ec9)<\/strong><\/td>\n<td>W545 \u00d7 D340 \u00d7 H360 mm, 25 kg<\/td>\n<\/tr>\n<\/tbody>\n<\/table>\n","protected":false},"excerpt":{"rendered":"<p>JIS K6557-10, (K6548)<\/p>\n<div class=\"su-row\">\n<div class=\"su-column su-column-size-1-2\">\n<div class=\"su-column-inner su-u-clearfix su-u-trim\">\n<ul>\n<li>M\u00e1y th\u1eed n\u00e0y \u0111\u01b0\u1ee3c s\u1eed d\u1ee5ng \u0111\u1ec3 ti\u1ebfn h\u00e0nh th\u1eed nghi\u1ec7m v\u1ee1 bi tr\u00ean ph\u1ea7n da tr\u00ean c\u1ee7a gi\u00e0y v\u00e0 c\u00e1c lo\u1ea1i da m\u1ecfng kh\u00e1c.<\/li>\n<li>G\u1eafn ph\u1ea7n xung quanh m\u1eabu th\u1eed v\u00e0o k\u1eb9p, ng\u01b0\u1eddi v\u1eadn h\u00e0nh s\u1ebd t\u00e1c d\u1ee5ng l\u1ef1c l\u00ean m\u1eb7t v\u00e2n c\u1ee7a m\u1eabu th\u1eed v\u00e0 \u0111\u1ecdc chi\u1ec1u cao v\u00e0 l\u1ef1c khi v\u1ebft n\u1ee9t v\u00e2n xu\u1ea5t hi\u1ec7n.<\/li>\n<\/ul>\n<\/div>\n<\/div>\n<\/div>\n","protected":false},"featured_media":4973,"comment_status":"open","ping_status":"closed","template":"","meta":[],"product_cat":[258,251],"product_tag":[],"class_list":{"0":"post-5915","1":"product","2":"type-product","3":"status-publish","4":"has-post-thumbnail","6":"product_cat-may-kiem-tra-kha-nang-bong-bong-da-va-tay-te-bao-chet-o-dau-ngon-chan","7":"product_cat-may-test-da-vinyl","9":"first","10":"instock","11":"shipping-taxable","12":"product-type-simple"},"_links":{"self":[{"href":"https:\/\/yasudaseiki.vn\/vi\/wp-json\/wp\/v2\/product\/5915","targetHints":{"allow":["GET"]}}],"collection":[{"href":"https:\/\/yasudaseiki.vn\/vi\/wp-json\/wp\/v2\/product"}],"about":[{"href":"https:\/\/yasudaseiki.vn\/vi\/wp-json\/wp\/v2\/types\/product"}],"replies":[{"embeddable":true,"href":"https:\/\/yasudaseiki.vn\/vi\/wp-json\/wp\/v2\/comments?post=5915"}],"wp:featuredmedia":[{"embeddable":true,"href":"https:\/\/yasudaseiki.vn\/vi\/wp-json\/wp\/v2\/media\/4973"}],"wp:attachment":[{"href":"https:\/\/yasudaseiki.vn\/vi\/wp-json\/wp\/v2\/media?parent=5915"}],"wp:term":[{"taxonomy":"product_cat","embeddable":true,"href":"https:\/\/yasudaseiki.vn\/vi\/wp-json\/wp\/v2\/product_cat?post=5915"},{"taxonomy":"product_tag","embeddable":true,"href":"https:\/\/yasudaseiki.vn\/vi\/wp-json\/wp\/v2\/product_tag?post=5915"}],"curies":[{"name":"wp","href":"https:\/\/api.w.org\/{rel}","templated":true}]}}