{"id":5911,"date":"2024-08-11T16:28:58","date_gmt":"2024-08-11T09:28:58","guid":{"rendered":"https:\/\/yasudaseiki.vn\/?post_type=product&#038;p=5911"},"modified":"2024-08-11T16:29:00","modified_gmt":"2024-08-11T09:29:00","slug":"no-306-l-may-kiem-tra-do-uon-fpc-co-may-lam-lanh","status":"publish","type":"product","link":"https:\/\/yasudaseiki.vn\/vi\/san-pham\/no-306-l-may-kiem-tra-do-uon-fpc-co-may-lam-lanh\/","title":{"rendered":"No.306-L M\u00e1y ki\u1ec3m tra \u0111\u1ed9 u\u1ed1n FPC (c\u00f3 m\u00e1y l\u00e0m l\u1ea1nh)"},"content":{"rendered":"<h3>Th\u00f4ng s\u1ed1 k\u1ef9 thu\u1eadt<\/h3>\n<table>\n<tbody>\n<tr>\n<td colspan=\"2\"><strong>Th\u00f4ng s\u1ed1 k\u1ef9 thu\u1eadt c\u00f3 th\u1ec3 thay \u0111\u1ed5i m\u00e0 kh\u00f4ng c\u1ea7n b\u00e1o tr\u01b0\u1edbc.<\/strong><\/td>\n<\/tr>\n<tr>\n<td><strong>Model<\/strong><\/td>\n<td>S\u1ed1 306-L\u3000FPC FLEXING TESTER (C\u00d3 M\u00c1Y L\u00c0M L\u1ea0NH)<\/td>\n<\/tr>\n<tr>\n<td><strong>Treo<\/strong><\/td>\n<td>4Treo (2Treo \u0111\u1ed3ng th\u1eddi truy\u1ec1n \u0111\u1ed9ng\u00d72)<\/td>\n<\/tr>\n<tr>\n<td><strong>B\u00e1n k\u00ednh u\u1ed1n<\/strong><\/td>\n<td>T\u1ed1i \u0111a. 10 mm<\/td>\n<\/tr>\n<tr>\n<td><strong>T\u1ed1c \u0111\u1ed9 u\u1ed1n<\/strong><\/td>\n<td>T\u1ed1i \u0111a. 60 cpm<\/td>\n<\/tr>\n<tr>\n<td><strong>\u0110\u1ed9 d\u00e0i u\u1ed1n cong<\/strong><\/td>\n<td>\u0110\u1ed9 qua l\u1ea1i 20\uff08\u00b1 10\uff09 mm\u300140\uff08\u00b1 20\uff09 mm\u300160\uff08\u00b1 30\uff09 mm<\/td>\n<\/tr>\n<tr>\n<td><strong>Piston<\/strong><\/td>\n<td>T\u00f9y ch\u1ecdn<\/td>\n<\/tr>\n<tr>\n<td><strong>B\u1ed9 \u0111\u1ebfm<\/strong><\/td>\n<td>B\u1ed9 \u0111\u1ebfm c\u00e0i \u0111\u1eb7t tr\u01b0\u1edbc 6 ch\u1eef s\u1ed1<\/td>\n<\/tr>\n<tr>\n<td><strong>Ph\u1ea1m vi nhi\u1ec7t \u0111\u1ed9<\/strong><\/td>\n<td>-35 \u0111\u1ebfn 60 \u00b0C(T\u1ee7 l\u1ea1nh)<\/td>\n<\/tr>\n<tr>\n<td><strong>T\u00f9y ch\u1ecdn<\/strong><\/td>\n<td>Thi\u1ebft b\u1ecb d\u1eabn \u0111i\u1ec7n (cho FPC)<\/td>\n<\/tr>\n<tr>\n<td><strong>Ngu\u1ed3n \u0111i\u1ec7n<\/strong><\/td>\n<td>AC 200 V\u30013 pha\u300130 A\u300150\/60 Hz<\/td>\n<\/tr>\n<tr>\n<td><strong>K\u00edch th\u01b0\u1edbc\/Tr\u1ecdng l\u01b0\u1ee3ng (X\u1ea5p x\u1ec9)<\/strong><\/td>\n<td>W1.160 \u00d7 D730 \u00d7 H1.200 mm\/ 250 kg<\/td>\n<\/tr>\n<\/tbody>\n<\/table>\n","protected":false},"excerpt":{"rendered":"<p>JIS C5016<\/p>\n<ul>\n<li>M\u00f4 h\u00ecnh n\u00e0y \u0111\u01b0\u1ee3c trang b\u1ecb bu\u1ed3ng nhi\u1ec7t \u0111\u1ed9 th\u1ea5p \u0111\u1ec3 th\u1eed nghi\u1ec7m \u1edf nhi\u1ec7t \u0111\u1ed9 th\u1ea5p.<\/li>\n<\/ul>\n","protected":false},"featured_media":5019,"comment_status":"open","ping_status":"closed","template":"","meta":[],"product_cat":[92],"product_tag":[],"class_list":{"0":"post-5911","1":"product","2":"type-product","3":"status-publish","4":"has-post-thumbnail","6":"product_cat-product","8":"first","9":"instock","10":"shipping-taxable","11":"product-type-simple"},"_links":{"self":[{"href":"https:\/\/yasudaseiki.vn\/vi\/wp-json\/wp\/v2\/product\/5911","targetHints":{"allow":["GET"]}}],"collection":[{"href":"https:\/\/yasudaseiki.vn\/vi\/wp-json\/wp\/v2\/product"}],"about":[{"href":"https:\/\/yasudaseiki.vn\/vi\/wp-json\/wp\/v2\/types\/product"}],"replies":[{"embeddable":true,"href":"https:\/\/yasudaseiki.vn\/vi\/wp-json\/wp\/v2\/comments?post=5911"}],"wp:featuredmedia":[{"embeddable":true,"href":"https:\/\/yasudaseiki.vn\/vi\/wp-json\/wp\/v2\/media\/5019"}],"wp:attachment":[{"href":"https:\/\/yasudaseiki.vn\/vi\/wp-json\/wp\/v2\/media?parent=5911"}],"wp:term":[{"taxonomy":"product_cat","embeddable":true,"href":"https:\/\/yasudaseiki.vn\/vi\/wp-json\/wp\/v2\/product_cat?post=5911"},{"taxonomy":"product_tag","embeddable":true,"href":"https:\/\/yasudaseiki.vn\/vi\/wp-json\/wp\/v2\/product_tag?post=5911"}],"curies":[{"name":"wp","href":"https:\/\/api.w.org\/{rel}","templated":true}]}}