{"id":5904,"date":"2024-08-11T16:02:00","date_gmt":"2024-08-11T09:02:00","guid":{"rendered":"https:\/\/yasudaseiki.vn\/?post_type=product&#038;p=5904"},"modified":"2024-08-11T16:02:01","modified_gmt":"2024-08-11T09:02:01","slug":"no-183-s-may-kiem-tra-do-tac-dong-cua-phi-tieu-roi","status":"publish","type":"product","link":"https:\/\/yasudaseiki.vn\/vi\/san-pham\/no-183-s-may-kiem-tra-do-tac-dong-cua-phi-tieu-roi\/","title":{"rendered":"No.183-S M\u00c1Y KI\u1ec2M TRA \u0110\u1ed8 T\u00c1C \u0110\u1ed8NG C\u1ee6A PHI TI\u00caU R\u01a0I"},"content":{"rendered":"<h3>Th\u00f4ng s\u1ed1 k\u1ef9 thu\u1eadt<\/h3>\n<table>\n<tbody>\n<tr>\n<td colspan=\"2\"><strong>Th\u00f4ng s\u1ed1 k\u1ef9 thu\u1eadt c\u00f3 th\u1ec3 thay \u0111\u1ed5i m\u00e0 kh\u00f4ng c\u1ea7n b\u00e1o tr\u01b0\u1edbc.<\/strong><\/td>\n<\/tr>\n<tr>\n<td><strong>Phi ti\u00eau r\u01a1i<\/strong><\/td>\n<td>\u0110\u00e1y xi lanh ph\u1eb3ng: Kh\u1ed1i l\u01b0\u1ee3ng 1 kg, 3 kg, 9 kg (3 lo\u1ea1i)<br \/>\nH\u00ecnh n\u00f3n tr\u00f2n: Kh\u1ed1i l\u01b0\u1ee3ng 9 kg<\/td>\n<\/tr>\n<tr>\n<td><strong>B\u1ed9 thu<\/strong><\/td>\n<td>Lo\u1ea1i ph\u1eb3ng, lo\u1ea1i ch\u1eef V (2 lo\u1ea1i)<\/td>\n<\/tr>\n<tr>\n<td><strong>Chi\u1ec1u cao r\u01a1i<\/strong><\/td>\n<td>100 \u0111\u1ebfn t\u1ed1i \u0111a 2.000 mm<\/td>\n<\/tr>\n<tr>\n<td><strong>Thi\u1ebft b\u1ecb r\u01a1i<\/strong><\/td>\n<td>Solenoid Cu\u1ed9n d\u00e2y<\/td>\n<\/tr>\n<tr>\n<td><strong>Thi\u1ebft b\u1ecb ch\u1ed1ng r\u01a1i<\/strong><\/td>\n<td>Cu\u1ed9n d\u00e2y \u0111i\u1ec7n t\u1eeb<\/td>\n<\/tr>\n<tr>\n<td><strong>Thi\u1ebft b\u1ecb ch\u1ed1ng va \u0111\u1eadp l\u1eb7p l\u1ea1i<\/strong><\/td>\n<td>V\u1eadn h\u00e0nh b\u1eb1ng b\u00e1nh c\u00f3c<\/td>\n<\/tr>\n<tr>\n<td><strong>Ngu\u1ed3n \u0111i\u1ec7n<\/strong><\/td>\n<td>AC 100 V, 1 pha, 15 A, 50\/60 Hz<\/td>\n<\/tr>\n<tr>\n<td><strong>K\u00edch th\u01b0\u1edbc\/Tr\u1ecdng l\u01b0\u1ee3ng (X\u1ea5p x\u1ec9)<\/strong><\/td>\n<td>W800 \u00d7 D800 \u00d7 H3.000 mm, 200 kg<\/td>\n<\/tr>\n<\/tbody>\n<\/table>\n","protected":false},"excerpt":{"rendered":"<p>JIS K6742\u3001K6743<\/p>\n<ul>\n<li>M\u00e1y th\u1eed n\u00e0y \u0111\u01b0\u1ee3c s\u1eed d\u1ee5ng \u0111\u1ec3 \u0111\u00e1nh gi\u00e1 kh\u1ea3 n\u0103ng ch\u1ed1ng va \u0111\u1eadp c\u1ee7a \u1ed1ng vinyl clorua c\u1ee9ng ch\u1ed1ng va \u0111\u1eadp (HIVP) v\u00e0 m\u1ed1i n\u1ed1i \u1ed1ng vinyl clorua c\u1ee9ng (HITS).<\/li>\n<li>Ng\u01b0\u1eddi v\u1eadn h\u00e0nh ph\u1ea3i quan s\u00e1t tr\u1ea1ng th\u00e1i ph\u00e1 h\u1ee7y c\u1ee7a m\u1eabu th\u1eed sau khi n\u00f3 b\u1ecb va \u0111\u1eadp b\u1edfi m\u1ed9t v\u1eadt n\u1eb7ng r\u01a1i t\u1eeb \u0111\u1ed9 cao th\u1eed nghi\u1ec7m nh\u1ea5t \u0111\u1ecbnh.<\/li>\n<\/ul>\n","protected":false},"featured_media":5387,"comment_status":"open","ping_status":"closed","template":"","meta":[],"product_cat":[92],"product_tag":[],"class_list":{"0":"post-5904","1":"product","2":"type-product","3":"status-publish","4":"has-post-thumbnail","6":"product_cat-product","8":"first","9":"instock","10":"shipping-taxable","11":"product-type-simple"},"_links":{"self":[{"href":"https:\/\/yasudaseiki.vn\/vi\/wp-json\/wp\/v2\/product\/5904","targetHints":{"allow":["GET"]}}],"collection":[{"href":"https:\/\/yasudaseiki.vn\/vi\/wp-json\/wp\/v2\/product"}],"about":[{"href":"https:\/\/yasudaseiki.vn\/vi\/wp-json\/wp\/v2\/types\/product"}],"replies":[{"embeddable":true,"href":"https:\/\/yasudaseiki.vn\/vi\/wp-json\/wp\/v2\/comments?post=5904"}],"wp:featuredmedia":[{"embeddable":true,"href":"https:\/\/yasudaseiki.vn\/vi\/wp-json\/wp\/v2\/media\/5387"}],"wp:attachment":[{"href":"https:\/\/yasudaseiki.vn\/vi\/wp-json\/wp\/v2\/media?parent=5904"}],"wp:term":[{"taxonomy":"product_cat","embeddable":true,"href":"https:\/\/yasudaseiki.vn\/vi\/wp-json\/wp\/v2\/product_cat?post=5904"},{"taxonomy":"product_tag","embeddable":true,"href":"https:\/\/yasudaseiki.vn\/vi\/wp-json\/wp\/v2\/product_tag?post=5904"}],"curies":[{"name":"wp","href":"https:\/\/api.w.org\/{rel}","templated":true}]}}