{"id":5896,"date":"2024-08-10T08:32:54","date_gmt":"2024-08-10T01:32:54","guid":{"rendered":"https:\/\/yasudaseiki.vn\/?post_type=product&#038;p=5896"},"modified":"2024-08-10T08:32:54","modified_gmt":"2024-08-10T01:32:54","slug":"no-349-m-con-lan-dinh-bang-keo","status":"publish","type":"product","link":"https:\/\/yasudaseiki.vn\/vi\/san-pham\/no-349-m-con-lan-dinh-bang-keo\/","title":{"rendered":"No.349-M CON L\u0102N D\u00cdNH B\u0102NG KEO"},"content":{"rendered":"<h3>Th\u00f4ng s\u1ed1 k\u1ef9 thu\u1eadt<\/h3>\n<table>\n<tbody>\n<tr>\n<td colspan=\"3\"><strong>Th\u00f4ng s\u1ed1 k\u1ef9 thu\u1eadt c\u00f3 th\u1ec3 thay \u0111\u1ed5i m\u00e0 kh\u00f4ng c\u1ea7n th\u00f4ng b\u00e1o tr\u01b0\u1edbc.<\/strong><\/td>\n<\/tr>\n<tr>\n<td><strong>M\u1eabu<\/strong><\/td>\n<td><b>S\u1ed1 349\u3000CON L\u0102N D\u00cdNH B\u0102NG B\u0102NG<br \/>\n(TH\u1ee6 C\u00d4NG)<\/b><\/td>\n<td><b>S\u1ed1 349-M\u3000CON L\u0102N D\u00cdNH B\u0102NG B\u0102NG<br \/>\n(H\u1ec6 TH\u1ed0NG \u0110I\u1ec6N)<\/b><\/td>\n<\/tr>\n<tr>\n<td><strong>Con l\u0103n<\/strong><\/td>\n<td>Kh\u1ed1i l\u01b0\u1ee3ng: 2.000 g ho\u1eb7c 1.000 g<br \/>\nW: 45 mm,<br \/>\nB\u00ean ngo\u00e0i: 97 mm (\u03c6 85 mm + \u0110\u1ed9 d\u00e0y cao su 6 mm \u00d7 2\uff09<br \/>\n\u0110\u1ed9 d\u00e0y cao su: 6 mm,<br \/>\n\u0110\u1ed9 c\u1ee9ng cao su: A80<\/td>\n<td>Kh\u1ed1i l\u01b0\u1ee3ng: 2.000 g ho\u1eb7c 1.000 g<br \/>\nW: 45 mm,<br \/>\nB\u00ean ngo\u00e0i: 97 mm (\u03c6 85 mm + \u0110\u1ed9 d\u00e0y cao su 6 mm \u00d7 2\uff09<br \/>\n\u0110\u1ed9 d\u00e0y cao su: 6 mm,<br \/>\n\u0110\u1ed9 c\u1ee9ng cao su: A80<\/td>\n<\/tr>\n<tr>\n<td><strong>T\u1ed1c \u0111\u1ed9 li\u00ean k\u1ebft<\/strong><\/td>\n<td>\u2015<\/td>\n<td>10 mm\/gi\u00e2y<\/td>\n<\/tr>\n<tr>\n<td><strong>Ngu\u1ed3n \u0111i\u1ec7n<\/strong><\/td>\n<td>\u2015<\/td>\n<td>AC 100 V, 1 pha, 5 A, 50\/60 Hz<\/td>\n<\/tr>\n<tr>\n<td><strong>K\u00edch th\u01b0\u1edbc\/Tr\u1ecdng l\u01b0\u1ee3ng (X\u1ea5p x\u1ec9)<\/strong><\/td>\n<td>W175 \u00d7 D100 \u00d7 H115 mm<br \/>\n2,5 kg ho\u1eb7c 1,5 kg<\/td>\n<td>3 l\u1ea7n treo:<br \/>\nW600 \u00d7 D340 \u00d7 H310 mm\/ 30 kg<\/td>\n<\/tr>\n<\/tbody>\n<\/table>\n","protected":false},"excerpt":{"rendered":"<p>JIS C2107, Z0237<\/p>\n<ul>\n<li>T\u1ed1c \u0111\u1ed9 li\u00ean k\u1ebft c\u1ee7a m\u00f4 h\u00ecnh n\u00e0y \u0111\u01b0\u1ee3c ki\u1ec3m so\u00e1t b\u1eb1ng \u0111i\u1ec7n \u0111\u1ec3 c\u00f3 \u0111\u1ed9 k\u1ebft d\u00ednh \u0111\u1ed3ng \u0111\u1ec1u.<\/li>\n<\/ul>\n","protected":false},"featured_media":5395,"comment_status":"open","ping_status":"closed","template":"","meta":[],"product_cat":[378,372,311],"product_tag":[],"class_list":{"0":"post-5896","1":"product","2":"type-product","3":"status-publish","4":"has-post-thumbnail","6":"product_cat-bang-thu-nghiem-tao-va-dieu-chinh-mau","7":"product_cat-bang-phim","8":"product_cat-may-kiem-tra-tao-va-dieu-chinh-mau-giay-va-bot-giay","10":"first","11":"instock","12":"shipping-taxable","13":"product-type-simple"},"_links":{"self":[{"href":"https:\/\/yasudaseiki.vn\/vi\/wp-json\/wp\/v2\/product\/5896","targetHints":{"allow":["GET"]}}],"collection":[{"href":"https:\/\/yasudaseiki.vn\/vi\/wp-json\/wp\/v2\/product"}],"about":[{"href":"https:\/\/yasudaseiki.vn\/vi\/wp-json\/wp\/v2\/types\/product"}],"replies":[{"embeddable":true,"href":"https:\/\/yasudaseiki.vn\/vi\/wp-json\/wp\/v2\/comments?post=5896"}],"wp:featuredmedia":[{"embeddable":true,"href":"https:\/\/yasudaseiki.vn\/vi\/wp-json\/wp\/v2\/media\/5395"}],"wp:attachment":[{"href":"https:\/\/yasudaseiki.vn\/vi\/wp-json\/wp\/v2\/media?parent=5896"}],"wp:term":[{"taxonomy":"product_cat","embeddable":true,"href":"https:\/\/yasudaseiki.vn\/vi\/wp-json\/wp\/v2\/product_cat?post=5896"},{"taxonomy":"product_tag","embeddable":true,"href":"https:\/\/yasudaseiki.vn\/vi\/wp-json\/wp\/v2\/product_tag?post=5896"}],"curies":[{"name":"wp","href":"https:\/\/api.w.org\/{rel}","templated":true}]}}