{"id":5893,"date":"2024-08-10T08:30:11","date_gmt":"2024-08-10T01:30:11","guid":{"rendered":"https:\/\/yasudaseiki.vn\/?post_type=product&#038;p=5893"},"modified":"2024-08-10T08:30:11","modified_gmt":"2024-08-10T01:30:11","slug":"no-355-may-cat-mau-luoi-kep","status":"publish","type":"product","link":"https:\/\/yasudaseiki.vn\/vi\/san-pham\/no-355-may-cat-mau-luoi-kep\/","title":{"rendered":"No.355 M\u00e1y c\u1eaft m\u1eabu l\u01b0\u1ee1i k\u00e9p"},"content":{"rendered":"<h3>Th\u00f4ng s\u1ed1 k\u1ef9 thu\u1eadt<\/h3>\n<table>\n<tbody>\n<tr>\n<td colspan=\"2\"><strong>Th\u00f4ng s\u1ed1 k\u1ef9 thu\u1eadt c\u00f3 th\u1ec3 thay \u0111\u1ed5i m\u00e0 kh\u00f4ng c\u1ea7n b\u00e1o tr\u01b0\u1edbc.<\/strong><\/td>\n<\/tr>\n<tr>\n<td><b>K\u00edch th\u01b0\u1edbc m\u1eabu<\/b><\/td>\n<td>R\u1ed9ng 12,7 mm, D\u00e0i 152,4 mm<\/td>\n<\/tr>\n<tr>\n<td><b>K\u00edch th\u01b0\u1edbc\/Tr\u1ecdng l\u01b0\u1ee3ng (X\u1ea5p x\u1ec9)<\/b><\/td>\n<td>R\u1ed9ng 550 \u00d7 S\u00e2u 400 \u00d7 Cao 650 mm, 32 kg<\/td>\n<\/tr>\n<\/tbody>\n<\/table>\n","protected":false},"excerpt":{"rendered":"<ul>\n<li>Thi\u1ebft b\u1ecb n\u00e0y \u0111\u01b0\u1ee3c s\u1eed d\u1ee5ng \u0111\u1ec3 tr\u00edch xu\u1ea5t c\u00e1c m\u1eabu th\u1eed b\u00eca gi\u1ea5y cho th\u1eed nghi\u1ec7m nghi\u1ec1n v\u00f2ng.<\/li>\n<li>Ng\u01b0\u1eddi v\u1eadn h\u00e0nh c\u00f3 th\u1ec3 d\u1ec5 d\u00e0ng l\u1ea5y \u0111\u01b0\u1ee3c c\u00e1c m\u1eabu th\u1eed ch\u1ec9 b\u1eb1ng c\u00e1ch h\u1ea1 c\u1ea7n g\u1ea1t xu\u1ed1ng.<\/li>\n<\/ul>\n","protected":false},"featured_media":5405,"comment_status":"open","ping_status":"closed","template":"","meta":[],"product_cat":[92],"product_tag":[],"class_list":{"0":"post-5893","1":"product","2":"type-product","3":"status-publish","4":"has-post-thumbnail","6":"product_cat-product","8":"first","9":"instock","10":"shipping-taxable","11":"product-type-simple"},"_links":{"self":[{"href":"https:\/\/yasudaseiki.vn\/vi\/wp-json\/wp\/v2\/product\/5893","targetHints":{"allow":["GET"]}}],"collection":[{"href":"https:\/\/yasudaseiki.vn\/vi\/wp-json\/wp\/v2\/product"}],"about":[{"href":"https:\/\/yasudaseiki.vn\/vi\/wp-json\/wp\/v2\/types\/product"}],"replies":[{"embeddable":true,"href":"https:\/\/yasudaseiki.vn\/vi\/wp-json\/wp\/v2\/comments?post=5893"}],"wp:featuredmedia":[{"embeddable":true,"href":"https:\/\/yasudaseiki.vn\/vi\/wp-json\/wp\/v2\/media\/5405"}],"wp:attachment":[{"href":"https:\/\/yasudaseiki.vn\/vi\/wp-json\/wp\/v2\/media?parent=5893"}],"wp:term":[{"taxonomy":"product_cat","embeddable":true,"href":"https:\/\/yasudaseiki.vn\/vi\/wp-json\/wp\/v2\/product_cat?post=5893"},{"taxonomy":"product_tag","embeddable":true,"href":"https:\/\/yasudaseiki.vn\/vi\/wp-json\/wp\/v2\/product_tag?post=5893"}],"curies":[{"name":"wp","href":"https:\/\/api.w.org\/{rel}","templated":true}]}}