{"id":5887,"date":"2024-08-10T08:24:45","date_gmt":"2024-08-10T01:24:45","guid":{"rendered":"https:\/\/yasudaseiki.vn\/?post_type=product&#038;p=5887"},"modified":"2024-08-10T08:24:45","modified_gmt":"2024-08-10T01:24:45","slug":"no-353-may-cat-mau-chuan","status":"publish","type":"product","link":"https:\/\/yasudaseiki.vn\/vi\/san-pham\/no-353-may-cat-mau-chuan\/","title":{"rendered":"No.353 M\u00e1y c\u1eaft m\u1eabu chu\u1ea9n"},"content":{"rendered":"<h3>Th\u00f4ng s\u1ed1 k\u1ef9 thu\u1eadt<\/h3>\n<table>\n<tbody>\n<tr>\n<td colspan=\"2\"><strong>Th\u00f4ng s\u1ed1 k\u1ef9 thu\u1eadt c\u00f3 th\u1ec3 thay \u0111\u1ed5i m\u00e0 kh\u00f4ng c\u1ea7n b\u00e1o tr\u01b0\u1edbc.<\/strong><\/td>\n<\/tr>\n<tr>\n<td><b>K\u00edch th\u01b0\u1edbc m\u1eabu<\/b><\/td>\n<td>W15 mm, L250 mm<\/td>\n<\/tr>\n<tr>\n<td><b>S\u1ed1 l\u1ea7n c\u1eaft<\/b><\/td>\n<td>5 chi\u1ebfc<\/td>\n<\/tr>\n<tr>\n<td><b>K\u00edch th\u01b0\u1edbc\/Tr\u1ecdng l\u01b0\u1ee3ng (X\u1ea5p x\u1ec9)<\/b><\/td>\n<td>W310 \u00d7 D100 \u00d7 H35 mm, 5 kg<br \/>\n*C\u00e1c m\u1eabu c\u00f3 k\u00edch th\u01b0\u1edbc kh\u00e1c c\u0169ng c\u00f3 th\u1ec3 \u0111\u01b0\u1ee3c s\u1ea3n xu\u1ea5t ri\u00eang.<\/td>\n<\/tr>\n<\/tbody>\n<\/table>\n","protected":false},"excerpt":{"rendered":"<ul>\n<li>Thi\u1ebft b\u1ecb n\u00e0y cho ph\u00e9p ng\u01b0\u1eddi v\u1eadn h\u00e0nh tr\u00edch xu\u1ea5t ch\u00ednh x\u00e1c c\u00e1c m\u1eabu th\u1eed gi\u1ea5y, b\u00eca c\u1ee9ng v\u00e0 m\u00e0ng nh\u1ef1a \u0111\u1ec3 th\u1eed \u0111\u1ed9 b\u1ec1n k\u00e9o.<\/li>\n<li>Ng\u01b0\u1eddi v\u1eadn h\u00e0nh ph\u1ea3i c\u1eaft m\u1eabu th\u1eed b\u1eb1ng c\u00e1ch \u0111\u1eb7t dao c\u1eaft v\u00e0o c\u00e1c r\u00e3nh c\u1ee7a thi\u1ebft b\u1ecb.<\/li>\n<\/ul>\n","protected":false},"featured_media":5409,"comment_status":"open","ping_status":"closed","template":"","meta":[],"product_cat":[92],"product_tag":[],"class_list":{"0":"post-5887","1":"product","2":"type-product","3":"status-publish","4":"has-post-thumbnail","6":"product_cat-product","8":"first","9":"instock","10":"shipping-taxable","11":"product-type-simple"},"_links":{"self":[{"href":"https:\/\/yasudaseiki.vn\/vi\/wp-json\/wp\/v2\/product\/5887","targetHints":{"allow":["GET"]}}],"collection":[{"href":"https:\/\/yasudaseiki.vn\/vi\/wp-json\/wp\/v2\/product"}],"about":[{"href":"https:\/\/yasudaseiki.vn\/vi\/wp-json\/wp\/v2\/types\/product"}],"replies":[{"embeddable":true,"href":"https:\/\/yasudaseiki.vn\/vi\/wp-json\/wp\/v2\/comments?post=5887"}],"wp:featuredmedia":[{"embeddable":true,"href":"https:\/\/yasudaseiki.vn\/vi\/wp-json\/wp\/v2\/media\/5409"}],"wp:attachment":[{"href":"https:\/\/yasudaseiki.vn\/vi\/wp-json\/wp\/v2\/media?parent=5887"}],"wp:term":[{"taxonomy":"product_cat","embeddable":true,"href":"https:\/\/yasudaseiki.vn\/vi\/wp-json\/wp\/v2\/product_cat?post=5887"},{"taxonomy":"product_tag","embeddable":true,"href":"https:\/\/yasudaseiki.vn\/vi\/wp-json\/wp\/v2\/product_tag?post=5887"}],"curies":[{"name":"wp","href":"https:\/\/api.w.org\/{rel}","templated":true}]}}