{"id":5884,"date":"2024-08-10T08:23:02","date_gmt":"2024-08-10T01:23:02","guid":{"rendered":"https:\/\/yasudaseiki.vn\/?post_type=product&#038;p=5884"},"modified":"2024-08-10T08:23:02","modified_gmt":"2024-08-10T01:23:02","slug":"no-210-may-kiem-tra-do-mai-mon-cua-day-nam-cham","status":"publish","type":"product","link":"https:\/\/yasudaseiki.vn\/vi\/san-pham\/no-210-may-kiem-tra-do-mai-mon-cua-day-nam-cham\/","title":{"rendered":"No.210 M\u00e1y ki\u1ec3m tra \u0111\u1ed9 m\u00e0i m\u00f2n c\u1ee7a d\u00e2y nam ch\u00e2m"},"content":{"rendered":"<p>\u203bS\u1ed1 210-ISO6722 M\u00c1Y KI\u1ec2M TRA \u0110\u1ed8 M\u00c0I M\u00d2N D\u00c2Y<\/p>\n<p>Phi\u00ean b\u1ea3n n\u00e0y t\u01b0\u01a1ng th\u00edch v\u1edbi c\u00e1c m\u1eabu c\u00f3 ti\u1ebft di\u1ec7n d\u01b0\u1edbi 6 mm2.<\/p>\n<h3>Th\u00f4ng s\u1ed1 k\u1ef9 thu\u1eadt<\/h3>\n<table>\n<tbody>\n<tr>\n<td colspan=\"3\"><strong>Th\u00f4ng s\u1ed1 k\u1ef9 thu\u1eadt c\u00f3 th\u1ec3 thay \u0111\u1ed5i m\u00e0 kh\u00f4ng c\u1ea7n b\u00e1o tr\u01b0\u1edbc.<\/strong><\/td>\n<\/tr>\n<tr>\n<td><strong>Model<\/strong><\/td>\n<td><b>S\u1ed1 210\uff08NEMA\uff09<\/b><\/td>\n<td><b>S\u1ed1 210-ISO6722 \uff08JASO\u3001ISO\uff09<\/b><\/td>\n<\/tr>\n<tr>\n<td><strong>Kho\u1ea3ng c\u00e1ch m\u00e0i m\u00f2n<\/strong><\/td>\n<td>10 mm<\/td>\n<td>15,5 \u00b1 1 mm<br \/>\n(\u0110\u1ed9 d\u1ecbch chuy\u1ec3n c\u1ee7a kim 20 \u00b1 1 mm)<\/td>\n<\/tr>\n<tr>\n<td><strong>T\u1ed1c \u0111\u1ed9 m\u00e0i m\u00f2n<\/strong><\/td>\n<td>60 l\u1ea7n\/ph\u00fat<\/td>\n<td>55 \u00b1 5 l\u1ea7n\/ph\u00fat<\/td>\n<\/tr>\n<tr>\n<td><strong>K\u1eb9p m\u1eabu<\/strong><\/td>\n<td>\u2015<\/td>\n<td>Kho\u1ea3ng c\u00e1ch 71 mm<\/td>\n<\/tr>\n<tr>\n<td><strong>T\u1ea3i tr\u1ecdng<\/strong><\/td>\n<td>Ban \u0111\u1ea7u 2 N \u0111\u1ebfn T\u1ed1i \u0111a. 10 N<\/td>\n<td>Ban \u0111\u1ea7u 2 N \u0111\u1ebfn T\u1ed1i \u0111a. 10 N<br \/>\n(Ti\u00eau chu\u1ea9n: 7 \u00b1 0,05 N)<\/td>\n<\/tr>\n<tr>\n<td><strong>L\u01b0\u1ee1i m\u00e0i<\/strong><\/td>\n<td>\u03c60,4 mm<\/td>\n<td>\u03c60,45 \u00b1 0,01 mm (JASO)<\/td>\n<\/tr>\n<tr>\n<td><strong>B\u1ed9 \u0111\u1ebfm<\/strong><\/td>\n<td>B\u1ed9 \u0111\u1ebfm c\u00e0i \u0111\u1eb7t s\u1eb5n 6 ch\u1eef s\u1ed1<\/td>\n<td>B\u1ed9 \u0111\u1ebfm c\u00e0i \u0111\u1eb7t s\u1eb5n 6 ch\u1eef s\u1ed1<\/td>\n<\/tr>\n<tr>\n<td><strong>G\u00f3c quay m\u1eabu<\/strong><\/td>\n<td>0\u00b0, 120\u00b0, 240\u00b0<\/td>\n<td>0\u00b0, 90\u00b0, 180\u00b0 v\u00e0 270\u00b0<\/td>\n<\/tr>\n<tr>\n<td><strong>T\u00f9y ch\u1ecdn<\/strong><\/td>\n<td>N\u1eafp an to\u00e0n<\/td>\n<td>N\u1eafp an to\u00e0n<\/td>\n<\/tr>\n<tr>\n<td><strong>Ngu\u1ed3n \u0111i\u1ec7n<\/strong><\/td>\n<td>AC 100 V, 1 pha, 3 A, 50\/60 Hz<\/td>\n<td>AC 100 V, 1 pha, 3 A, 50\/60 Hz<\/td>\n<\/tr>\n<tr>\n<td><strong>K\u00edch th\u01b0\u1edbc\/Tr\u1ecdng l\u01b0\u1ee3ng (X\u1ea5p x\u1ec9)<\/strong><\/td>\n<td>R480 \u00d7 S447 \u00d7 C600 mm, 33 kg<\/td>\n<td>R480 \u00d7 S447 \u00d7 C600 mm, 33 kg<\/td>\n<\/tr>\n<\/tbody>\n<\/table>\n","protected":false},"excerpt":{"rendered":"<p>NEMA-C9.5, JASO, ISO 6722<\/p>\n<ul>\n<li>Thi\u1ebft b\u1ecb ki\u1ec3m tra n\u00e0y d\u00f9ng \u0111\u1ec3 \u0111\u00e1nh gi\u00e1 kh\u1ea3 n\u0103ng ch\u1ed1ng m\u00e0i m\u00f2n c\u1ee7a d\u00e2y tr\u00e1ng men theo ph\u01b0\u01a1ng ph\u00e1p dao \u0111\u1ed9ng qua l\u1ea1i.<\/li>\n<li>M\u00e0i d\u00e2y tr\u00e1ng men qua l\u1ea1i v\u1edbi t\u1ea3i tr\u1ecdng kh\u00f4ng \u0111\u1ed5i, ng\u01b0\u1eddi v\u1eadn h\u00e0nh ph\u1ea3i ki\u1ec3m tra s\u1ed1 l\u1ea7n dao \u0111\u1ed9ng qua l\u1ea1i cho \u0111\u1ebfn khi x\u1ea3y ra hi\u1ec7n t\u01b0\u1ee3ng d\u1eabn \u0111i\u1ec7n.<\/li>\n<li>B\u1eb1ng c\u00e1ch xoay m\u1eabu th\u1eed, c\u00f3 th\u1ec3 ki\u1ec3m tra m\u1ed9t m\u1eabu th\u1eed t\u1eeb 3 \u0111\u1ebfn 4 l\u1ea7n.<\/li>\n<\/ul>\n","protected":false},"featured_media":5415,"comment_status":"open","ping_status":"closed","template":"","meta":[],"product_cat":[92],"product_tag":[],"class_list":{"0":"post-5884","1":"product","2":"type-product","3":"status-publish","4":"has-post-thumbnail","6":"product_cat-product","8":"first","9":"instock","10":"shipping-taxable","11":"product-type-simple"},"_links":{"self":[{"href":"https:\/\/yasudaseiki.vn\/vi\/wp-json\/wp\/v2\/product\/5884","targetHints":{"allow":["GET"]}}],"collection":[{"href":"https:\/\/yasudaseiki.vn\/vi\/wp-json\/wp\/v2\/product"}],"about":[{"href":"https:\/\/yasudaseiki.vn\/vi\/wp-json\/wp\/v2\/types\/product"}],"replies":[{"embeddable":true,"href":"https:\/\/yasudaseiki.vn\/vi\/wp-json\/wp\/v2\/comments?post=5884"}],"wp:featuredmedia":[{"embeddable":true,"href":"https:\/\/yasudaseiki.vn\/vi\/wp-json\/wp\/v2\/media\/5415"}],"wp:attachment":[{"href":"https:\/\/yasudaseiki.vn\/vi\/wp-json\/wp\/v2\/media?parent=5884"}],"wp:term":[{"taxonomy":"product_cat","embeddable":true,"href":"https:\/\/yasudaseiki.vn\/vi\/wp-json\/wp\/v2\/product_cat?post=5884"},{"taxonomy":"product_tag","embeddable":true,"href":"https:\/\/yasudaseiki.vn\/vi\/wp-json\/wp\/v2\/product_tag?post=5884"}],"curies":[{"name":"wp","href":"https:\/\/api.w.org\/{rel}","templated":true}]}}