{"id":5880,"date":"2024-08-09T16:57:19","date_gmt":"2024-08-09T09:57:19","guid":{"rendered":"https:\/\/yasudaseiki.vn\/?post_type=product&#038;p=5880"},"modified":"2024-08-09T16:57:20","modified_gmt":"2024-08-09T09:57:20","slug":"no-527-547-may-do-xay","status":"publish","type":"product","link":"https:\/\/yasudaseiki.vn\/vi\/san-pham\/no-527-547-may-do-xay\/","title":{"rendered":"No.527\/547 M\u00c1Y \u0110O XAY"},"content":{"rendered":"<h3>Th\u00f4ng s\u1ed1 k\u1ef9 thu\u1eadt<\/h3>\n<table>\n<tbody>\n<tr>\n<td colspan=\"3\"><strong>Th\u00f4ng s\u1ed1 k\u1ef9 thu\u1eadt c\u00f3 th\u1ec3 thay \u0111\u1ed5i m\u00e0 kh\u00f4ng c\u1ea7n b\u00e1o tr\u01b0\u1edbc.<\/strong><\/td>\n<\/tr>\n<tr>\n<td><strong>M\u1eabu<\/strong><\/td>\n<td><b>S\u1ed1 527\u3000\u0110\u1ed2NG H\u1ed2 \u0110O L\u01af\u1edcNG (LO\u1ea0I NH\u1ece)<\/b><\/td>\n<td><b>S\u1ed1 547\u3000\u0110\u1ed2NG H\u1ed2 \u0110O L\u01af\u1edcNG (LO\u1ea0I L\u1edaN)<\/b><\/td>\n<\/tr>\n<tr>\n<td><strong>K\u00edch th\u01b0\u1edbc r\u00e3nh<\/strong><\/td>\n<td>R\u1ed9ng 12,5 mm, D\u00e0i 130 mm, 2 v\u1ea1ch<\/td>\n<td>R\u1ed9ng 25 mm, D\u00e0i 160 mm, 2 v\u1ea1ch<\/td>\n<\/tr>\n<tr>\n<td><strong>R\u00e3nh \u0110\u1ed9 s\u00e2u<\/strong><\/td>\n<td>0 \u0111\u1ebfn 25 \u00b5m, 0 \u0111\u1ebfn 50 \u00b5m, 0 \u0111\u1ebfn 100 \u00b5m (10 Ph\u00e2n chia)<\/td>\n<td>0 \u0111\u1ebfn 25 \u00b5m, 0 \u0111\u1ebfn 50 \u00b5m, 0 \u0111\u1ebfn 100 \u00b5m (10 Ph\u00e2n chia)<\/td>\n<\/tr>\n<tr>\n<td><strong>Ph\u1ee5 ki\u1ec7n<\/strong><\/td>\n<td>C\u1ea1o: 1 c\u00e1i<\/td>\n<td>C\u1ea1o: 1 c\u00e1i<\/td>\n<\/tr>\n<tr>\n<td><strong>K\u00edch th\u01b0\u1edbc\/Tr\u1ecdng l\u01b0\u1ee3ng (X\u1ea5p x\u1ec9)<\/strong><\/td>\n<td>R\u1ed9ng 63 \u00d7 S\u00e2u 180 \u00d7 Cao 16 mm, 1,4 kg<\/td>\n<td>R\u1ed9ng 87 \u00d7 S\u00e2u 240 \u00d7 Cao 30 mm, 4kg<\/td>\n<\/tr>\n<\/tbody>\n<\/table>\n","protected":false},"excerpt":{"rendered":"<p>JIS K5101, (K5400), K5600-2-5, K5701-1, ASTM D1210, ISO 1524<\/p>\n<ul>\n<li>M\u00c1Y \u0110O \u0110\u1ed8 XAY \u0111\u01b0\u1ee3c s\u1eed d\u1ee5ng \u0111\u1ec3 \u0111\u00e1nh gi\u00e1 m\u1ee9c \u0111\u1ed9 nghi\u1ec1n c\u1ee7a m\u1ef1c in ph\u1eb3ng v\u00e0 m\u1ee9c \u0111\u1ed9 bi\u1ebfn thi\u00ean c\u1ee7a s\u01a1n, vecni v\u00e0 ch\u1ea5t t\u1ea1o m\u00e0u.<\/li>\n<li>Ng\u01b0\u1eddi v\u1eadn h\u00e0nh s\u1ebd c\u1ea1o m\u1eabu th\u1eed b\u1eb1ng d\u1ee5ng c\u1ee5 c\u1ea1o v\u1edbi t\u1ed1c \u0111\u1ed9 kh\u00f4ng \u0111\u1ed5i t\u1eeb ph\u1ea7n s\u00e2u c\u1ee7a r\u00e3nh \u0111\u1ebfn ph\u1ea7n n\u00f4ng c\u1ee7a r\u00e3nh v\u00e0 \u0111\u1ecdc thang \u0111o t\u1ea1i n\u01a1i b\u1eaft \u0111\u1ea7u xu\u1ea5t hi\u1ec7n h\u1ea1t d\u00e0y \u0111\u1eb7c.<\/li>\n<\/ul>\n","protected":false},"featured_media":5565,"comment_status":"open","ping_status":"closed","template":"","meta":[],"product_cat":[286,275,287,274],"product_tag":[],"class_list":{"0":"post-5880","1":"product","2":"type-product","3":"status-publish","4":"has-post-thumbnail","6":"product_cat-may-kiem-tra-do-cung-do-bam-dinh-va-do-ben-mang-son","7":"product_cat-may-kiem-tra-do-mai-mon-va-ma-sat-son-bot-mau-va-muc","8":"product_cat-may-kiem-tra-va-dap-mang-son","9":"product_cat-son-bot-mau-va-muc","11":"first","12":"instock","13":"shipping-taxable","14":"product-type-simple"},"_links":{"self":[{"href":"https:\/\/yasudaseiki.vn\/vi\/wp-json\/wp\/v2\/product\/5880","targetHints":{"allow":["GET"]}}],"collection":[{"href":"https:\/\/yasudaseiki.vn\/vi\/wp-json\/wp\/v2\/product"}],"about":[{"href":"https:\/\/yasudaseiki.vn\/vi\/wp-json\/wp\/v2\/types\/product"}],"replies":[{"embeddable":true,"href":"https:\/\/yasudaseiki.vn\/vi\/wp-json\/wp\/v2\/comments?post=5880"}],"wp:featuredmedia":[{"embeddable":true,"href":"https:\/\/yasudaseiki.vn\/vi\/wp-json\/wp\/v2\/media\/5565"}],"wp:attachment":[{"href":"https:\/\/yasudaseiki.vn\/vi\/wp-json\/wp\/v2\/media?parent=5880"}],"wp:term":[{"taxonomy":"product_cat","embeddable":true,"href":"https:\/\/yasudaseiki.vn\/vi\/wp-json\/wp\/v2\/product_cat?post=5880"},{"taxonomy":"product_tag","embeddable":true,"href":"https:\/\/yasudaseiki.vn\/vi\/wp-json\/wp\/v2\/product_tag?post=5880"}],"curies":[{"name":"wp","href":"https:\/\/api.w.org\/{rel}","templated":true}]}}