{"id":5870,"date":"2024-08-09T16:40:42","date_gmt":"2024-08-09T09:40:42","guid":{"rendered":"https:\/\/yasudaseiki.vn\/?post_type=product&#038;p=5870"},"modified":"2024-08-09T16:40:42","modified_gmt":"2024-08-09T09:40:42","slug":"no-514-may-kiem-tra-do-uon-mang-son","status":"publish","type":"product","link":"https:\/\/yasudaseiki.vn\/vi\/san-pham\/no-514-may-kiem-tra-do-uon-mang-son\/","title":{"rendered":"No.514 M\u00e1y ki\u1ec3m tra \u0111\u1ed9 u\u1ed1n m\u00e0ng s\u01a1n"},"content":{"rendered":"<h3>Th\u00f4ng s\u1ed1 k\u1ef9 thu\u1eadt<\/h3>\n<table>\n<tbody>\n<tr>\n<td colspan=\"2\"><strong>Th\u00f4ng s\u1ed1 k\u1ef9 thu\u1eadt c\u00f3 th\u1ec3 thay \u0111\u1ed5i m\u00e0 kh\u00f4ng c\u1ea7n b\u00e1o tr\u01b0\u1edbc.<\/strong><\/td>\n<\/tr>\n<tr>\n<td><strong>M\u1eabu<\/strong><\/td>\n<td><b>S\u1ed1 514<\/b><\/td>\n<\/tr>\n<tr>\n<td><strong>T\u1ea5m th\u1eed nghi\u1ec7m<\/strong><\/td>\n<td>150 \u00d7 50 \u00d7 T0,3 mm tr\u1edf xu\u1ed1ng<\/td>\n<\/tr>\n<tr>\n<td><strong>G\u00f3c u\u1ed1n<\/strong><\/td>\n<td>180\u00b0<\/td>\n<\/tr>\n<tr>\n<td><strong>\u0110\u01b0\u1eddng k\u00ednh tr\u1ee5c<\/strong><\/td>\n<td>\u03c62, \u03c63, \u03c64, \u03c65, \u03c66, \u03c68 v\u00e0 \u03c610 mm: 7 lo\u1ea1i<\/td>\n<\/tr>\n<tr>\n<td><strong>\u0110\u1ed9 d\u00e0y t\u1ea5m \u0111\u1ee1<\/strong><\/td>\n<td>1, 2, 2,5, 3, 3,5 v\u00e0 4 mm: 6 lo\u1ea1i<\/td>\n<\/tr>\n<tr>\n<td><strong>K\u00edch th\u01b0\u1edbc\/Tr\u1ecdng l\u01b0\u1ee3ng (X\u1ea5p x\u1ec9)<\/strong><\/td>\n<td>W100 \u00d7 D150 \u00d7 H40 mm, 8 kg (Bao g\u1ed3m c\u1ea3 h\u1ed9p \u0111\u1ef1ng)<\/td>\n<\/tr>\n<\/tbody>\n<\/table>\n","protected":false},"excerpt":{"rendered":"<p>JIS (K5400), K5600-5-1, ISO 1519<\/p>\n<ul>\n<li>M\u00e1y th\u1eed n\u00e0y \u0111\u01b0\u1ee3c s\u1eed d\u1ee5ng \u0111\u1ec3 \u0111\u00e1nh gi\u00e1 \u0111\u1ed9 b\u1ec1n u\u1ed1n c\u1ee7a m\u00e0ng s\u01a1n v\u00e0 vecni ph\u1ee7 theo ph\u01b0\u01a1ng ph\u00e1p h\u00ecnh tr\u1ee5.<\/li>\n<li>Ng\u01b0\u1eddi v\u1eadn h\u00e0nh ph\u1ea3i \u0111\u1eb7t t\u1ea5m th\u1eed m\u00e0ng s\u01a1n ph\u1ee7 l\u00ean m\u1eb7t ngo\u00e0i v\u00e0 u\u1ed1n v\u1edbi t\u1ed1c \u0111\u1ed9 sao cho m\u1ea5t 1 \u0111\u1ebfn 2 gi\u00e2y \u0111\u1ec3 u\u1ed1n t\u1ea5m th\u1eed 180\u00b0.<\/li>\n<li>Sau \u0111\u00f3, ng\u01b0\u1eddi v\u1eadn h\u00e0nh ph\u1ea3i quan s\u00e1t c\u00e1c v\u1ebft n\u1ee9t v\u00e0 bong tr\u00f3c c\u1ee7a m\u00e0ng s\u01a1n ph\u1ee7.<\/li>\n<\/ul>\n","protected":false},"featured_media":5570,"comment_status":"open","ping_status":"closed","template":"","meta":[],"product_cat":[286,274],"product_tag":[],"class_list":{"0":"post-5870","1":"product","2":"type-product","3":"status-publish","4":"has-post-thumbnail","6":"product_cat-may-kiem-tra-do-cung-do-bam-dinh-va-do-ben-mang-son","7":"product_cat-son-bot-mau-va-muc","9":"first","10":"instock","11":"shipping-taxable","12":"product-type-simple"},"_links":{"self":[{"href":"https:\/\/yasudaseiki.vn\/vi\/wp-json\/wp\/v2\/product\/5870","targetHints":{"allow":["GET"]}}],"collection":[{"href":"https:\/\/yasudaseiki.vn\/vi\/wp-json\/wp\/v2\/product"}],"about":[{"href":"https:\/\/yasudaseiki.vn\/vi\/wp-json\/wp\/v2\/types\/product"}],"replies":[{"embeddable":true,"href":"https:\/\/yasudaseiki.vn\/vi\/wp-json\/wp\/v2\/comments?post=5870"}],"wp:featuredmedia":[{"embeddable":true,"href":"https:\/\/yasudaseiki.vn\/vi\/wp-json\/wp\/v2\/media\/5570"}],"wp:attachment":[{"href":"https:\/\/yasudaseiki.vn\/vi\/wp-json\/wp\/v2\/media?parent=5870"}],"wp:term":[{"taxonomy":"product_cat","embeddable":true,"href":"https:\/\/yasudaseiki.vn\/vi\/wp-json\/wp\/v2\/product_cat?post=5870"},{"taxonomy":"product_tag","embeddable":true,"href":"https:\/\/yasudaseiki.vn\/vi\/wp-json\/wp\/v2\/product_tag?post=5870"}],"curies":[{"name":"wp","href":"https:\/\/api.w.org\/{rel}","templated":true}]}}