{"id":5862,"date":"2024-08-09T16:32:48","date_gmt":"2024-08-09T09:32:48","guid":{"rendered":"https:\/\/yasudaseiki.vn\/?post_type=product&#038;p=5862"},"modified":"2024-08-09T16:32:48","modified_gmt":"2024-08-09T09:32:48","slug":"no-516-may-kiem-tra-cupping-erichsen-thu-cong","status":"publish","type":"product","link":"https:\/\/yasudaseiki.vn\/vi\/san-pham\/no-516-may-kiem-tra-cupping-erichsen-thu-cong\/","title":{"rendered":"No.516 M\u00c1Y KI\u1ec2M TRA CUPPING ERICHSEN (TH\u1ee6 C\u00d4NG)"},"content":{"rendered":"<h3>Th\u00f4ng s\u1ed1 k\u1ef9 thu\u1eadt<\/h3>\n<table>\n<tbody>\n<tr>\n<td colspan=\"2\"><strong>Th\u00f4ng s\u1ed1 k\u1ef9 thu\u1eadt c\u00f3 th\u1ec3 thay \u0111\u1ed5i m\u00e0 kh\u00f4ng c\u1ea7n b\u00e1o tr\u01b0\u1edbc.<\/strong><\/td>\n<\/tr>\n<tr>\n<td><strong>M\u1eabu<\/strong><\/td>\n<td><b>M\u00c1Y KI\u1ec2M TRA \u0110\u1eacM ERICHSEN S\u1ed0 516 (TH\u1ee6 C\u00d4NG)<\/b><\/td>\n<\/tr>\n<tr>\n<td><strong>T\u1ea5m th\u1eed<\/strong><\/td>\n<td>T\u1ea5m th\u00e9p, T0,3 \u0111\u1ebfn 1,25 mm<br \/>\nW&amp;L T\u1ed1i thi\u1ec3u 70 mm \u0111\u1ebfn T\u1ed1i \u0111a. 90 mm<\/td>\n<\/tr>\n<tr>\n<td><strong>X\u00fac x\u1eafc<\/strong><\/td>\n<td>\u0110\u01b0\u1eddng k\u00ednh ngo\u00e0i \u03c655 \u00b1 0,1 mm<br \/>\n\u0110\u01b0\u1eddng k\u00ednh trong \u03c627 \u00b1 0,05 mm<br \/>\nR\u00e3nh c\u1ea1nh R0,75 \u00b1 0,05 mm<\/td>\n<\/tr>\n<tr>\n<td><strong>V\u00f2ng gi\u1eef<\/strong><\/td>\n<td>\u0110\u01b0\u1eddng k\u00ednh ngo\u00e0i \u03c655 \u00b1 0,1 mm<br \/>\n\u0110\u01b0\u1eddng k\u00ednh trong \u03c633 \u00b1 0,1 mm<br \/>\n0,05 mm C\u00f3 g\u1eafn c\u00e2n<\/td>\n<\/tr>\n<tr>\n<td><strong>\u0110\u1ea5m<\/strong><\/td>\n<td>H\u00ecnh b\u00e1n c\u1ea7u, \u03c620 \u00b1 0,05 mm<\/td>\n<\/tr>\n<tr>\n<td><strong>\u0110\u1ea9y \u0110o l\u01b0\u1eddng<\/strong><\/td>\n<td>\u0110\u1ed3ng h\u1ed3 \u0111o k\u1ef9 thu\u1eadt s\u1ed1: Thang \u0111o 0,01 mm,<br \/>\nH\u00e0nh tr\u00ecnh t\u1ed1i \u0111a 20 mm, M\u00e0n h\u00ecnh k\u1ef9 thu\u1eadt s\u1ed1<\/td>\n<\/tr>\n<tr>\n<td><strong>T\u1ed1c \u0111\u1ed9 \u0111\u1ea9y<\/strong><\/td>\n<td>Th\u1ee7 c\u00f4ng, 0,2 mm\/ 1 v\u00f2ng<\/td>\n<\/tr>\n<tr>\n<td><strong>T\u00f9y ch\u1ecdn<\/strong><\/td>\n<td>G\u01b0\u01a1ng, K\u00ednh l\u00fap, Thi\u1ebft b\u1ecb chi\u1ebfu s\u00e1ng<\/td>\n<\/tr>\n<tr>\n<td><strong>Ngu\u1ed3n \u0111i\u1ec7n<\/strong><\/td>\n<td>\u2015<\/td>\n<\/tr>\n<tr>\n<td><strong>K\u00edch th\u01b0\u1edbc\/Tr\u1ecdng l\u01b0\u1ee3ng (X\u1ea5p x\u1ec9)<\/strong><\/td>\n<td>W390 \u00d7 D330 \u00d7 H400 mm, 70 kg<\/td>\n<\/tr>\n<\/tbody>\n<\/table>\n","protected":false},"excerpt":{"rendered":"<p>JIS B7729, (K5400), K5600-5-2, Z2247, ISO 1520, 20482<\/p>\n<ul>\n<li>M\u00e1y th\u1eed n\u00e0y \u0111\u01b0\u1ee3c s\u1eed d\u1ee5ng \u0111\u1ec3 \u0111\u00e1nh gi\u00e1 \u0111\u1ed9 b\u1ec1n u\u1ed1n cong c\u1ee7a m\u00e0ng ph\u1ee7.<\/li>\n<li>C\u1ed1 \u0111\u1ecbnh m\u1eabu th\u1eed gi\u1eefa v\u00f2ng gi\u1eef v\u00e0 x\u00fac x\u1eafc, ng\u01b0\u1eddi v\u1eadn h\u00e0nh ph\u1ea3i t\u1ea1o l\u1ef1c \u0111\u1ea9y cho m\u1eabu th\u1eed \u0111\u1ec3 \u0111\u00e1nh gi\u00e1 \u0111\u1ed9 b\u1ec1n ch\u1ed1ng n\u1ee9t v\u00e0 bong tr\u00f3c c\u1ee7a l\u1edbp n\u1ec1n kim lo\u1ea1i khi m\u1eabu th\u1eed tr\u1ea3i qua qu\u00e1 tr\u00ecnh bi\u1ebfn \u0111\u1ed5i m\u1ed9t ph\u1ea7n.<\/li>\n<\/ul>\n","protected":false},"featured_media":5580,"comment_status":"open","ping_status":"closed","template":"","meta":[],"product_cat":[92],"product_tag":[],"class_list":{"0":"post-5862","1":"product","2":"type-product","3":"status-publish","4":"has-post-thumbnail","6":"product_cat-product","8":"first","9":"instock","10":"shipping-taxable","11":"product-type-simple"},"_links":{"self":[{"href":"https:\/\/yasudaseiki.vn\/vi\/wp-json\/wp\/v2\/product\/5862","targetHints":{"allow":["GET"]}}],"collection":[{"href":"https:\/\/yasudaseiki.vn\/vi\/wp-json\/wp\/v2\/product"}],"about":[{"href":"https:\/\/yasudaseiki.vn\/vi\/wp-json\/wp\/v2\/types\/product"}],"replies":[{"embeddable":true,"href":"https:\/\/yasudaseiki.vn\/vi\/wp-json\/wp\/v2\/comments?post=5862"}],"wp:featuredmedia":[{"embeddable":true,"href":"https:\/\/yasudaseiki.vn\/vi\/wp-json\/wp\/v2\/media\/5580"}],"wp:attachment":[{"href":"https:\/\/yasudaseiki.vn\/vi\/wp-json\/wp\/v2\/media?parent=5862"}],"wp:term":[{"taxonomy":"product_cat","embeddable":true,"href":"https:\/\/yasudaseiki.vn\/vi\/wp-json\/wp\/v2\/product_cat?post=5862"},{"taxonomy":"product_tag","embeddable":true,"href":"https:\/\/yasudaseiki.vn\/vi\/wp-json\/wp\/v2\/product_tag?post=5862"}],"curies":[{"name":"wp","href":"https:\/\/api.w.org\/{rel}","templated":true}]}}