{"id":5824,"date":"2024-08-09T11:13:17","date_gmt":"2024-08-09T04:13:17","guid":{"rendered":"https:\/\/yasudaseiki.vn\/?page_id=5824"},"modified":"2024-08-12T12:59:02","modified_gmt":"2024-08-12T05:59:02","slug":"trang-san-pham","status":"publish","type":"page","link":"https:\/\/yasudaseiki.vn\/vi\/trang-san-pham\/","title":{"rendered":"S\u1ea3n ph\u1ea9m"},"content":{"rendered":"\t<section class=\"section\" id=\"section_820035028\">\n\t\t<div class=\"bg section-bg fill bg-fill bg-loaded bg-loaded\" >\n\n\t\t\t\n\t\t\t\n\t\t\t\n\n\t\t<\/div>\n\n\t\t<div class=\"section-content relative\">\n\t\t\t\n<div class=\"row\"  id=\"row-900838661\">\n\n\t<div id=\"col-705225205\" class=\"col small-12 large-12\"  >\n\t\t\t\t<div class=\"col-inner\"  >\n\t\t\t\n\t\t\t\n<h1>TH\u00d4NG TIN S\u1ea2N PH\u1ea8M<\/h1>\n<p>C\u00e1c s\u1ea3n ph\u1ea9m \u0111\u01b0\u1ee3c s\u1ea3n xu\u1ea5t ng\u00e0y nay c\u00f3 nhi\u1ec1u \u0111\u1eb7c \u0111i\u1ec3m kh\u00e1c nhau v\u00e0 ph\u00f9 h\u1ee3p v\u1edbi nh\u1eefng m\u1ee5c \u0111\u00edch nh\u1ea5t \u0111\u1ecbnh.<br \/>Do \u0111\u00f3, \u0111i\u1ec1u quan tr\u1ecdng l\u00e0 ph\u1ea3i ch\u1ecdn m\u00e1y th\u1eed nghi\u1ec7m v\u00e0 th\u1eed nghi\u1ec7m c\u00e1c s\u1ea3n ph\u1ea9m n\u00e0y theo v\u1eadt li\u1ec7u.<\/p>\n<h3>Nh\u1ef1a v\u00e0 Cao su<a href=\"https:\/\/yasudaseiki.vn\/category-plastic-rubber\/\"><br \/><\/a><a href=\"https:\/\/yasudaseiki.vn\/category-plastic-rubber\/\"><img loading=\"lazy\" decoding=\"async\" class=\"alignnone wp-image-5050\" src=\"https:\/\/yasudaseiki.vn\/wp-content\/uploads\/2024\/07\/ce131264c13fd6924e8a4730a68476d7-300x120.png\" alt=\"\" width=\"433\" height=\"173\" srcset=\"https:\/\/yasudaseiki.vn\/wp-content\/uploads\/2024\/07\/ce131264c13fd6924e8a4730a68476d7-300x120.png 300w, https:\/\/yasudaseiki.vn\/wp-content\/uploads\/2024\/07\/ce131264c13fd6924e8a4730a68476d7-1024x410.png 1024w, https:\/\/yasudaseiki.vn\/wp-content\/uploads\/2024\/07\/ce131264c13fd6924e8a4730a68476d7-768x307.png 768w, https:\/\/yasudaseiki.vn\/wp-content\/uploads\/2024\/07\/ce131264c13fd6924e8a4730a68476d7-600x240.png 600w, https:\/\/yasudaseiki.vn\/wp-content\/uploads\/2024\/07\/ce131264c13fd6924e8a4730a68476d7.png 1500w\" sizes=\"auto, (max-width: 433px) 100vw, 433px\" \/><\/a><\/h3>\n<p>Ch\u00fang t\u00f4i gi\u1edbi thi\u1ec7u m\u00e1y th\u1eed nh\u1ef1a v\u00e0 cao su \u0111\u1ec3 ki\u1ec3m tra nhi\u1ec1u y\u1ebfu t\u1ed1 kh\u00e1c nhau nh\u01b0 kh\u1ea3 n\u0103ng ch\u1ed1ng m\u00e0i m\u00f2n v\u00e0 kh\u1ea3 n\u0103ng ch\u1ecbu nhi\u1ec7t.<\/p>\n<h3><strong>B\u0103ng v\u00e0 m\u00e0ng<\/strong><\/h3>\n<p><a href=\"https:\/\/yasudaseiki.vn\/category-tape-film\/\"><img loading=\"lazy\" decoding=\"async\" class=\"alignnone wp-image-5104\" src=\"https:\/\/yasudaseiki.vn\/wp-content\/uploads\/2024\/07\/tape-film-en-300x120.png\" alt=\"\" width=\"418\" height=\"167\" srcset=\"https:\/\/yasudaseiki.vn\/wp-content\/uploads\/2024\/07\/tape-film-en-300x120.png 300w, https:\/\/yasudaseiki.vn\/wp-content\/uploads\/2024\/07\/tape-film-en-1024x410.png 1024w, https:\/\/yasudaseiki.vn\/wp-content\/uploads\/2024\/07\/tape-film-en-768x307.png 768w, https:\/\/yasudaseiki.vn\/wp-content\/uploads\/2024\/07\/tape-film-en-600x240.png 600w, https:\/\/yasudaseiki.vn\/wp-content\/uploads\/2024\/07\/tape-film-en.png 1500w\" sizes=\"auto, (max-width: 418px) 100vw, 418px\" \/><\/a><\/p>\n<p>Ch\u00fang t\u00f4i gi\u1edbi thi\u1ec7u m\u00e1y th\u1eed b\u0103ng v\u00e0 m\u00e0ng theo \u1ee9ng d\u1ee5ng nh\u01b0 \u0111\u1ed9 gi\u1ea3m \u0111\u1ed9 b\u00e1m d\u00ednh, kh\u1ea3 n\u0103ng ch\u1ecbu nhi\u1ec7t, v.v.<\/p>\n<h3>D\u00e2y \u0111i\u1ec7n<\/h3>\n<p><a href=\"https:\/\/yasudaseiki.vn\/category-electrical-wires\/\"><img loading=\"lazy\" decoding=\"async\" class=\"alignnone wp-image-5109\" src=\"https:\/\/yasudaseiki.vn\/wp-content\/uploads\/2024\/07\/electrical_wire-300x120.png\" alt=\"\" width=\"410\" height=\"164\" srcset=\"https:\/\/yasudaseiki.vn\/wp-content\/uploads\/2024\/07\/electrical_wire-300x120.png 300w, https:\/\/yasudaseiki.vn\/wp-content\/uploads\/2024\/07\/electrical_wire-1024x410.png 1024w, https:\/\/yasudaseiki.vn\/wp-content\/uploads\/2024\/07\/electrical_wire-768x307.png 768w, https:\/\/yasudaseiki.vn\/wp-content\/uploads\/2024\/07\/electrical_wire-600x240.png 600w, https:\/\/yasudaseiki.vn\/wp-content\/uploads\/2024\/07\/electrical_wire.png 1500w\" sizes=\"auto, (max-width: 410px) 100vw, 410px\" \/><br \/><\/a><\/p>\n<p>Vi\u1ec7c ki\u1ec3m tra \u0111\u1ed9 an to\u00e0n c\u1ee7a d\u00e2y \u0111i\u1ec7n ho\u1eb7c d\u00e2y tr\u00e1ng men d\u1eabn \u0111i\u1ec7n l\u00e0 v\u00f4 c\u00f9ng quan tr\u1ecdng. C\u00f3 nhi\u1ec1u m\u00e1y th\u1eed nghi\u1ec7m d\u00e2y \u0111i\u1ec7n \u0111\u1ec3 ki\u1ec3m tra \u0111\u1ed9 \u1ed5n \u0111\u1ecbnh, s\u1ef1 bi\u1ebfn \u0111\u1ed5i x\u1ea3y ra do nhi\u1ec7t v\u00e0 \u0111\u1ed9 linh ho\u1ea1t.<\/p>\n<h3>Da v\u00e0 Da s\u1ed1ng<\/h3>\n<p><a href=\"https:\/\/yasudaseiki.vn\/category-leather-and-hide\/\"><img loading=\"lazy\" decoding=\"async\" class=\"alignnone wp-image-5116\" src=\"https:\/\/yasudaseiki.vn\/wp-content\/uploads\/2024\/07\/leather-300x120.png\" alt=\"\" width=\"410\" height=\"164\" srcset=\"https:\/\/yasudaseiki.vn\/wp-content\/uploads\/2024\/07\/leather-300x120.png 300w, https:\/\/yasudaseiki.vn\/wp-content\/uploads\/2024\/07\/leather-1024x410.png 1024w, https:\/\/yasudaseiki.vn\/wp-content\/uploads\/2024\/07\/leather-768x307.png 768w, https:\/\/yasudaseiki.vn\/wp-content\/uploads\/2024\/07\/leather-600x240.png 600w, https:\/\/yasudaseiki.vn\/wp-content\/uploads\/2024\/07\/leather.png 1500w\" sizes=\"auto, (max-width: 410px) 100vw, 410px\" \/><\/a><\/p>\n<p>T\u00ednh linh ho\u1ea1t v\u00e0 \u0111\u1ed9 b\u1ec1n l\u00e0 y\u00eau c\u1ea7u b\u1eaft bu\u1ed9c \u0111\u1ed1i v\u1edbi t\u1ea5t c\u1ea3 c\u00e1c lo\u1ea1i s\u1ea3n ph\u1ea9m da. M\u00e1y th\u1eed nghi\u1ec7m c\u1ee7a ch\u00fang t\u00f4i ki\u1ec3m tra c\u00e1c \u0111\u1eb7c t\u00ednh c\u1ee7a da v\u00e0 c\u00f3 th\u1ec3 ch\u1ee9ng minh li\u1ec7u n\u00f3 c\u00f3 h\u1eefu \u00edch \u0111\u1ec3 ch\u1ebf bi\u1ebfn th\u00e0nh s\u1ea3n ph\u1ea9m hay kh\u00f4ng.<\/p>\n<h3>Gi\u1ea5y v\u00e0 b\u1ed9t gi\u1ea5y<\/h3>\n<p><a href=\"https:\/\/yasudaseiki.vn\/category-paper-and-pulp\/\"><img loading=\"lazy\" decoding=\"async\" class=\"alignnone wp-image-5121\" src=\"https:\/\/yasudaseiki.vn\/wp-content\/uploads\/2024\/07\/paper-300x120.png\" alt=\"\" width=\"408\" height=\"163\" srcset=\"https:\/\/yasudaseiki.vn\/wp-content\/uploads\/2024\/07\/paper-300x120.png 300w, https:\/\/yasudaseiki.vn\/wp-content\/uploads\/2024\/07\/paper-1024x410.png 1024w, https:\/\/yasudaseiki.vn\/wp-content\/uploads\/2024\/07\/paper-768x307.png 768w, https:\/\/yasudaseiki.vn\/wp-content\/uploads\/2024\/07\/paper-600x240.png 600w, https:\/\/yasudaseiki.vn\/wp-content\/uploads\/2024\/07\/paper.png 1500w\" sizes=\"auto, (max-width: 408px) 100vw, 408px\" \/><\/a><\/p>\n<p>Gi\u1ea5y v\u00e0 b\u1ed9t gi\u1ea5y l\u00e0 nh\u1eefng v\u1eadt li\u1ec7u \u0111a n\u0103ng v\u00e0 thi\u1ebft y\u1ebfu trong cu\u1ed9c s\u1ed1ng c\u1ee7a ch\u00fang ta v\u00ec ch\u00fang c\u00f3 nhi\u1ec1u \u0111\u1eb7c \u0111i\u1ec3m ri\u00eang bi\u1ec7t. M\u00e1y th\u1eed nghi\u1ec7m c\u1ee7a ch\u00fang t\u00f4i ki\u1ec3m tra t\u1ea5t c\u1ea3 c\u00e1c \u0111\u1eb7c t\u00ednh \u0111\u1eb7c tr\u01b0ng c\u1ee7a ch\u00fang, ch\u1eb3ng h\u1ea1n nh\u01b0 kh\u1ea3 n\u0103ng h\u1ea5p th\u1ee5, kh\u1ea3 n\u0103ng ch\u1ed1ng u\u1ed1n v\u00e0 \u0111\u1ed9 b\u1ec1n n\u00e9n.<\/p>\n<h3><strong>V\u1ea3i v\u00e0 nhu\u1ed9m<\/strong><\/h3>\n<p><a href=\"https:\/\/yasudaseiki.vn\/category-fabric-and-dyeing\/\"><img loading=\"lazy\" decoding=\"async\" class=\"alignnone wp-image-5126\" src=\"https:\/\/yasudaseiki.vn\/wp-content\/uploads\/2024\/07\/fabric-300x120.png\" alt=\"\" width=\"413\" height=\"165\" srcset=\"https:\/\/yasudaseiki.vn\/wp-content\/uploads\/2024\/07\/fabric-300x120.png 300w, https:\/\/yasudaseiki.vn\/wp-content\/uploads\/2024\/07\/fabric-1024x410.png 1024w, https:\/\/yasudaseiki.vn\/wp-content\/uploads\/2024\/07\/fabric-768x307.png 768w, https:\/\/yasudaseiki.vn\/wp-content\/uploads\/2024\/07\/fabric-600x240.png 600w, https:\/\/yasudaseiki.vn\/wp-content\/uploads\/2024\/07\/fabric.png 1500w\" sizes=\"auto, (max-width: 413px) 100vw, 413px\" \/><\/a><\/p>\n<p>V\u1ea3i l\u00e0 v\u1eadt li\u1ec7u ti\u1ebfp x\u00fac tr\u1ef1c ti\u1ebfp v\u1edbi da ng\u01b0\u1eddi v\u00e0 do \u0111\u00f3 c\u1ea7n ph\u1ea3i \u0111\u01b0\u1ee3c th\u1eed nghi\u1ec7m trong khi xem x\u00e9t c\u00e1c v\u1ea5n \u0111\u1ec1 v\u1ec1 an to\u00e0n v\u00e0 \u0111\u1ed9 b\u1ec1n. Ch\u00fang t\u00f4i c\u00f3 nhi\u1ec1u m\u00e1y th\u1eed nghi\u1ec7m tuy\u1ec7t v\u1eddi cho v\u1ea3i v\u00e0 nhu\u1ed9m m\u00e0 c\u00e1c ng\u00e0nh c\u00f4ng nghi\u1ec7p may m\u1eb7c v\u00e0 c\u00e1c nh\u00e0 s\u1ea3n xu\u1ea5t v\u1ea3i \u00e1p d\u1ee5ng.<\/p>\n<h3>S\u01a1n, S\u1eafc t\u1ed1 v\u00e0 M\u1ef1c<\/h3>\n<p><a href=\"https:\/\/yasudaseiki.vn\/category-paint-pigment-and-ink\/\"><img loading=\"lazy\" decoding=\"async\" class=\"alignnone wp-image-5131\" src=\"https:\/\/yasudaseiki.vn\/wp-content\/uploads\/2024\/07\/paint-300x120.png\" alt=\"\" width=\"413\" height=\"165\" srcset=\"https:\/\/yasudaseiki.vn\/wp-content\/uploads\/2024\/07\/paint-300x120.png 300w, https:\/\/yasudaseiki.vn\/wp-content\/uploads\/2024\/07\/paint-1024x410.png 1024w, https:\/\/yasudaseiki.vn\/wp-content\/uploads\/2024\/07\/paint-768x307.png 768w, https:\/\/yasudaseiki.vn\/wp-content\/uploads\/2024\/07\/paint-600x240.png 600w, https:\/\/yasudaseiki.vn\/wp-content\/uploads\/2024\/07\/paint.png 1500w\" sizes=\"auto, (max-width: 413px) 100vw, 413px\" \/><\/a><\/p>\n<p>S\u01a1n, s\u1eafc t\u1ed1 v\u00e0 m\u1ef1c \u0111\u01b0\u1ee3c s\u1eed d\u1ee5ng \u0111\u1ec3 trang tr\u00ed c\u00e1c s\u1ea3n ph\u1ea9m v\u00e0 \u0111\u01b0\u1ee3c s\u1eed d\u1ee5ng \u0111\u1ec3 t\u1ea1o ra c\u00e1c s\u1ea3n ph\u1ea9m b\u1ec1n, c\u1ea7n \u0111\u01b0\u1ee3c ki\u1ec3m tra c\u00e1c y\u00eau c\u1ea7u c\u1ee7a ch\u00fang. M\u00e1y th\u1eed nghi\u1ec7m c\u1ee7a ch\u00fang t\u00f4i s\u1ebd ki\u1ec3m tra \u0111\u1ed9 d\u00e0y, \u0111\u1ed9 l\u1ecfng v\u00e0 \u0111\u1ed9 b\u1ec1n c\u1ee7a s\u01a1n theo m\u1ecdi t\u00ecnh hu\u1ed1ng.<\/p>\n<h3><strong>V\u1eadt li\u1ec7u t\u00f9y ch\u1ec9nh v\u00e0 v\u1eadt li\u1ec7u kh\u00e1c<\/strong><\/h3>\n<p><a href=\"https:\/\/yasudaseiki.vn\/category-custom-made-and-other-material\/\"><img loading=\"lazy\" decoding=\"async\" class=\"alignnone wp-image-5136\" src=\"https:\/\/yasudaseiki.vn\/wp-content\/uploads\/2024\/07\/custom_order-300x120.png\" alt=\"\" width=\"413\" height=\"165\" srcset=\"https:\/\/yasudaseiki.vn\/wp-content\/uploads\/2024\/07\/custom_order-300x120.png 300w, https:\/\/yasudaseiki.vn\/wp-content\/uploads\/2024\/07\/custom_order-1024x410.png 1024w, https:\/\/yasudaseiki.vn\/wp-content\/uploads\/2024\/07\/custom_order-768x307.png 768w, https:\/\/yasudaseiki.vn\/wp-content\/uploads\/2024\/07\/custom_order-600x240.png 600w, https:\/\/yasudaseiki.vn\/wp-content\/uploads\/2024\/07\/custom_order.png 1500w\" sizes=\"auto, (max-width: 413px) 100vw, 413px\" \/><\/a><\/p>\n<p>Ch\u00fang t\u00f4i tin r\u1eb1ng khi c\u00f3 nhi\u1ec1u s\u1ea3n ph\u1ea9m t\u1ed3n t\u1ea1i, c\u1ea7n ph\u1ea3i c\u00f3 nhi\u1ec1u thi\u1ebft b\u1ecb th\u1eed nghi\u1ec7m ph\u00f9 h\u1ee3p v\u1edbi m\u1ecdi lo\u1ea1i v\u1eadt li\u1ec7u c\u1ee5 th\u1ec3. T\u1ea1i YASUDA SEIKI, ch\u00fang t\u00f4i c\u00f3 th\u1ec3 s\u1ea3n xu\u1ea5t v\u00e0 cung c\u1ea5p m\u00e1y ki\u1ec3m tra t\u00f9y ch\u1ec9nh theo nhu c\u1ea7u c\u1ee7a b\u1ea1n.<\/p>\n<h3>Bi\u1ec3u m\u1eabu y\u00eau c\u1ea7u<\/h3>\n\t\t<\/div>\n\t\t\t\t\t<\/div>\n\n\t\n\n\t<div id=\"col-1525199833\" class=\"col small-12 large-12\"  >\n\t\t\t\t<div class=\"col-inner text-center\"  >\n\t\t\t\n\t\t\t\n<a href=\"https:\/\/yasudaseiki.vn\/contact\/\" target=\"_self\" class=\"button primary is-large lowercase\"  style=\"border-radius:6px;padding:6px 50px 6px 50px;\">\n    <span>Bi\u1ec3u m\u1eabu y\u00eau c\u1ea7u<\/span>\n  <\/a>\n\n\t\t<\/div>\n\t\t\t\t\t<\/div>\n\n\t\n<\/div>\n\t\t<\/div>\n\n\t\t\n<style>\n#section_820035028 {\n  padding-top: 30px;\n  padding-bottom: 30px;\n}\n<\/style>\n\t<\/section>\n\t\n","protected":false},"excerpt":{"rendered":"","protected":false},"author":2,"featured_media":0,"parent":0,"menu_order":0,"comment_status":"closed","ping_status":"closed","template":"page-blank.php","meta":{"footnotes":""},"class_list":["post-5824","page","type-page","status-publish","hentry"],"rankMath":{"parentDomain":"yasudaseiki.vn","noFollowDomains":[],"noFollowExcludeDomains":[],"noFollowExternalLinks":false,"featuredImageNotice":"H\u00ecnh \u1ea3nh n\u1ed5i b\u1eadt n\u00ean c\u00f3 k\u00edch th\u01b0\u1edbc \u00edt nh\u1ea5t 200 x 200 pixel \u0111\u1ec3 \u0111\u01b0\u1ee3c Facebook v\u00e0 c\u00e1c trang m\u1ea1ng x\u00e3 h\u1ed9i kh\u00e1c ch\u1ecdn.","pluginReviewed":false,"postSettings":{"linkSuggestions":true,"useFocusKeyword":false},"frontEndScore":false,"postName":"trang-san-pham","permalinkFormat":"https:\/\/yasudaseiki.vn\/vi\/%pagename%\/","showLockModifiedDate":true,"assessor":{"focusKeywordLink":"https:\/\/yasudaseiki.vn\/wp-admin\/edit.php?focus_keyword=%focus_keyword%&post_type=%post_type%","hasTOCPlugin":{"table-of-contents-plus\/toc.php":"Table of Contents Plus"},"primaryTaxonomy":false,"serpData":{"title":"","description":"","focusKeywords":"","pillarContent":false,"canonicalUrl":"","breadcrumbTitle":"","advancedRobots":[],"facebookTitle":"","facebookDescription":"","facebookImage":"","facebookImageID":"","facebookHasOverlay":false,"facebookImageOverlay":"","facebookAuthor":"","twitterCardType":"","twitterUseFacebook":true,"twitterTitle":"","twitterDescription":"","twitterImage":"","twitterImageID":"","twitterHasOverlay":false,"twitterImageOverlay":"","twitterPlayerUrl":"","twitterPlayerSize":"","twitterPlayerStream":"","twitterPlayerStreamCtype":"","twitterAppDescription":"","twitterAppIphoneName":"","twitterAppIphoneID":"","twitterAppIphoneUrl":"","twitterAppIpadName":"","twitterAppIpadID":"","twitterAppIpadUrl":"","twitterAppGoogleplayName":"","twitterAppGoogleplayID":"","twitterAppGoogleplayUrl":"","twitterAppCountry":"","robots":{"index":true},"twitterAuthor":"t\u00ean ng\u01b0\u1eddi d\u00f9ng","primaryTerm":0,"authorName":"Ninh Tran","titleTemplate":"%title% %sep% %sitename%","descriptionTemplate":"%excerpt%","showScoreFrontend":true,"lockModifiedDate":false},"powerWords":[],"diacritics":{"A":"[\\u0041\\u24B6\\uFF21\\u00C0\\u00C1\\u00C2\\u1EA6\\u1EA4\\u1EAA\\u1EA8\\u00C3\\u0100\\u0102\\u1EB0\\u1EAE\\u1EB4\\u1EB2\\u0226\\u01E0\\u00C4\\u01DE\\u1EA2\\u00C5\\u01FA\\u01CD\\u0200\\u0202\\u1EA0\\u1EAC\\u1EB6\\u1E00\\u0104\\u023A\\u2C6F]","AA":"[\\uA732]","AE":"[\\u00C6\\u01FC\\u01E2]","AO":"[\\uA734]","AU":"[\\uA736]","AV":"[\\uA738\\uA73A]","AY":"[\\uA73C]","B":"[\\u0042\\u24B7\\uFF22\\u1E02\\u1E04\\u1E06\\u0243\\u0182\\u0181]","C":"[\\u0043\\u24B8\\uFF23\\u0106\\u0108\\u010A\\u010C\\u00C7\\u1E08\\u0187\\u023B\\uA73E]","D":"[\\u0044\\u24B9\\uFF24\\u1E0A\\u010E\\u1E0C\\u1E10\\u1E12\\u1E0E\\u0110\\u018B\\u018A\\u0189\\uA779]","DZ":"[\\u01F1\\u01C4]","Dz":"[\\u01F2\\u01C5]","E":"[\\u0045\\u24BA\\uFF25\\u00C8\\u00C9\\u00CA\\u1EC0\\u1EBE\\u1EC4\\u1EC2\\u1EBC\\u0112\\u1E14\\u1E16\\u0114\\u0116\\u00CB\\u1EBA\\u011A\\u0204\\u0206\\u1EB8\\u1EC6\\u0228\\u1E1C\\u0118\\u1E18\\u1E1A\\u0190\\u018E]","F":"[\\u0046\\u24BB\\uFF26\\u1E1E\\u0191\\uA77B]","G":"[\\u0047\\u24BC\\uFF27\\u01F4\\u011C\\u1E20\\u011E\\u0120\\u01E6\\u0122\\u01E4\\u0193\\uA7A0\\uA77D\\uA77E]","H":"[\\u0048\\u24BD\\uFF28\\u0124\\u1E22\\u1E26\\u021E\\u1E24\\u1E28\\u1E2A\\u0126\\u2C67\\u2C75\\uA78D]","I":"[\\u0049\\u24BE\\uFF29\\u00CC\\u00CD\\u00CE\\u0128\\u012A\\u012C\\u0130\\u00CF\\u1E2E\\u1EC8\\u01CF\\u0208\\u020A\\u1ECA\\u012E\\u1E2C\\u0197]","J":"[\\u004A\\u24BF\\uFF2A\\u0134\\u0248]","K":"[\\u004B\\u24C0\\uFF2B\\u1E30\\u01E8\\u1E32\\u0136\\u1E34\\u0198\\u2C69\\uA740\\uA742\\uA744\\uA7A2]","L":"[\\u004C\\u24C1\\uFF2C\\u013F\\u0139\\u013D\\u1E36\\u1E38\\u013B\\u1E3C\\u1E3A\\u0141\\u023D\\u2C62\\u2C60\\uA748\\uA746\\uA780]","LJ":"[\\u01C7]","Lj":"[\\u01C8]","M":"[\\u004D\\u24C2\\uFF2D\\u1E3E\\u1E40\\u1E42\\u2C6E\\u019C]","N":"[\\u004E\\u24C3\\uFF2E\\u01F8\\u0143\\u00D1\\u1E44\\u0147\\u1E46\\u0145\\u1E4A\\u1E48\\u0220\\u019D\\uA790\\uA7A4]","NJ":"[\\u01CA]","Nj":"[\\u01CB]","O":"[\\u004F\\u24C4\\uFF2F\\u00D2\\u00D3\\u00D4\\u1ED2\\u1ED0\\u1ED6\\u1ED4\\u00D5\\u1E4C\\u022C\\u1E4E\\u014C\\u1E50\\u1E52\\u014E\\u022E\\u0230\\u00D6\\u022A\\u1ECE\\u0150\\u01D1\\u020C\\u020E\\u01A0\\u1EDC\\u1EDA\\u1EE0\\u1EDE\\u1EE2\\u1ECC\\u1ED8\\u01EA\\u01EC\\u00D8\\u01FE\\u0186\\u019F\\uA74A\\uA74C]","OI":"[\\u01A2]","OO":"[\\uA74E]","OU":"[\\u0222]","P":"[\\u0050\\u24C5\\uFF30\\u1E54\\u1E56\\u01A4\\u2C63\\uA750\\uA752\\uA754]","Q":"[\\u0051\\u24C6\\uFF31\\uA756\\uA758\\u024A]","R":"[\\u0052\\u24C7\\uFF32\\u0154\\u1E58\\u0158\\u0210\\u0212\\u1E5A\\u1E5C\\u0156\\u1E5E\\u024C\\u2C64\\uA75A\\uA7A6\\uA782]","S":"[\\u0053\\u24C8\\uFF33\\u1E9E\\u015A\\u1E64\\u015C\\u1E60\\u0160\\u1E66\\u1E62\\u1E68\\u0218\\u015E\\u2C7E\\uA7A8\\uA784]","T":"[\\u0054\\u24C9\\uFF34\\u1E6A\\u0164\\u1E6C\\u021A\\u0162\\u1E70\\u1E6E\\u0166\\u01AC\\u01AE\\u023E\\uA786]","TZ":"[\\uA728]","U":"[\\u0055\\u24CA\\uFF35\\u00D9\\u00DA\\u00DB\\u0168\\u1E78\\u016A\\u1E7A\\u016C\\u00DC\\u01DB\\u01D7\\u01D5\\u01D9\\u1EE6\\u016E\\u0170\\u01D3\\u0214\\u0216\\u01AF\\u1EEA\\u1EE8\\u1EEE\\u1EEC\\u1EF0\\u1EE4\\u1E72\\u0172\\u1E76\\u1E74\\u0244]","V":"[\\u0056\\u24CB\\uFF36\\u1E7C\\u1E7E\\u01B2\\uA75E\\u0245]","VY":"[\\uA760]","W":"[\\u0057\\u24CC\\uFF37\\u1E80\\u1E82\\u0174\\u1E86\\u1E84\\u1E88\\u2C72]","X":"[\\u0058\\u24CD\\uFF38\\u1E8A\\u1E8C]","Y":"[\\u0059\\u24CE\\uFF39\\u1EF2\\u00DD\\u0176\\u1EF8\\u0232\\u1E8E\\u0178\\u1EF6\\u1EF4\\u01B3\\u024E\\u1EFE]","Z":"[\\u005A\\u24CF\\uFF3A\\u0179\\u1E90\\u017B\\u017D\\u1E92\\u1E94\\u01B5\\u0224\\u2C7F\\u2C6B\\uA762]","a":"[\\u0061\\u24D0\\uFF41\\u1E9A\\u00E0\\u00E1\\u00E2\\u1EA7\\u1EA5\\u1EAB\\u1EA9\\u00E3\\u0101\\u0103\\u1EB1\\u1EAF\\u1EB5\\u1EB3\\u0227\\u01E1\\u00E4\\u01DF\\u1EA3\\u00E5\\u01FB\\u01CE\\u0201\\u0203\\u1EA1\\u1EAD\\u1EB7\\u1E01\\u0105\\u2C65\\u0250]","aa":"[\\uA733]","ae":"[\\u00E6\\u01FD\\u01E3]","ao":"[\\uA735]","au":"[\\uA737]","av":"[\\uA739\\uA73B]","ay":"[\\uA73D]","b":"[\\u0062\\u24D1\\uFF42\\u1E03\\u1E05\\u1E07\\u0180\\u0183\\u0253]","c":"[\\u0063\\u24D2\\uFF43\\u0107\\u0109\\u010B\\u010D\\u00E7\\u1E09\\u0188\\u023C\\uA73F\\u2184]","d":"[\\u0064\\u24D3\\uFF44\\u1E0B\\u010F\\u1E0D\\u1E11\\u1E13\\u1E0F\\u0111\\u018C\\u0256\\u0257\\uA77A]","dz":"[\\u01F3\\u01C6]","e":"[\\u0065\\u24D4\\uFF45\\u00E8\\u00E9\\u00EA\\u1EC1\\u1EBF\\u1EC5\\u1EC3\\u1EBD\\u0113\\u1E15\\u1E17\\u0115\\u0117\\u00EB\\u1EBB\\u011B\\u0205\\u0207\\u1EB9\\u1EC7\\u0229\\u1E1D\\u0119\\u1E19\\u1E1B\\u0247\\u025B\\u01DD]","f":"[\\u0066\\u24D5\\uFF46\\u1E1F\\u0192\\uA77C]","g":"[\\u0067\\u24D6\\uFF47\\u01F5\\u011D\\u1E21\\u011F\\u0121\\u01E7\\u0123\\u01E5\\u0260\\uA7A1\\u1D79\\uA77F]","h":"[\\u0068\\u24D7\\uFF48\\u0125\\u1E23\\u1E27\\u021F\\u1E25\\u1E29\\u1E2B\\u1E96\\u0127\\u2C68\\u2C76\\u0265]","hv":"[\\u0195]","i":"[\\u0069\\u24D8\\uFF49\\u00EC\\u00ED\\u00EE\\u0129\\u012B\\u012D\\u00EF\\u1E2F\\u1EC9\\u01D0\\u0209\\u020B\\u1ECB\\u012F\\u1E2D\\u0268\\u0131]","j":"[\\u006A\\u24D9\\uFF4A\\u0135\\u01F0\\u0249]","k":"[\\u006B\\u24DA\\uFF4B\\u1E31\\u01E9\\u1E33\\u0137\\u1E35\\u0199\\u2C6A\\uA741\\uA743\\uA745\\uA7A3]","l":"[\\u006C\\u24DB\\uFF4C\\u0140\\u013A\\u013E\\u1E37\\u1E39\\u013C\\u1E3D\\u1E3B\\u017F\\u0142\\u019A\\u026B\\u2C61\\uA749\\uA781\\uA747]","lj":"[\\u01C9]","m":"[\\u006D\\u24DC\\uFF4D\\u1E3F\\u1E41\\u1E43\\u0271\\u026F]","n":"[\\u006E\\u24DD\\uFF4E\\u01F9\\u0144\\u00F1\\u1E45\\u0148\\u1E47\\u0146\\u1E4B\\u1E49\\u019E\\u0272\\u0149\\uA791\\uA7A5]","nj":"[\\u01CC]","o":"[\\u006F\\u24DE\\uFF4F\\u00F2\\u00F3\\u00F4\\u1ED3\\u1ED1\\u1ED7\\u1ED5\\u00F5\\u1E4D\\u022D\\u1E4F\\u014D\\u1E51\\u1E53\\u014F\\u022F\\u0231\\u00F6\\u022B\\u1ECF\\u0151\\u01D2\\u020D\\u020F\\u01A1\\u1EDD\\u1EDB\\u1EE1\\u1EDF\\u1EE3\\u1ECD\\u1ED9\\u01EB\\u01ED\\u00F8\\u01FF\\u0254\\uA74B\\uA74D\\u0275]","oi":"[\\u01A3]","ou":"[\\u0223]","oo":"[\\uA74F]","p":"[\\u0070\\u24DF\\uFF50\\u1E55\\u1E57\\u01A5\\u1D7D\\uA751\\uA753\\uA755]","q":"[\\u0071\\u24E0\\uFF51\\u024B\\uA757\\uA759]","r":"[\\u0072\\u24E1\\uFF52\\u0155\\u1E59\\u0159\\u0211\\u0213\\u1E5B\\u1E5D\\u0157\\u1E5F\\u024D\\u027D\\uA75B\\uA7A7\\uA783]","s":"[\\u0073\\u24E2\\uFF53\\u015B\\u1E65\\u015D\\u1E61\\u0161\\u1E67\\u1E63\\u1E69\\u0219\\u015F\\u023F\\uA7A9\\uA785\\u1E9B]","ss":"[\\u00DF]","t":"[\\u0074\\u24E3\\uFF54\\u1E6B\\u1E97\\u0165\\u1E6D\\u021B\\u0163\\u1E71\\u1E6F\\u0167\\u01AD\\u0288\\u2C66\\uA787]","tz":"[\\uA729]","u":"[\\u0075\\u24E4\\uFF55\\u00F9\\u00FA\\u00FB\\u0169\\u1E79\\u016B\\u1E7B\\u016D\\u00FC\\u01DC\\u01D8\\u01D6\\u01DA\\u1EE7\\u016F\\u0171\\u01D4\\u0215\\u0217\\u01B0\\u1EEB\\u1EE9\\u1EEF\\u1EED\\u1EF1\\u1EE5\\u1E73\\u0173\\u1E77\\u1E75\\u0289]","v":"[\\u0076\\u24E5\\uFF56\\u1E7D\\u1E7F\\u028B\\uA75F\\u028C]","vy":"[\\uA761]","w":"[\\u0077\\u24E6\\uFF57\\u1E81\\u1E83\\u0175\\u1E87\\u1E85\\u1E98\\u1E89\\u2C73]","x":"[\\u0078\\u24E7\\uFF58\\u1E8B\\u1E8D]","y":"[\\u0079\\u24E8\\uFF59\\u1EF3\\u00FD\\u0177\\u1EF9\\u0233\\u1E8F\\u00FF\\u1EF7\\u1E99\\u1EF5\\u01B4\\u024F\\u1EFF]","z":"[\\u007A\\u24E9\\uFF5A\\u017A\\u1E91\\u017C\\u017E\\u1E93\\u1E95\\u01B6\\u0225\\u0240\\u2C6C\\uA763]"},"researchesTests":["contentHasTOC","contentHasShortParagraphs","contentHasAssets","keywordInTitle","keywordInMetaDescription","keywordInPermalink","keywordIn10Percent","keywordInContent","keywordInSubheadings","keywordInImageAlt","keywordDensity","keywordNotUsed","lengthContent","lengthPermalink","linksHasInternal","linksHasExternals","linksNotAllExternals","titleStartWithKeyword","titleSentiment","titleHasPowerWords","titleHasNumber","hasContentAI"],"hasRedirection":false,"hasBreadcrumb":true},"homeUrl":"https:\/\/yasudaseiki.vn\/vi\/","objectID":5824,"objectType":"post","locale":"vi","localeFull":"vi","overlayImages":{"play":{"name":"Bi\u1ec3u t\u01b0\u1ee3ng ph\u00e1t","url":"https:\/\/yasudaseiki.vn\/wp-content\/plugins\/seo-by-rank-math\/assets\/admin\/img\/icon-play.png","path":"\/home\/yasudase\/domains\/yasudaseiki.vn\/public_html\/wp-content\/plugins\/seo-by-rank-math\/assets\/admin\/img\/icon-play.png","position":"middle_center"},"gif":{"name":"Bi\u1ec3u t\u01b0\u1ee3ng GIF","url":"https:\/\/yasudaseiki.vn\/wp-content\/plugins\/seo-by-rank-math\/assets\/admin\/img\/icon-gif.png","path":"\/home\/yasudase\/domains\/yasudaseiki.vn\/public_html\/wp-content\/plugins\/seo-by-rank-math\/assets\/admin\/img\/icon-gif.png","position":"middle_center"}},"defautOgImage":"https:\/\/yasudaseiki.vn\/wp-content\/plugins\/seo-by-rank-math\/assets\/admin\/img\/social-placeholder.jpg","customPermalinks":true,"isUserRegistered":false,"autoSuggestKeywords":false,"connectSiteUrl":"https:\/\/rankmath.com\/auth?site=https%3A%2F%2Fyasudaseiki.vn%2Fvi%2F&r=https%3A%2F%2Fyasudaseiki.vn%2Fvi%2Fwp-json%2Fwp%2Fv2%2Fpages%2F5824%3Fnonce%3D372d67c27f","maxTags":5,"trendsIcon":"<svg viewBox=\"0 0 610 610\"><path d=\"M18.85,446,174.32,290.48l58.08,58.08L76.93,504a14.54,14.54,0,0,1-20.55,0L18.83,466.48a14.54,14.54,0,0,1,0-20.55Z\" style=\"fill:#4285f4\"\/><path d=\"M242.65,242.66,377.59,377.6l-47.75,47.75a14.54,14.54,0,0,1-20.55,0L174.37,290.43l47.75-47.75A14.52,14.52,0,0,1,242.65,242.66Z\" style=\"fill:#ea4335\"\/><polygon points=\"319.53 319.53 479.26 159.8 537.34 217.88 377.61 377.62 319.53 319.53\" style=\"fill:#fabb05\"\/><path d=\"M594.26,262.73V118.61h0a16.94,16.94,0,0,0-16.94-16.94H433.2a16.94,16.94,0,0,0-12,28.92L565.34,274.71h0a16.94,16.94,0,0,0,28.92-12Z\" style=\"fill:#34a853\"\/><rect width=\"610\" height=\"610\" style=\"fill:none\"\/><\/svg>","showScore":true,"siteFavIcon":"https:\/\/yasudaseiki.vn\/wp-content\/uploads\/2024\/09\/cropped-fanvicon-hason-32x32.png","canUser":{"general":false,"advanced":false,"snippet":false,"social":false,"analysis":false,"analytics":false,"content_ai":false},"isPro":false,"is_front_page":false,"trendsUpgradeLink":"https:\/\/rankmath.com\/pricing\/?utm_source=Plugin&utm_medium=CE%20General%20Tab%20Trends&utm_campaign=WP","trendsUpgradeLabel":"N\u00e2ng c\u1ea5p","trendsPreviewImage":"https:\/\/yasudaseiki.vn\/wp-content\/plugins\/seo-by-rank-math\/assets\/admin\/img\/trends-preview.jpg","currentEditor":false,"homepageData":{"assessor":{"powerWords":[],"diacritics":true,"researchesTests":["contentHasTOC","contentHasShortParagraphs","contentHasAssets","keywordInTitle","keywordInMetaDescription","keywordInPermalink","keywordIn10Percent","keywordInContent","keywordInSubheadings","keywordInImageAlt","keywordDensity","keywordNotUsed","lengthContent","lengthPermalink","linksHasInternal","linksHasExternals","linksNotAllExternals","titleStartWithKeyword","titleSentiment","titleHasPowerWords","titleHasNumber","hasContentAI"],"hasBreadcrumb":true,"serpData":{"title":"%sitename% %page% %sep% %sitedesc%","description":"","titleTemplate":"%sitename% %page% %sep% %sitedesc%","descriptionTemplate":"","focusKeywords":"","breadcrumbTitle":"Home","robots":{"index":true},"advancedRobots":[],"facebookTitle":"","facebookDescription":"","facebookImage":"","facebookImageID":""}}},"tocTitle":"Table of Contents","tocExcludeHeadings":[],"listStyle":"ul"},"_links":{"self":[{"href":"https:\/\/yasudaseiki.vn\/vi\/wp-json\/wp\/v2\/pages\/5824","targetHints":{"allow":["GET"]}}],"collection":[{"href":"https:\/\/yasudaseiki.vn\/vi\/wp-json\/wp\/v2\/pages"}],"about":[{"href":"https:\/\/yasudaseiki.vn\/vi\/wp-json\/wp\/v2\/types\/page"}],"author":[{"embeddable":true,"href":"https:\/\/yasudaseiki.vn\/vi\/wp-json\/wp\/v2\/users\/2"}],"replies":[{"embeddable":true,"href":"https:\/\/yasudaseiki.vn\/vi\/wp-json\/wp\/v2\/comments?post=5824"}],"version-history":[{"count":0,"href":"https:\/\/yasudaseiki.vn\/vi\/wp-json\/wp\/v2\/pages\/5824\/revisions"}],"wp:attachment":[{"href":"https:\/\/yasudaseiki.vn\/vi\/wp-json\/wp\/v2\/media?parent=5824"}],"curies":[{"name":"wp","href":"https:\/\/api.w.org\/{rel}","templated":true}]}}