{"id":5377,"date":"2024-07-18T11:01:30","date_gmt":"2024-07-18T04:01:30","guid":{"rendered":"https:\/\/yasudaseiki.vn\/?page_id=5377"},"modified":"2024-08-14T17:02:58","modified_gmt":"2024-08-14T10:02:58","slug":"category-may-test-bang-phim","status":"publish","type":"page","link":"https:\/\/yasudaseiki.vn\/vi\/category-may-test-bang-phim\/","title":{"rendered":"M\u00c1Y TEST B\u0102NG PHIM"},"content":{"rendered":"\t<section class=\"section\" id=\"section_928280374\">\n\t\t<div class=\"bg section-bg fill bg-fill bg-loaded bg-loaded\" >\n\n\t\t\t\n\t\t\t\n\t\t\t\n\n\t\t<\/div>\n\n\t\t<div class=\"section-content relative\">\n\t\t\t\n<div class=\"row\"  id=\"row-1597324384\">\n\n\t<div id=\"col-1750915406\" class=\"col small-12 large-12\"  >\n\t\t\t\t<div class=\"col-inner\"  >\n\t\t\t\n\t\t\t\n\t<div id=\"text-1312115208\" class=\"text\">\n\t\t\n<h1>Gi\u1edbi thi\u1ec7u v\u1ec1 M\u00e1y ki\u1ec3m tra b\u0103ng v\u00e0 phim c\u1ee7a Yasuda\u3010YASUDA SEIKI\u3011<\/h1>\n\t\t\n<style>\n#text-1312115208 {\n  font-size: 1.5rem;\n}\n<\/style>\n\t<\/div>\n\t\n\t<div id=\"text-2853193052\" class=\"text\">\n\t\t\n<p><img loading=\"lazy\" decoding=\"async\" class=\"alignnone size-full wp-image-5100\" src=\"https:\/\/yasudaseiki.vn\/wp-content\/uploads\/2024\/07\/Made-in-JAPAN-1.jpg\" alt=\"\" width=\"180\" height=\"31\" \/><\/p>\n\t\t\n<style>\n#text-2853193052 {\n  text-align: right;\n}\n<\/style>\n\t<\/div>\n\t\n\t<div class=\"img has-hover x md-x lg-x y md-y lg-y\" id=\"image_964294910\">\n\t\t\t\t\t\t\t\t<div class=\"img-inner dark\" >\n\t\t\t<img loading=\"lazy\" decoding=\"async\" width=\"1500\" height=\"600\" src=\"https:\/\/yasudaseiki.vn\/wp-content\/uploads\/2024\/07\/tape-film-en.png\" class=\"attachment-original size-original\" alt=\"\" srcset=\"https:\/\/yasudaseiki.vn\/wp-content\/uploads\/2024\/07\/tape-film-en.png 1500w, https:\/\/yasudaseiki.vn\/wp-content\/uploads\/2024\/07\/tape-film-en-300x120.png 300w, https:\/\/yasudaseiki.vn\/wp-content\/uploads\/2024\/07\/tape-film-en-1024x410.png 1024w, https:\/\/yasudaseiki.vn\/wp-content\/uploads\/2024\/07\/tape-film-en-768x307.png 768w, https:\/\/yasudaseiki.vn\/wp-content\/uploads\/2024\/07\/tape-film-en-600x240.png 600w\" sizes=\"auto, (max-width: 1500px) 100vw, 1500px\" \/>\t\t\t\t\t\t\n\t\t\t\t\t<\/div>\n\t\t\t\t\t\t\t\t\n<style>\n#image_964294910 {\n  width: 100%;\n}\n<\/style>\n\t<\/div>\n\t\n\t\t<\/div>\n\t\t\t\t\t<\/div>\n\n\t\n\n\t<div id=\"col-1202653894\" class=\"col small-12 large-12\"  >\n\t\t\t\t<div class=\"col-inner\"  >\n\t\t\t\n\t\t\t\n<h2>1. \u0110\u1ed9 b\u00e1m d\u00ednh<\/h2>\n\n  \n    <div class=\"row  equalize-box large-columns-2 medium-columns- small-columns- row-large\">\n  \t\n\t     \n\t\t\t\t\t\t            \t\n\t            \t<div class=\"col\" >\n\t\t\t\t\t\t<div class=\"col-inner\">\n\t\t\t\t\t\t\n<div class=\"badge-container absolute left top z-1\">\n<\/div>\n\t\t\t\t\t\t<div class=\"product-small box has-hover box-vertical box-text-bottom\">\n\t\t\t\t\t\t\t<div class=\"box-image\" style=\"width:22%;\">\n\t\t\t\t\t\t\t\t<div class=\"\" >\n\t\t\t\t\t\t\t\t\t<a href=\"https:\/\/yasudaseiki.vn\/vi\/san-pham\/no-145-d-may-kiem-tra-do-ben\/\" aria-label=\"No.145-D M\u00c1Y KI\u1ec2M TRA \u0110\u1ed8 B\u1ec0N\">\n\t\t\t\t\t\t\t\t\t\t<img loading=\"lazy\" decoding=\"async\" width=\"300\" height=\"300\" src=\"https:\/\/yasudaseiki.vn\/wp-content\/uploads\/2024\/07\/145-Djpg.jpg\" class=\"attachment-original size-original\" alt=\"No.145-D M\u00c1Y KI\u1ec2M TRA \u0110\u1ed8 B\u1ec0N\" srcset=\"https:\/\/yasudaseiki.vn\/wp-content\/uploads\/2024\/07\/145-Djpg.jpg 300w, https:\/\/yasudaseiki.vn\/wp-content\/uploads\/2024\/07\/145-Djpg-150x150.jpg 150w, https:\/\/yasudaseiki.vn\/wp-content\/uploads\/2024\/07\/145-Djpg-100x100.jpg 100w\" sizes=\"auto, (max-width: 300px) 100vw, 300px\" \/>\t\t\t\t\t\t\t\t\t<\/a>\n\t\t\t\t\t\t\t\t\t\t\t\t\t\t\t\t\t\t \t\t\t\t\t\t\t\t<\/div>\n\t\t\t\t\t\t\t\t<div class=\"image-tools top right show-on-hover\">\n\t\t\t\t\t\t\t\t\t\t\t\t\t\t\t\t\t<\/div>\n\t\t\t\t\t\t\t\t\t\t\t\t\t\t\t\t\t<div class=\"image-tools grid-tools text-center hide-for-small bottom hover-slide-in show-on-hover\">\n\t\t\t\t\t\t\t\t\t\t\t\t\t\t\t\t\t\t\t<\/div>\n\t\t\t\t\t\t\t\t\t\t\t\t\t\t\t\t\t\t\t\t\t\t\t<\/div>\n\n\t\t\t\t\t\t\t<div class=\"box-text text-left is-large\" >\n\t\t\t\t\t\t\t\t<div class=\"title-wrapper\"><p class=\"name product-title woocommerce-loop-product__title\"><a href=\"https:\/\/yasudaseiki.vn\/vi\/san-pham\/no-145-d-may-kiem-tra-do-ben\/\" class=\"woocommerce-LoopProduct-link woocommerce-loop-product__link\">No.145-D M\u00c1Y KI\u1ec2M TRA \u0110\u1ed8 B\u1ec0N<\/a><\/p><\/div><div class=\"price-wrapper\">\n\t<span class=\"price\"><span class=\"amount\">Contact<\/span><\/span>\n<\/div>\t\t\t\t\t\t\t<\/div>\n\t\t\t\t\t\t<\/div>\n\t\t\t\t\t\t<\/div>\n\t\t\t\t\t<\/div>\n\t\t\t\t\t\t            \t        <\/div>\n\t\t<\/div>\n\t\t\t\t\t<\/div>\n\n\t\n\n\t<div id=\"col-547902668\" class=\"col small-12 large-12\"  >\n\t\t\t\t<div class=\"col-inner\"  >\n\t\t\t\n\t\t\t\n<h2>2. B\u1ed9 ki\u1ec3m tra t\u1ea1o v\u00e0 \u0111i\u1ec1u ch\u1ec9nh m\u1eabu<\/h2>\n\n  \n    <div class=\"row  equalize-box large-columns-2 medium-columns- small-columns- row-large\">\n  \t\n\t     \n\t\t\t\t\t\t            \t\n\t            \t<div class=\"col\" >\n\t\t\t\t\t\t<div class=\"col-inner\">\n\t\t\t\t\t\t\n<div class=\"badge-container absolute left top z-1\">\n<\/div>\n\t\t\t\t\t\t<div class=\"product-small box has-hover box-vertical box-text-bottom\">\n\t\t\t\t\t\t\t<div class=\"box-image\" style=\"width:22%;\">\n\t\t\t\t\t\t\t\t<div class=\"\" >\n\t\t\t\t\t\t\t\t\t<a href=\"https:\/\/yasudaseiki.vn\/product\/no-349-tape-adhesion-roller\/\" aria-label=\"No.349 TAPE ADHESION ROLLER\">\n\t\t\t\t\t\t\t\t\t\t<img loading=\"lazy\" decoding=\"async\" width=\"300\" height=\"300\" src=\"https:\/\/yasudaseiki.vn\/wp-content\/uploads\/2024\/07\/349.jpg\" class=\"attachment-original size-original\" alt=\"No.349 TAPE ADHESION ROLLER\" srcset=\"https:\/\/yasudaseiki.vn\/wp-content\/uploads\/2024\/07\/349.jpg 300w, https:\/\/yasudaseiki.vn\/wp-content\/uploads\/2024\/07\/349-150x150.jpg 150w, https:\/\/yasudaseiki.vn\/wp-content\/uploads\/2024\/07\/349-100x100.jpg 100w\" sizes=\"auto, (max-width: 300px) 100vw, 300px\" \/>\t\t\t\t\t\t\t\t\t<\/a>\n\t\t\t\t\t\t\t\t\t\t\t\t\t\t\t\t\t\t \t\t\t\t\t\t\t\t<\/div>\n\t\t\t\t\t\t\t\t<div class=\"image-tools top right show-on-hover\">\n\t\t\t\t\t\t\t\t\t\t\t\t\t\t\t\t\t<\/div>\n\t\t\t\t\t\t\t\t\t\t\t\t\t\t\t\t\t<div class=\"image-tools grid-tools text-center hide-for-small bottom hover-slide-in show-on-hover\">\n\t\t\t\t\t\t\t\t\t\t\t\t\t\t\t\t\t\t\t<\/div>\n\t\t\t\t\t\t\t\t\t\t\t\t\t\t\t\t\t\t\t\t\t\t\t<\/div>\n\n\t\t\t\t\t\t\t<div class=\"box-text text-left is-large\" >\n\t\t\t\t\t\t\t\t<div class=\"title-wrapper\"><p class=\"name product-title woocommerce-loop-product__title\"><a href=\"https:\/\/yasudaseiki.vn\/product\/no-349-tape-adhesion-roller\/\" class=\"woocommerce-LoopProduct-link woocommerce-loop-product__link\">No.349 TAPE ADHESION ROLLER<\/a><\/p><\/div><div class=\"price-wrapper\">\n\t<span class=\"price\"><span class=\"amount\">Contact<\/span><\/span>\n<\/div>\t\t\t\t\t\t\t<\/div>\n\t\t\t\t\t\t<\/div>\n\t\t\t\t\t\t<\/div>\n\t\t\t\t\t<\/div>\n\t\t\t\t\t\t            \n\t\t\t\t\t\t            \t\n\t            \t<div class=\"col\" >\n\t\t\t\t\t\t<div class=\"col-inner\">\n\t\t\t\t\t\t\n<div class=\"badge-container absolute left top z-1\">\n<\/div>\n\t\t\t\t\t\t<div class=\"product-small box has-hover box-vertical box-text-bottom\">\n\t\t\t\t\t\t\t<div class=\"box-image\" style=\"width:22%;\">\n\t\t\t\t\t\t\t\t<div class=\"\" >\n\t\t\t\t\t\t\t\t\t<a href=\"https:\/\/yasudaseiki.vn\/vi\/san-pham\/no-349-m-con-lan-dinh-bang-keo\/\" aria-label=\"No.349-M CON L\u0102N D\u00cdNH B\u0102NG KEO\">\n\t\t\t\t\t\t\t\t\t\t<img loading=\"lazy\" decoding=\"async\" width=\"300\" height=\"300\" src=\"https:\/\/yasudaseiki.vn\/wp-content\/uploads\/2024\/07\/349-M.jpg\" class=\"attachment-original size-original\" alt=\"No.349-M CON L\u0102N D\u00cdNH B\u0102NG KEO\" srcset=\"https:\/\/yasudaseiki.vn\/wp-content\/uploads\/2024\/07\/349-M.jpg 300w, https:\/\/yasudaseiki.vn\/wp-content\/uploads\/2024\/07\/349-M-150x150.jpg 150w, https:\/\/yasudaseiki.vn\/wp-content\/uploads\/2024\/07\/349-M-100x100.jpg 100w\" sizes=\"auto, (max-width: 300px) 100vw, 300px\" \/>\t\t\t\t\t\t\t\t\t<\/a>\n\t\t\t\t\t\t\t\t\t\t\t\t\t\t\t\t\t\t \t\t\t\t\t\t\t\t<\/div>\n\t\t\t\t\t\t\t\t<div class=\"image-tools top right show-on-hover\">\n\t\t\t\t\t\t\t\t\t\t\t\t\t\t\t\t\t<\/div>\n\t\t\t\t\t\t\t\t\t\t\t\t\t\t\t\t\t<div class=\"image-tools grid-tools text-center hide-for-small bottom hover-slide-in show-on-hover\">\n\t\t\t\t\t\t\t\t\t\t\t\t\t\t\t\t\t\t\t<\/div>\n\t\t\t\t\t\t\t\t\t\t\t\t\t\t\t\t\t\t\t\t\t\t\t<\/div>\n\n\t\t\t\t\t\t\t<div class=\"box-text text-left is-large\" >\n\t\t\t\t\t\t\t\t<div class=\"title-wrapper\"><p class=\"name product-title woocommerce-loop-product__title\"><a href=\"https:\/\/yasudaseiki.vn\/vi\/san-pham\/no-349-m-con-lan-dinh-bang-keo\/\" class=\"woocommerce-LoopProduct-link woocommerce-loop-product__link\">No.349-M CON L\u0102N D\u00cdNH B\u0102NG KEO<\/a><\/p><\/div><div class=\"price-wrapper\">\n\t<span class=\"price\"><span class=\"amount\">Contact<\/span><\/span>\n<\/div>\t\t\t\t\t\t\t<\/div>\n\t\t\t\t\t\t<\/div>\n\t\t\t\t\t\t<\/div>\n\t\t\t\t\t<\/div>\n\t\t\t\t\t\t            \n\t\t\t\t\t\t            \t\n\t            \t<div class=\"col\" >\n\t\t\t\t\t\t<div class=\"col-inner\">\n\t\t\t\t\t\t\n<div class=\"badge-container absolute left top z-1\">\n<\/div>\n\t\t\t\t\t\t<div class=\"product-small box has-hover box-vertical box-text-bottom\">\n\t\t\t\t\t\t\t<div class=\"box-image\" style=\"width:22%;\">\n\t\t\t\t\t\t\t\t<div class=\"\" >\n\t\t\t\t\t\t\t\t\t<a href=\"https:\/\/yasudaseiki.vn\/vi\/san-pham\/no-196-may-ep-thu-he-thong-suoi-dien\/\" aria-label=\"No.196 M\u00c1Y \u00c9P TH\u1eec H\u1ec6 TH\u1ed0NG S\u01af\u1edeI \u0110I\u1ec6N\">\n\t\t\t\t\t\t\t\t\t\t<img loading=\"lazy\" decoding=\"async\" width=\"300\" height=\"300\" src=\"https:\/\/yasudaseiki.vn\/wp-content\/uploads\/2024\/07\/196.jpg\" class=\"attachment-original size-original\" alt=\"No.196 M\u00c1Y \u00c9P TH\u1eec H\u1ec6 TH\u1ed0NG S\u01af\u1edeI \u0110I\u1ec6N\" srcset=\"https:\/\/yasudaseiki.vn\/wp-content\/uploads\/2024\/07\/196.jpg 300w, https:\/\/yasudaseiki.vn\/wp-content\/uploads\/2024\/07\/196-150x150.jpg 150w, https:\/\/yasudaseiki.vn\/wp-content\/uploads\/2024\/07\/196-100x100.jpg 100w\" sizes=\"auto, (max-width: 300px) 100vw, 300px\" \/>\t\t\t\t\t\t\t\t\t<\/a>\n\t\t\t\t\t\t\t\t\t\t\t\t\t\t\t\t\t\t \t\t\t\t\t\t\t\t<\/div>\n\t\t\t\t\t\t\t\t<div class=\"image-tools top right show-on-hover\">\n\t\t\t\t\t\t\t\t\t\t\t\t\t\t\t\t\t<\/div>\n\t\t\t\t\t\t\t\t\t\t\t\t\t\t\t\t\t<div class=\"image-tools grid-tools text-center hide-for-small bottom hover-slide-in show-on-hover\">\n\t\t\t\t\t\t\t\t\t\t\t\t\t\t\t\t\t\t\t<\/div>\n\t\t\t\t\t\t\t\t\t\t\t\t\t\t\t\t\t\t\t\t\t\t\t<\/div>\n\n\t\t\t\t\t\t\t<div class=\"box-text text-left is-large\" >\n\t\t\t\t\t\t\t\t<div class=\"title-wrapper\"><p class=\"name product-title woocommerce-loop-product__title\"><a href=\"https:\/\/yasudaseiki.vn\/vi\/san-pham\/no-196-may-ep-thu-he-thong-suoi-dien\/\" class=\"woocommerce-LoopProduct-link woocommerce-loop-product__link\">No.196 M\u00c1Y \u00c9P TH\u1eec H\u1ec6 TH\u1ed0NG S\u01af\u1edeI \u0110I\u1ec6N<\/a><\/p><\/div><div class=\"price-wrapper\">\n\t<span class=\"price\"><span class=\"amount\">Contact<\/span><\/span>\n<\/div>\t\t\t\t\t\t\t<\/div>\n\t\t\t\t\t\t<\/div>\n\t\t\t\t\t\t<\/div>\n\t\t\t\t\t<\/div>\n\t\t\t\t\t\t            \n\t\t\t\t\t\t            \t\n\t            \t<div class=\"col\" >\n\t\t\t\t\t\t<div class=\"col-inner\">\n\t\t\t\t\t\t\n<div class=\"badge-container absolute left top z-1\">\n<\/div>\n\t\t\t\t\t\t<div class=\"product-small box has-hover box-vertical box-text-bottom\">\n\t\t\t\t\t\t\t<div class=\"box-image\" style=\"width:22%;\">\n\t\t\t\t\t\t\t\t<div class=\"\" >\n\t\t\t\t\t\t\t\t\t<a href=\"https:\/\/yasudaseiki.vn\/vi\/san-pham\/no-189-pfa-s-may-tao-mau-hoan-toan-tu-dong\/\" aria-label=\"No.189-PFA-S  M\u00e1y t\u1ea1o m\u1eabu (ho\u00e0n to\u00e0n t\u1ef1 \u0111\u1ed9ng)\">\n\t\t\t\t\t\t\t\t\t\t<img loading=\"lazy\" decoding=\"async\" width=\"828\" height=\"822\" src=\"https:\/\/yasudaseiki.vn\/wp-content\/uploads\/2024\/07\/189-PFA-S-2.jpg\" class=\"attachment-original size-original\" alt=\"No.189-PFA-S  M\u00e1y t\u1ea1o m\u1eabu (ho\u00e0n to\u00e0n t\u1ef1 \u0111\u1ed9ng)\" srcset=\"https:\/\/yasudaseiki.vn\/wp-content\/uploads\/2024\/07\/189-PFA-S-2.jpg 828w, https:\/\/yasudaseiki.vn\/wp-content\/uploads\/2024\/07\/189-PFA-S-2-300x298.jpg 300w, https:\/\/yasudaseiki.vn\/wp-content\/uploads\/2024\/07\/189-PFA-S-2-150x150.jpg 150w, https:\/\/yasudaseiki.vn\/wp-content\/uploads\/2024\/07\/189-PFA-S-2-768x762.jpg 768w, https:\/\/yasudaseiki.vn\/wp-content\/uploads\/2024\/07\/189-PFA-S-2-600x596.jpg 600w, https:\/\/yasudaseiki.vn\/wp-content\/uploads\/2024\/07\/189-PFA-S-2-100x100.jpg 100w\" sizes=\"auto, (max-width: 828px) 100vw, 828px\" \/>\t\t\t\t\t\t\t\t\t<\/a>\n\t\t\t\t\t\t\t\t\t\t\t\t\t\t\t\t\t\t \t\t\t\t\t\t\t\t<\/div>\n\t\t\t\t\t\t\t\t<div class=\"image-tools top right show-on-hover\">\n\t\t\t\t\t\t\t\t\t\t\t\t\t\t\t\t\t<\/div>\n\t\t\t\t\t\t\t\t\t\t\t\t\t\t\t\t\t<div class=\"image-tools grid-tools text-center hide-for-small bottom hover-slide-in show-on-hover\">\n\t\t\t\t\t\t\t\t\t\t\t\t\t\t\t\t\t\t\t<\/div>\n\t\t\t\t\t\t\t\t\t\t\t\t\t\t\t\t\t\t\t\t\t\t\t<\/div>\n\n\t\t\t\t\t\t\t<div class=\"box-text text-left is-large\" >\n\t\t\t\t\t\t\t\t<div class=\"title-wrapper\"><p class=\"name product-title woocommerce-loop-product__title\"><a href=\"https:\/\/yasudaseiki.vn\/vi\/san-pham\/no-189-pfa-s-may-tao-mau-hoan-toan-tu-dong\/\" class=\"woocommerce-LoopProduct-link woocommerce-loop-product__link\">No.189-PFA-S  M\u00e1y t\u1ea1o m\u1eabu (ho\u00e0n to\u00e0n t\u1ef1 \u0111\u1ed9ng)<\/a><\/p><\/div><div class=\"price-wrapper\">\n\t<span class=\"price\"><span class=\"amount\">Contact<\/span><\/span>\n<\/div>\t\t\t\t\t\t\t<\/div>\n\t\t\t\t\t\t<\/div>\n\t\t\t\t\t\t<\/div>\n\t\t\t\t\t<\/div>\n\t\t\t\t\t\t            \n\t\t\t\t\t\t            \t\n\t            \t<div class=\"col\" >\n\t\t\t\t\t\t<div class=\"col-inner\">\n\t\t\t\t\t\t\n<div class=\"badge-container absolute left top z-1\">\n<\/div>\n\t\t\t\t\t\t<div class=\"product-small box has-hover box-vertical box-text-bottom\">\n\t\t\t\t\t\t\t<div class=\"box-image\" style=\"width:22%;\">\n\t\t\t\t\t\t\t\t<div class=\"\" >\n\t\t\t\t\t\t\t\t\t<a href=\"https:\/\/yasudaseiki.vn\/vi\/san-pham\/no-115-may-cat-mau-schopper\/\" aria-label=\"No.115 M\u00e1y c\u1eaft m\u1eabu SCHOPPER\">\n\t\t\t\t\t\t\t\t\t\t<img loading=\"lazy\" decoding=\"async\" width=\"300\" height=\"300\" src=\"https:\/\/yasudaseiki.vn\/wp-content\/uploads\/2024\/07\/115.jpg\" class=\"attachment-original size-original\" alt=\"No.115 M\u00e1y c\u1eaft m\u1eabu SCHOPPER\" srcset=\"https:\/\/yasudaseiki.vn\/wp-content\/uploads\/2024\/07\/115.jpg 300w, https:\/\/yasudaseiki.vn\/wp-content\/uploads\/2024\/07\/115-150x150.jpg 150w, https:\/\/yasudaseiki.vn\/wp-content\/uploads\/2024\/07\/115-100x100.jpg 100w\" sizes=\"auto, (max-width: 300px) 100vw, 300px\" \/>\t\t\t\t\t\t\t\t\t<\/a>\n\t\t\t\t\t\t\t\t\t\t\t\t\t\t\t\t\t\t \t\t\t\t\t\t\t\t<\/div>\n\t\t\t\t\t\t\t\t<div class=\"image-tools top right show-on-hover\">\n\t\t\t\t\t\t\t\t\t\t\t\t\t\t\t\t\t<\/div>\n\t\t\t\t\t\t\t\t\t\t\t\t\t\t\t\t\t<div class=\"image-tools grid-tools text-center hide-for-small bottom hover-slide-in show-on-hover\">\n\t\t\t\t\t\t\t\t\t\t\t\t\t\t\t\t\t\t\t<\/div>\n\t\t\t\t\t\t\t\t\t\t\t\t\t\t\t\t\t\t\t\t\t\t\t<\/div>\n\n\t\t\t\t\t\t\t<div class=\"box-text text-left is-large\" >\n\t\t\t\t\t\t\t\t<div class=\"title-wrapper\"><p class=\"name product-title woocommerce-loop-product__title\"><a href=\"https:\/\/yasudaseiki.vn\/vi\/san-pham\/no-115-may-cat-mau-schopper\/\" class=\"woocommerce-LoopProduct-link woocommerce-loop-product__link\">No.115 M\u00e1y c\u1eaft m\u1eabu SCHOPPER<\/a><\/p><\/div><div class=\"price-wrapper\">\n\t<span class=\"price\"><span class=\"amount\">Contact<\/span><\/span>\n<\/div>\t\t\t\t\t\t\t<\/div>\n\t\t\t\t\t\t<\/div>\n\t\t\t\t\t\t<\/div>\n\t\t\t\t\t<\/div>\n\t\t\t\t\t\t            \n\t\t\t\t\t\t            \t\n\t            \t<div class=\"col\" >\n\t\t\t\t\t\t<div class=\"col-inner\">\n\t\t\t\t\t\t\n<div class=\"badge-container absolute left top z-1\">\n<\/div>\n\t\t\t\t\t\t<div class=\"product-small box has-hover box-vertical box-text-bottom\">\n\t\t\t\t\t\t\t<div class=\"box-image\" style=\"width:22%;\">\n\t\t\t\t\t\t\t\t<div class=\"\" >\n\t\t\t\t\t\t\t\t\t<a href=\"https:\/\/yasudaseiki.vn\/vi\/product\/no-189-pna-pnca-may-cat-ranh-tu-dong\/\" aria-label=\"No.189-PNA\/PNCA M\u00e1y c\u1eaft r\u00e3nh (t\u1ef1 \u0111\u1ed9ng)\">\n\t\t\t\t\t\t\t\t\t\t<img loading=\"lazy\" decoding=\"async\" width=\"300\" height=\"300\" src=\"https:\/\/yasudaseiki.vn\/wp-content\/uploads\/2024\/07\/189-PNCA-1.jpg\" class=\"attachment-original size-original\" alt=\"NOTCHING MACHINE\" srcset=\"https:\/\/yasudaseiki.vn\/wp-content\/uploads\/2024\/07\/189-PNCA-1.jpg 300w, https:\/\/yasudaseiki.vn\/wp-content\/uploads\/2024\/07\/189-PNCA-1-150x150.jpg 150w, https:\/\/yasudaseiki.vn\/wp-content\/uploads\/2024\/07\/189-PNCA-1-100x100.jpg 100w\" sizes=\"auto, (max-width: 300px) 100vw, 300px\" \/>\t\t\t\t\t\t\t\t\t<\/a>\n\t\t\t\t\t\t\t\t\t\t\t\t\t\t\t\t\t\t \t\t\t\t\t\t\t\t<\/div>\n\t\t\t\t\t\t\t\t<div class=\"image-tools top right show-on-hover\">\n\t\t\t\t\t\t\t\t\t\t\t\t\t\t\t\t\t<\/div>\n\t\t\t\t\t\t\t\t\t\t\t\t\t\t\t\t\t<div class=\"image-tools grid-tools text-center hide-for-small bottom hover-slide-in show-on-hover\">\n\t\t\t\t\t\t\t\t\t\t\t\t\t\t\t\t\t\t\t<\/div>\n\t\t\t\t\t\t\t\t\t\t\t\t\t\t\t\t\t\t\t\t\t\t\t<\/div>\n\n\t\t\t\t\t\t\t<div class=\"box-text text-left is-large\" >\n\t\t\t\t\t\t\t\t<div class=\"title-wrapper\"><p class=\"name product-title woocommerce-loop-product__title\"><a href=\"https:\/\/yasudaseiki.vn\/vi\/product\/no-189-pna-pnca-may-cat-ranh-tu-dong\/\" class=\"woocommerce-LoopProduct-link woocommerce-loop-product__link\">No.189-PNA\/PNCA M\u00e1y c\u1eaft r\u00e3nh (t\u1ef1 \u0111\u1ed9ng)<\/a><\/p><\/div><div class=\"price-wrapper\">\n\t<span class=\"price\"><span class=\"amount\">Contact<\/span><\/span>\n<\/div>\t\t\t\t\t\t\t<\/div>\n\t\t\t\t\t\t<\/div>\n\t\t\t\t\t\t<\/div>\n\t\t\t\t\t<\/div>\n\t\t\t\t\t\t            \n\t\t\t\t\t\t            \t\n\t            \t<div class=\"col\" >\n\t\t\t\t\t\t<div class=\"col-inner\">\n\t\t\t\t\t\t\n<div class=\"badge-container absolute left top z-1\">\n<\/div>\n\t\t\t\t\t\t<div class=\"product-small box has-hover box-vertical box-text-bottom\">\n\t\t\t\t\t\t\t<div class=\"box-image\" style=\"width:22%;\">\n\t\t\t\t\t\t\t\t<div class=\"\" >\n\t\t\t\t\t\t\t\t\t<a href=\"https:\/\/yasudaseiki.vn\/vi\/san-pham\/no-189-pn-%eb%85%b8%ec%b9%ad-%eb%a8%b8%ec%8b%a0\/\" aria-label=\"No.189-PN \ub178\uce6d \uba38\uc2e0\">\n\t\t\t\t\t\t\t\t\t\t<img loading=\"lazy\" decoding=\"async\" width=\"300\" height=\"300\" src=\"https:\/\/yasudaseiki.vn\/wp-content\/uploads\/2024\/07\/189-PN.jpg\" class=\"attachment-original size-original\" alt=\"NOTCHING MACHINE \" srcset=\"https:\/\/yasudaseiki.vn\/wp-content\/uploads\/2024\/07\/189-PN.jpg 300w, https:\/\/yasudaseiki.vn\/wp-content\/uploads\/2024\/07\/189-PN-150x150.jpg 150w, https:\/\/yasudaseiki.vn\/wp-content\/uploads\/2024\/07\/189-PN-100x100.jpg 100w\" sizes=\"auto, (max-width: 300px) 100vw, 300px\" \/>\t\t\t\t\t\t\t\t\t<\/a>\n\t\t\t\t\t\t\t\t\t\t\t\t\t\t\t\t\t\t \t\t\t\t\t\t\t\t<\/div>\n\t\t\t\t\t\t\t\t<div class=\"image-tools top right show-on-hover\">\n\t\t\t\t\t\t\t\t\t\t\t\t\t\t\t\t\t<\/div>\n\t\t\t\t\t\t\t\t\t\t\t\t\t\t\t\t\t<div class=\"image-tools grid-tools text-center hide-for-small bottom hover-slide-in show-on-hover\">\n\t\t\t\t\t\t\t\t\t\t\t\t\t\t\t\t\t\t\t<\/div>\n\t\t\t\t\t\t\t\t\t\t\t\t\t\t\t\t\t\t\t\t\t\t\t<\/div>\n\n\t\t\t\t\t\t\t<div class=\"box-text text-left is-large\" >\n\t\t\t\t\t\t\t\t<div class=\"title-wrapper\"><p class=\"name product-title woocommerce-loop-product__title\"><a href=\"https:\/\/yasudaseiki.vn\/vi\/san-pham\/no-189-pn-%eb%85%b8%ec%b9%ad-%eb%a8%b8%ec%8b%a0\/\" class=\"woocommerce-LoopProduct-link woocommerce-loop-product__link\">No.189-PN \ub178\uce6d \uba38\uc2e0<\/a><\/p><\/div><div class=\"price-wrapper\">\n\t<span class=\"price\"><span class=\"amount\">Contact<\/span><\/span>\n<\/div>\t\t\t\t\t\t\t<\/div>\n\t\t\t\t\t\t<\/div>\n\t\t\t\t\t\t<\/div>\n\t\t\t\t\t<\/div>\n\t\t\t\t\t\t            \n\t\t\t\t\t\t            \t\n\t            \t<div class=\"col\" >\n\t\t\t\t\t\t<div class=\"col-inner\">\n\t\t\t\t\t\t\n<div class=\"badge-container absolute left top z-1\">\n<\/div>\n\t\t\t\t\t\t<div class=\"product-small box has-hover box-vertical box-text-bottom\">\n\t\t\t\t\t\t\t<div class=\"box-image\" style=\"width:22%;\">\n\t\t\t\t\t\t\t\t<div class=\"\" >\n\t\t\t\t\t\t\t\t\t<a href=\"https:\/\/yasudaseiki.vn\/vi\/san-pham\/no-212-yss-may-ep-nhiet\/\" aria-label=\"No.212 YSS M\u00c1Y \u00c9P NHI\u1ec6T\">\n\t\t\t\t\t\t\t\t\t\t<img loading=\"lazy\" decoding=\"async\" width=\"300\" height=\"300\" src=\"https:\/\/yasudaseiki.vn\/wp-content\/uploads\/2024\/07\/212.jpg\" class=\"attachment-original size-original\" alt=\"No.212 YSS M\u00c1Y \u00c9P NHI\u1ec6T\" srcset=\"https:\/\/yasudaseiki.vn\/wp-content\/uploads\/2024\/07\/212.jpg 300w, https:\/\/yasudaseiki.vn\/wp-content\/uploads\/2024\/07\/212-150x150.jpg 150w, https:\/\/yasudaseiki.vn\/wp-content\/uploads\/2024\/07\/212-100x100.jpg 100w\" sizes=\"auto, (max-width: 300px) 100vw, 300px\" \/>\t\t\t\t\t\t\t\t\t<\/a>\n\t\t\t\t\t\t\t\t\t\t\t\t\t\t\t\t\t\t \t\t\t\t\t\t\t\t<\/div>\n\t\t\t\t\t\t\t\t<div class=\"image-tools top right show-on-hover\">\n\t\t\t\t\t\t\t\t\t\t\t\t\t\t\t\t\t<\/div>\n\t\t\t\t\t\t\t\t\t\t\t\t\t\t\t\t\t<div class=\"image-tools grid-tools text-center hide-for-small bottom hover-slide-in show-on-hover\">\n\t\t\t\t\t\t\t\t\t\t\t\t\t\t\t\t\t\t\t<\/div>\n\t\t\t\t\t\t\t\t\t\t\t\t\t\t\t\t\t\t\t\t\t\t\t<\/div>\n\n\t\t\t\t\t\t\t<div class=\"box-text text-left is-large\" >\n\t\t\t\t\t\t\t\t<div class=\"title-wrapper\"><p class=\"name product-title woocommerce-loop-product__title\"><a href=\"https:\/\/yasudaseiki.vn\/vi\/san-pham\/no-212-yss-may-ep-nhiet\/\" class=\"woocommerce-LoopProduct-link woocommerce-loop-product__link\">No.212 YSS M\u00c1Y \u00c9P NHI\u1ec6T<\/a><\/p><\/div><div class=\"price-wrapper\">\n\t<span class=\"price\"><span class=\"amount\">Contact<\/span><\/span>\n<\/div>\t\t\t\t\t\t\t<\/div>\n\t\t\t\t\t\t<\/div>\n\t\t\t\t\t\t<\/div>\n\t\t\t\t\t<\/div>\n\t\t\t\t\t\t            \t        <\/div>\n\t\t<\/div>\n\t\t\t\t\t<\/div>\n\n\t\n\n\t<div id=\"col-1686593366\" class=\"col small-12 large-12\"  >\n\t\t\t\t<div class=\"col-inner text-center\"  >\n\t\t\t\n\t\t\t\n<a href=\"https:\/\/yasudaseiki.vn\/contact\/\" target=\"_self\" class=\"button primary is-large\"  style=\"padding:10px 40px 10px 40px;\">\n    <span>Bi\u1ec3u m\u1eabu y\u00eau c\u1ea7u<\/span>\n  <\/a>\n\n\t\t<\/div>\n\t\t\t\t\t<\/div>\n\n\t\n<\/div>\n\t\t<\/div>\n\n\t\t\n<style>\n#section_928280374 {\n  padding-top: 30px;\n  padding-bottom: 30px;\n}\n<\/style>\n\t<\/section>\n\t\n","protected":false},"excerpt":{"rendered":"","protected":false},"author":2,"featured_media":0,"parent":0,"menu_order":0,"comment_status":"closed","ping_status":"closed","template":"page-blank.php","meta":{"footnotes":""},"class_list":["post-5377","page","type-page","status-publish","hentry"],"_links":{"self":[{"href":"https:\/\/yasudaseiki.vn\/vi\/wp-json\/wp\/v2\/pages\/5377","targetHints":{"allow":["GET"]}}],"collection":[{"href":"https:\/\/yasudaseiki.vn\/vi\/wp-json\/wp\/v2\/pages"}],"about":[{"href":"https:\/\/yasudaseiki.vn\/vi\/wp-json\/wp\/v2\/types\/page"}],"author":[{"embeddable":true,"href":"https:\/\/yasudaseiki.vn\/vi\/wp-json\/wp\/v2\/users\/2"}],"replies":[{"embeddable":true,"href":"https:\/\/yasudaseiki.vn\/vi\/wp-json\/wp\/v2\/comments?post=5377"}],"version-history":[{"count":0,"href":"https:\/\/yasudaseiki.vn\/vi\/wp-json\/wp\/v2\/pages\/5377\/revisions"}],"wp:attachment":[{"href":"https:\/\/yasudaseiki.vn\/vi\/wp-json\/wp\/v2\/media?parent=5377"}],"curies":[{"name":"wp","href":"https:\/\/api.w.org\/{rel}","templated":true}]}}