{"id":5355,"date":"2024-07-18T10:16:12","date_gmt":"2024-07-18T03:16:12","guid":{"rendered":"https:\/\/yasudaseiki.vn\/?page_id=5355"},"modified":"2024-08-14T17:04:30","modified_gmt":"2024-08-14T10:04:30","slug":"category-lam-theo-yeu-cau-va-vat-lieu-khac","status":"publish","type":"page","link":"https:\/\/yasudaseiki.vn\/vi\/category-lam-theo-yeu-cau-va-vat-lieu-khac\/","title":{"rendered":"L\u00c0M THEO Y\u00caU C\u1ea6U V\u00c0 V\u1eacT LI\u1ec6U KH\u00c1C"},"content":{"rendered":"\t<section class=\"section\" id=\"section_890697526\">\n\t\t<div class=\"bg section-bg fill bg-fill bg-loaded bg-loaded\" >\n\n\t\t\t\n\t\t\t\n\t\t\t\n\n\t\t<\/div>\n\n\t\t<div class=\"section-content relative\">\n\t\t\t\n<div class=\"row\"  id=\"row-139599734\">\n\n\t<div id=\"col-1746417002\" class=\"col small-12 large-12\"  >\n\t\t\t\t<div class=\"col-inner\"  >\n\t\t\t\n\t\t\t\n\t<div id=\"text-2550927350\" class=\"text\">\n\t\t\n<h1>Danh s\u00e1ch c\u00e1c s\u1ea3n ph\u1ea9m t\u00f9y ch\u1ec9nh trong qu\u00e1 kh\u1ee9\uff5cYASUDA SEIKI SEISAKUSHO LTD. cung c\u1ea5p cho b\u1ea1n thi\u1ebft b\u1ecb ki\u1ec3m tra v\u1eadt li\u1ec7u t\u1ed1t nh\u1ea5t.<\/h1>\n\t\t\n<style>\n#text-2550927350 {\n  font-size: 1.5rem;\n}\n<\/style>\n\t<\/div>\n\t\n\t<div class=\"img has-hover x md-x lg-x y md-y lg-y\" id=\"image_841150818\">\n\t\t\t\t\t\t\t\t<div class=\"img-inner dark\" >\n\t\t\t<img loading=\"lazy\" decoding=\"async\" width=\"1500\" height=\"600\" src=\"https:\/\/yasudaseiki.vn\/wp-content\/uploads\/2024\/07\/custom_order.png\" class=\"attachment-original size-original\" alt=\"\" srcset=\"https:\/\/yasudaseiki.vn\/wp-content\/uploads\/2024\/07\/custom_order.png 1500w, https:\/\/yasudaseiki.vn\/wp-content\/uploads\/2024\/07\/custom_order-300x120.png 300w, https:\/\/yasudaseiki.vn\/wp-content\/uploads\/2024\/07\/custom_order-1024x410.png 1024w, https:\/\/yasudaseiki.vn\/wp-content\/uploads\/2024\/07\/custom_order-768x307.png 768w, https:\/\/yasudaseiki.vn\/wp-content\/uploads\/2024\/07\/custom_order-600x240.png 600w\" sizes=\"auto, (max-width: 1500px) 100vw, 1500px\" \/>\t\t\t\t\t\t\n\t\t\t\t\t<\/div>\n\t\t\t\t\t\t\t\t\n<style>\n#image_841150818 {\n  width: 100%;\n}\n<\/style>\n\t<\/div>\n\t\n\t\t<\/div>\n\t\t\t\t\t<\/div>\n\n\t\n\n\t<div id=\"col-1019185777\" class=\"col small-12 large-12\"  >\n\t\t\t\t<div class=\"col-inner\"  >\n\t\t\t\n\t\t\t\n<h2>1. C\u00e1c s\u1ea3n ph\u1ea9m kh\u00e1c \u0111\u00e3 \u0111\u01b0\u1ee3c s\u1ea3n xu\u1ea5t trong qu\u00e1 kh\u1ee9<\/h2>\n\n  \n    <div class=\"row  equalize-box large-columns-2 medium-columns- small-columns- row-large\">\n  \t<\/div>\n\t\t<\/div>\n\t\t\t\t\t<\/div>\n\n\t\n\n\t<div id=\"col-363310195\" class=\"col small-12 large-12\"  >\n\t\t\t\t<div class=\"col-inner text-center\"  >\n\t\t\t\n\t\t\t\n<a href=\"https:\/\/yasudaseiki.vn\/contact\/\" target=\"_self\" class=\"button primary is-large\"  style=\"padding:10px 40px 10px 40px;\">\n    <span>Bi\u1ec3u m\u1eabu y\u00eau c\u1ea7u<\/span>\n  <\/a>\n\n\t<div id=\"gap-1109809638\" class=\"gap-element clearfix\" style=\"display:block; height:auto;\">\n\t\t\n<style>\n#gap-1109809638 {\n  padding-top: 30px;\n}\n<\/style>\n\t<\/div>\n\t\n\t<div id=\"text-3114557425\" class=\"text\">\n\t\t\n<h2><span id=\"Discontinued_products\">S\u1ea3n ph\u1ea9m ng\u1eebng s\u1ea3n xu\u1ea5t<\/span><\/h2>\n<ul>\n<li>S\u1ed1 129 M\u00c1Y \u0110O \u0110\u1ed8 D\u00c0Y LO\u1ea0I SCHOPPER<\/li>\n<li>S\u1ed1 145-C\u00a0<span id=\"No145-C_HYBRID_CREEP_TESTER_STRESS_RELAXATION_TESTER\">B\u1ed8 KI\u1ec2M TRA \u0110\u1ed8 D\u1ea0NG D\u1ea0NG H\u1ed6N H\u1ee2P (B\u1ed8 KI\u1ec2M TRA \u0110\u1ed8 D\u1ea0NG D\u1ea0NG)<\/span><\/li>\n<li>S\u1ed1 187 M\u00c1Y KI\u1ec2M TRA L\u00c3O H\u00d3A OZONE<\/li>\n<li>S\u1ed1 189-M\u00c1Y C\u1eaeT M\u1eaaU NH\u1ef0A PAL<\/li>\n<li>S\u1ed1 205 M\u00c1Y KI\u1ec2M TRA D\u00c2Y NAM CH\u00c2M NHANH \u0110\u1ed8 D\u00c0I TESER<\/li>\n<li>M\u00e1y ki\u1ec3m tra \u0111\u1ed9 m\u1ecbn BEKK t\u1ef1 \u0111\u1ed9ng s\u1ed1 321<\/li>\n<li>M\u00e1y ki\u1ec3m tra \u0111\u1ed9 t\u1ef1 do theo ti\u00eau chu\u1ea9n c\u1ee7a Canada s\u1ed1 324<\/li>\n<li>M\u00e1y ki\u1ec3m tra \u0111\u1ed9 t\u1ef1 do theo ti\u00eau chu\u1ea9n c\u1ee7a SCHOPPER-RIEGLER s\u1ed1 325<\/li>\n<li>M\u00e1y c\u00e1n t\u00f4n vu\u00f4ng s\u1ed1 326<\/li>\n<li>M\u00e1y c\u00e1n t\u00f4n chu\u1ea9n TAPPI s\u1ed1 327<\/li>\n<li>M\u00e1y ph\u00e2n h\u1ee7y b\u1ed9t gi\u1ea5y chu\u1ea9n TAPPI s\u1ed1 329<\/li>\n<li>M\u00e1y ki\u1ec3m tra s\u00e0ng l\u1ecdc b\u1ed9t gi\u1ea5y s\u1ed1 330<\/li>\n<li>M\u00e1y s\u00e0ng l\u1ecdc ph\u1eb3ng chu\u1ea9n TAPPI s\u1ed1 332<\/li>\n<li>M\u00e1y \u0111\u00e1nh b\u00f3ng NIAGARA chu\u1ea9n TAPPI s\u1ed1 334<\/li>\n<li>M\u00e1y t\u1ef1 \u0111\u1ed9ng s\u1ed1 338 K.B.B SIZING TESTER<\/li>\n<li>KH\u00d2 KI\u1ec2M TRA \u0110\u1ed8 TH\u1ea4M H\u01a0I N\u01af\u1edaC S\u1ed0 367<\/li>\n<li>\u0110O \u0110\u1ed8 PH\u1ee6 \u0110\u00c8N TH\u1ee6Y NG\u00c2N S\u1ed0 518<\/li>\n<li>C\u1ed0C \u0110\u1ed8 NH\u1edaT ZAHN S\u1ed0 522<\/li>\n<li>KH\u00d2 KI\u1ec2M TRA \u0110\u1ed8 C\u1ee8NG B\u00daT CH\u00cc S\u1ed0 553-F (LOADCELL LO\u1ea0I)<\/li>\n<\/ul>\n\t\t\n<style>\n#text-3114557425 {\n  text-align: left;\n}\n<\/style>\n\t<\/div>\n\t\n\t\t<\/div>\n\t\t\t\t\t<\/div>\n\n\t\n<\/div>\n\t\t<\/div>\n\n\t\t\n<style>\n#section_890697526 {\n  padding-top: 30px;\n  padding-bottom: 30px;\n}\n<\/style>\n\t<\/section>\n\t\n","protected":false},"excerpt":{"rendered":"","protected":false},"author":2,"featured_media":0,"parent":0,"menu_order":0,"comment_status":"closed","ping_status":"closed","template":"page-blank.php","meta":{"footnotes":""},"class_list":["post-5355","page","type-page","status-publish","hentry"],"_links":{"self":[{"href":"https:\/\/yasudaseiki.vn\/vi\/wp-json\/wp\/v2\/pages\/5355","targetHints":{"allow":["GET"]}}],"collection":[{"href":"https:\/\/yasudaseiki.vn\/vi\/wp-json\/wp\/v2\/pages"}],"about":[{"href":"https:\/\/yasudaseiki.vn\/vi\/wp-json\/wp\/v2\/types\/page"}],"author":[{"embeddable":true,"href":"https:\/\/yasudaseiki.vn\/vi\/wp-json\/wp\/v2\/users\/2"}],"replies":[{"embeddable":true,"href":"https:\/\/yasudaseiki.vn\/vi\/wp-json\/wp\/v2\/comments?post=5355"}],"version-history":[{"count":0,"href":"https:\/\/yasudaseiki.vn\/vi\/wp-json\/wp\/v2\/pages\/5355\/revisions"}],"wp:attachment":[{"href":"https:\/\/yasudaseiki.vn\/vi\/wp-json\/wp\/v2\/media?parent=5355"}],"curies":[{"name":"wp","href":"https:\/\/api.w.org\/{rel}","templated":true}]}}