{"id":5182,"date":"2024-07-17T10:49:14","date_gmt":"2024-07-17T03:49:14","guid":{"rendered":"https:\/\/yasudaseiki.vn\/?page_id=5182"},"modified":"2024-08-31T22:53:05","modified_gmt":"2024-08-31T15:53:05","slug":"gioi-thieu-2","status":"publish","type":"page","link":"https:\/\/yasudaseiki.vn\/vi\/gioi-thieu-2\/","title":{"rendered":"Gi\u1edbi Thi\u1ec7u"},"content":{"rendered":"\t<section class=\"section\" id=\"section_1043780961\">\n\t\t<div class=\"bg section-bg fill bg-fill bg-loaded bg-loaded\" >\n\n\t\t\t\n\t\t\t\n\t\t\t\n\n\t\t<\/div>\n\n\t\t<div class=\"section-content relative\">\n\t\t\t\n<div class=\"row\"  id=\"row-1775121495\">\n\n\t<div id=\"col-858979541\" class=\"col small-12 large-12\"  >\n\t\t\t\t<div class=\"col-inner\"  >\n\t\t\t\n\t\t\t\n<h1>Th\u00f4ng tin c\u00f4ng ty<\/h1>\n\t<div class=\"img has-hover x md-x lg-x y md-y lg-y\" id=\"image_1773106990\">\n\t\t\t\t\t\t\t\t<div class=\"img-inner dark\" >\n\t\t\t<img loading=\"lazy\" decoding=\"async\" width=\"1024\" height=\"437\" src=\"https:\/\/yasudaseiki.vn\/wp-content\/uploads\/2024\/07\/kaisyagaiyo_header.png\" class=\"attachment-original size-original\" alt=\"\" srcset=\"https:\/\/yasudaseiki.vn\/wp-content\/uploads\/2024\/07\/kaisyagaiyo_header.png 1024w, https:\/\/yasudaseiki.vn\/wp-content\/uploads\/2024\/07\/kaisyagaiyo_header-300x128.png 300w, https:\/\/yasudaseiki.vn\/wp-content\/uploads\/2024\/07\/kaisyagaiyo_header-768x328.png 768w, https:\/\/yasudaseiki.vn\/wp-content\/uploads\/2024\/07\/kaisyagaiyo_header-600x256.png 600w\" sizes=\"auto, (max-width: 1024px) 100vw, 1024px\" \/>\t\t\t\t\t\t\n\t\t\t\t\t<\/div>\n\t\t\t\t\t\t\t\t\n<style>\n#image_1773106990 {\n  width: 100%;\n}\n<\/style>\n\t<\/div>\n\t\n<h2>TH\u00d4NG TIN GI\u1edaI THI\u1ec6U C\u00d4NG TY<\/h2>\n\t\t<\/div>\n\t\t\t\t\t<\/div>\n\n\t\n<\/div>\n<div class=\"row row-small align-equal\"  id=\"row-1003620726\">\n\n\t<div id=\"col-1136048608\" class=\"col small-12 large-12\"  >\n\t\t\t\t<div class=\"col-inner\"  >\n\t\t\t\n\t\t\t\n<div>\u0110\u01b0\u1ee3c th\u00e0nh l\u1eadp v\u00e0o n\u0103m 2000, C\u00d4NG TY TNHH C\u00d4NG NGH\u1ec6 &#038; HA SON TRADING lu\u00f4n h\u1ee3p t\u00e1c v\u1edbi c\u00e1c nh\u00e0 s\u1ea3n xu\u1ea5t \u0111\u1ec3 cung c\u1ea5p cho kh\u00e1ch h\u00e0ng nh\u1eefng s\u1ea3n ph\u1ea9m v\u00e0 d\u1ecbch v\u1ee5 ch\u1ea5t l\u01b0\u1ee3ng cao nh\u1ea5t.<\/div>\n<div>Ch\u00fang t\u00f4i l\u00e0 nh\u00e0 ph\u00e2n ph\u1ed1i ch\u00ednh th\u1ee9c c\u1ee7a c\u00e1c nh\u00e0 s\u1ea3n xu\u1ea5t n\u1ed5i ti\u1ebfng c\u1ee7a Nh\u1eadt B\u1ea3n nh\u01b0: Amano, Amada, ShinMaywa, Hisaka, v.v. Ch\u00fang t\u00f4i lu\u00f4n cam k\u1ebft cung c\u1ea5p d\u1ecbch v\u1ee5 sau b\u00e1n h\u00e0ng v\u00e0 h\u1ed7 tr\u1ee3 k\u1ef9 thu\u1eadt, s\u1eb5n s\u00e0ng l\u1eafng nghe m\u1ecdi ph\u1ea3n h\u1ed3i c\u1ee7a kh\u00e1ch h\u00e0ng. Ch\u00fang t\u00f4i ch\u01b0a ph\u1ea3i l\u00e0 c\u00f4ng ty d\u1ecbch v\u1ee5 t\u1ed1t nh\u1ea5t hi\u1ec7n nay<\/div>\n<div>v\u00ec ch\u00fang t\u00f4i tin r\u1eb1ng m\u1ecdi th\u1ee9 \u0111\u1ec1u c\u00f3 th\u1ec3 \u0111\u01b0\u1ee3c c\u1ea3i thi\u1ec7n \u0111\u1ec3 c\u00f3 ch\u1ea5t l\u01b0\u1ee3ng t\u1ed1t h\u01a1n. H\u00e0 S\u01a1n \u0111ang n\u1ed7 l\u1ef1c h\u1ebft m\u00ecnh \u0111\u1ec3 \u0111\u00f3ng g\u00f3p v\u00e0o s\u1ef1 th\u00e0nh c\u00f4ng c\u1ee7a kh\u00e1ch h\u00e0ng. Ch\u00fang t\u00f4i tin r\u1eb1ng<\/div>\n<div>s\u1ef1 th\u00e0nh c\u00f4ng c\u1ee7a vi\u1ec7c h\u1ee3p t\u00e1c v\u1edbi kh\u00e1ch h\u00e0ng ph\u1ee5 thu\u1ed9c r\u1ea5t nhi\u1ec1u v\u00e0o con ng\u01b0\u1eddi v\u00e0<\/div>\n<div>qu\u1ea3n l\u00fd.<\/div>\n<div>\u00a0<\/div>\n<div>V\u00ec v\u1eady, ch\u00fang t\u00f4i kh\u00f4ng ng\u1eebng c\u1ea3i thi\u1ec7n v\u00e0 t\u1ea1o d\u1ef1ng t\u01b0\u01a1ng lai c\u00f9ng kh\u00e1ch h\u00e0ng. M\u1ee5c ti\u00eau c\u1ee7a ch\u00fang t\u00f4i l\u00e0 t\u1ed1c \u0111\u1ed9 t\u0103ng tr\u01b0\u1edfng v\u00e0 ch\u00fang t\u00f4i s\u1eb5n s\u00e0ng \u0111\u1ed1i m\u1eb7t v\u1edbi m\u1ecdi th\u00e1ch th\u1ee9c \u0111\u1ec3 tr\u1edf th\u00e0nh s\u1ef1 l\u1ef1a ch\u1ecdn s\u1ed1 1 c\u1ee7a kh\u00e1ch h\u00e0ng. Tr\u00ean con \u0111\u01b0\u1eddng hi\u1ec7n th\u1ef1c h\u00f3a m\u1ee5c ti\u00eau \u0111\u00f3, H\u00e0 S\u01a1n h\u1ee3p t\u00e1c v\u1edbi YASUDA SEIKI SEISAKUSHO, LTD, m\u1ed9t th\u01b0\u01a1ng hi\u1ec7u Nh\u1eadt B\u1ea3n s\u1ea3n xu\u1ea5t m\u00e1y ki\u1ec3m tra v\u1eadt li\u1ec7u (tester) cho nhi\u1ec1u l\u0129nh v\u1ef1c nh\u01b0 cao su, nh\u1ef1a, gi\u1ea5y, v\u1ea3i, s\u01a1n, v.v. H\u1ea7u h\u1ebft c\u00e1c s\u1ea3n ph\u1ea9m c\u1ee7a YASUDA \u0111\u1ec1u \u0111\u1ea1t ti\u00eau chu\u1ea9n to\u00e0n c\u1ea7u v\u00e0 \u0111\u00e1p \u1ee9ng c\u00e1c \u0111i\u1ec1u ki\u1ec7n ti\u00ean quy\u1ebft tr\u00ean to\u00e0n th\u1ebf gi\u1edbi, g\u00f3p ph\u1ea7n ki\u1ec3m so\u00e1t ch\u1ea5t l\u01b0\u1ee3ng, nghi\u00ean c\u1ee9u v\u00e0 ph\u00e1t tri\u1ec3n s\u1ea3n ph\u1ea9m c\u1ee7a kh\u00e1ch h\u00e0ng.<\/div>\n<div>\u00a0<\/div>\n<div><img loading=\"lazy\" decoding=\"async\" class=\"aligncenter wp-image-4470 size-large\" src=\"https:\/\/yasudaseiki.vn\/wp-content\/uploads\/2024\/07\/Tru-so-Yasuda-1024x768.jpg\" alt=\"\" width=\"1024\" height=\"768\" srcset=\"https:\/\/yasudaseiki.vn\/wp-content\/uploads\/2024\/07\/Tru-so-Yasuda-1024x768.jpg 1024w, https:\/\/yasudaseiki.vn\/wp-content\/uploads\/2024\/07\/Tru-so-Yasuda-300x225.jpg 300w, https:\/\/yasudaseiki.vn\/wp-content\/uploads\/2024\/07\/Tru-so-Yasuda-768x576.jpg 768w, https:\/\/yasudaseiki.vn\/wp-content\/uploads\/2024\/07\/Tru-so-Yasuda-1536x1152.jpg 1536w, https:\/\/yasudaseiki.vn\/wp-content\/uploads\/2024\/07\/Tru-so-Yasuda-2048x1536.jpg 2048w, https:\/\/yasudaseiki.vn\/wp-content\/uploads\/2024\/07\/Tru-so-Yasuda-600x450.jpg 600w\" sizes=\"auto, (max-width: 1024px) 100vw, 1024px\" \/><\/div>\n<div>(\u1ea2nh &#8211; Ph\u00f2ng nghi\u00ean c\u1ee9u c\u1ee7a Yasuda Seiki Seisakusho Ltd. t\u1ea1i Nh\u1eadt B\u1ea3n)<\/div>\n<div>\u00a0<\/div>\n<div><img loading=\"lazy\" decoding=\"async\" class=\"aligncenter wp-image-4466 size-large\" src=\"https:\/\/yasudaseiki.vn\/wp-content\/uploads\/2024\/07\/Chung-nhan-ISO-1024x768.jpg\" alt=\"\" width=\"1024\" height=\"768\" srcset=\"https:\/\/yasudaseiki.vn\/wp-content\/uploads\/2024\/07\/Chung-nhan-ISO-1024x768.jpg 1024w, https:\/\/yasudaseiki.vn\/wp-content\/uploads\/2024\/07\/Chung-nhan-ISO-300x225.jpg 300w, https:\/\/yasudaseiki.vn\/wp-content\/uploads\/2024\/07\/Chung-nhan-ISO-768x576.jpg 768w, https:\/\/yasudaseiki.vn\/wp-content\/uploads\/2024\/07\/Chung-nhan-ISO-1536x1152.jpg 1536w, https:\/\/yasudaseiki.vn\/wp-content\/uploads\/2024\/07\/Chung-nhan-ISO-2048x1536.jpg 2048w, https:\/\/yasudaseiki.vn\/wp-content\/uploads\/2024\/07\/Chung-nhan-ISO-600x450.jpg 600w\" sizes=\"auto, (max-width: 1024px) 100vw, 1024px\" \/> <\/div>\n<div>\u00a0<\/div >\n<div>(\u1ea2nh &#8211; Ch\u1ee9ng nh\u1eadn ti\u00eau chu\u1ea9n ISO)<\/div>\n<h2>TH\u00d4NG TIN LI\u00caN H\u1ec6<\/h2>\n\t\t<\/div>\n\t\t\t\t\t<\/div>\n\n\t\n\n\t<div id=\"col-1265997219\" class=\"col medium-6 small-12 large-6\"  >\n\t\t\t\t<div class=\"col-inner text-center\"  >\n\t\t\t\n\t<div class=\"is-border\"\n\t\tstyle=\"border-color:rgb(0, 0, 0);border-radius:5px;border-width:1px 1px 1px 1px;\">\n\t<\/div>\n\t\t\t\n\t<div id=\"text-1626138209\" class=\"text\">\n\t\t\n<p><strong>V\u0102N PH\u00d2NG H\u00c0 N\u1ed8I<\/strong><\/p>\n\t\t\n<style>\n#text-1626138209 {\n  font-size: 1.3rem;\n}\n<\/style>\n\t<\/div>\n\t\n\t<div id=\"text-3884693207\" class=\"text\">\n\t\t\n<p><strong>\u0110\u1ecba ch\u1ec9:<\/strong> L\u00f4 12, TT4, \u0110\u01b0\u1eddng Tr\u1ea7n V\u0103n Lai, Nam<br \/>T\u1eeb Li\u00eam, H\u00e0 N\u1ed9i, Vi\u1ec7t Nam<br \/><strong>\u0110i\u1ec7n tho\u1ea1i:<\/strong> (84-24) 3785 3839 \/ Fax: (8 4-24) 3785 3883<br \/><strong>Email:<\/strong> tai-son@hason.vn <br \/><strong>Email:<\/strong> hason-eng8@hason.vn<br \/><strong>Hotline1:<\/strong> 094 842 9678 (Mr. Ho\u00e0i S\u01a1n)<br \/><strong>Hotline2:<\/strong> 0904 288 018 (Anh T\u00e0i S\u01a1n)<\/p>\n\t\t\n<style>\n#text-3884693207 {\n  text-align: left;\n}\n<\/style>\n\t<\/div>\n\t\n\t\t<\/div>\n\t\t\t\t\n<style>\n#col-1265997219 > .col-inner {\n  padding: 25px 25px 25px 25px;\n}\n@media (min-width:850px) {\n  #col-1265997219 > .col-inner {\n    padding: 25px 70px 25px 70px;\n  }\n}\n<\/style>\n\t<\/div>\n\n\t\n\n\t<div id=\"col-128114041\" class=\"col medium-6 small-12 large-6\"  >\n\t\t\t\t<div class=\"col-inner text-center\"  >\n\t\t\t\n\t<div class=\"is-border\"\n\t\tstyle=\"border-color:rgb(0, 0, 0);border-radius:5px;border-width:1px 1px 1px;\">\n\t<\/div>\n\t\t\t\n\t<div id=\"text-3886715344\" class=\"text\">\n\t\t\n<p><strong>V\u0102N PH\u00d2NG T\u1ea0I H\u1ed2 CH\u00cd MINH &#038; \u0110\u00c0 N\u1eb4NG<\/strong><\/p>\n\t\t\n<style>\n#text-3886715344 {\n  font-size: 1.3rem;\n}\n<\/style>\n\t<\/div>\n\t\n\t<div id=\"text-724171361\" class=\"text\">\n\t\t\n<p><strong>\u0110\u1ecba ch\u1ec9:<\/strong> 69\/9, \u0110\u01b0\u1eddng Nguy\u1ec5n Gia Tr\u00ed, Ph\u01b0\u1eddng 25, Qu\u1eadn B\u00ecnh Th\u1ea1nh, Th\u00e0nh ph\u1ed1. H\u1ed3 Ch\u00ed Minh, Vi\u1ec7t Nam<br \/><strong>\u0110i\u1ec7n tho\u1ea1i:<\/strong> (84-28) 3512 1725 \/ Fax: (84-28) 3511 8396<br \/><strong>Email:<\/strong> hason-sales52@hason.vn<br \/><strong>Hotline1:<\/strong> 0906 663 719 (Anh Lu\u00e2n)<br \/><strong>Hotline2:<\/strong> 0912 397 379 (Anh T\u00e0i Anh)<\/p>\n\t\t\n<style>\n#text-724171361 {\n  text-align: left;\n}\n<\/style>\n\t<\/div>\n\t\n\t\t<\/div>\n\t\t\t\t\n<style>\n#col-128114041 > .col-inner {\n  padding: 25px 25px 25px 25px;\n}\n@media (min-width:850px) {\n  #col-128114041 > .col-inner {\n    padding: 25px 70px 25px 70px;\n  }\n}\n<\/style>\n\t<\/div>\n\n\t\n<\/div>\n\t\t<\/div>\n\n\t\t\n<style>\n#section_1043780961 {\n  padding-top: 30px;\n  padding-bottom: 30px;\n}\n<\/style>\n\t<\/section>\n\t\n","protected":false},"excerpt":{"rendered":"","protected":false},"author":2,"featured_media":0,"parent":0,"menu_order":0,"comment_status":"closed","ping_status":"closed","template":"page-blank.php","meta":{"footnotes":""},"class_list":["post-5182","page","type-page","status-publish","hentry"],"rankMath":{"parentDomain":"yasudaseiki.vn","noFollowDomains":[],"noFollowExcludeDomains":[],"noFollowExternalLinks":false,"featuredImageNotice":"H\u00ecnh \u1ea3nh n\u1ed5i b\u1eadt n\u00ean c\u00f3 k\u00edch th\u01b0\u1edbc \u00edt nh\u1ea5t 200 x 200 pixel \u0111\u1ec3 \u0111\u01b0\u1ee3c Facebook v\u00e0 c\u00e1c trang m\u1ea1ng x\u00e3 h\u1ed9i kh\u00e1c ch\u1ecdn.","pluginReviewed":false,"postSettings":{"linkSuggestions":true,"useFocusKeyword":false},"frontEndScore":false,"postName":"gioi-thieu-2","permalinkFormat":"https:\/\/yasudaseiki.vn\/vi\/%pagename%\/","showLockModifiedDate":true,"assessor":{"focusKeywordLink":"https:\/\/yasudaseiki.vn\/wp-admin\/edit.php?focus_keyword=%focus_keyword%&post_type=%post_type%","hasTOCPlugin":{"table-of-contents-plus\/toc.php":"Table of Contents Plus"},"primaryTaxonomy":false,"serpData":{"title":"","description":"","focusKeywords":"","pillarContent":false,"canonicalUrl":"","breadcrumbTitle":"","advancedRobots":[],"facebookTitle":"","facebookDescription":"","facebookImage":"","facebookImageID":"","facebookHasOverlay":false,"facebookImageOverlay":"","facebookAuthor":"","twitterCardType":"","twitterUseFacebook":true,"twitterTitle":"","twitterDescription":"","twitterImage":"","twitterImageID":"","twitterHasOverlay":false,"twitterImageOverlay":"","twitterPlayerUrl":"","twitterPlayerSize":"","twitterPlayerStream":"","twitterPlayerStreamCtype":"","twitterAppDescription":"","twitterAppIphoneName":"","twitterAppIphoneID":"","twitterAppIphoneUrl":"","twitterAppIpadName":"","twitterAppIpadID":"","twitterAppIpadUrl":"","twitterAppGoogleplayName":"","twitterAppGoogleplayID":"","twitterAppGoogleplayUrl":"","twitterAppCountry":"","robots":{"index":true},"twitterAuthor":"t\u00ean ng\u01b0\u1eddi d\u00f9ng","primaryTerm":0,"authorName":"Ninh Tran","titleTemplate":"%title% %sep% %sitename%","descriptionTemplate":"%excerpt%","showScoreFrontend":true,"lockModifiedDate":false},"powerWords":[],"diacritics":{"A":"[\\u0041\\u24B6\\uFF21\\u00C0\\u00C1\\u00C2\\u1EA6\\u1EA4\\u1EAA\\u1EA8\\u00C3\\u0100\\u0102\\u1EB0\\u1EAE\\u1EB4\\u1EB2\\u0226\\u01E0\\u00C4\\u01DE\\u1EA2\\u00C5\\u01FA\\u01CD\\u0200\\u0202\\u1EA0\\u1EAC\\u1EB6\\u1E00\\u0104\\u023A\\u2C6F]","AA":"[\\uA732]","AE":"[\\u00C6\\u01FC\\u01E2]","AO":"[\\uA734]","AU":"[\\uA736]","AV":"[\\uA738\\uA73A]","AY":"[\\uA73C]","B":"[\\u0042\\u24B7\\uFF22\\u1E02\\u1E04\\u1E06\\u0243\\u0182\\u0181]","C":"[\\u0043\\u24B8\\uFF23\\u0106\\u0108\\u010A\\u010C\\u00C7\\u1E08\\u0187\\u023B\\uA73E]","D":"[\\u0044\\u24B9\\uFF24\\u1E0A\\u010E\\u1E0C\\u1E10\\u1E12\\u1E0E\\u0110\\u018B\\u018A\\u0189\\uA779]","DZ":"[\\u01F1\\u01C4]","Dz":"[\\u01F2\\u01C5]","E":"[\\u0045\\u24BA\\uFF25\\u00C8\\u00C9\\u00CA\\u1EC0\\u1EBE\\u1EC4\\u1EC2\\u1EBC\\u0112\\u1E14\\u1E16\\u0114\\u0116\\u00CB\\u1EBA\\u011A\\u0204\\u0206\\u1EB8\\u1EC6\\u0228\\u1E1C\\u0118\\u1E18\\u1E1A\\u0190\\u018E]","F":"[\\u0046\\u24BB\\uFF26\\u1E1E\\u0191\\uA77B]","G":"[\\u0047\\u24BC\\uFF27\\u01F4\\u011C\\u1E20\\u011E\\u0120\\u01E6\\u0122\\u01E4\\u0193\\uA7A0\\uA77D\\uA77E]","H":"[\\u0048\\u24BD\\uFF28\\u0124\\u1E22\\u1E26\\u021E\\u1E24\\u1E28\\u1E2A\\u0126\\u2C67\\u2C75\\uA78D]","I":"[\\u0049\\u24BE\\uFF29\\u00CC\\u00CD\\u00CE\\u0128\\u012A\\u012C\\u0130\\u00CF\\u1E2E\\u1EC8\\u01CF\\u0208\\u020A\\u1ECA\\u012E\\u1E2C\\u0197]","J":"[\\u004A\\u24BF\\uFF2A\\u0134\\u0248]","K":"[\\u004B\\u24C0\\uFF2B\\u1E30\\u01E8\\u1E32\\u0136\\u1E34\\u0198\\u2C69\\uA740\\uA742\\uA744\\uA7A2]","L":"[\\u004C\\u24C1\\uFF2C\\u013F\\u0139\\u013D\\u1E36\\u1E38\\u013B\\u1E3C\\u1E3A\\u0141\\u023D\\u2C62\\u2C60\\uA748\\uA746\\uA780]","LJ":"[\\u01C7]","Lj":"[\\u01C8]","M":"[\\u004D\\u24C2\\uFF2D\\u1E3E\\u1E40\\u1E42\\u2C6E\\u019C]","N":"[\\u004E\\u24C3\\uFF2E\\u01F8\\u0143\\u00D1\\u1E44\\u0147\\u1E46\\u0145\\u1E4A\\u1E48\\u0220\\u019D\\uA790\\uA7A4]","NJ":"[\\u01CA]","Nj":"[\\u01CB]","O":"[\\u004F\\u24C4\\uFF2F\\u00D2\\u00D3\\u00D4\\u1ED2\\u1ED0\\u1ED6\\u1ED4\\u00D5\\u1E4C\\u022C\\u1E4E\\u014C\\u1E50\\u1E52\\u014E\\u022E\\u0230\\u00D6\\u022A\\u1ECE\\u0150\\u01D1\\u020C\\u020E\\u01A0\\u1EDC\\u1EDA\\u1EE0\\u1EDE\\u1EE2\\u1ECC\\u1ED8\\u01EA\\u01EC\\u00D8\\u01FE\\u0186\\u019F\\uA74A\\uA74C]","OI":"[\\u01A2]","OO":"[\\uA74E]","OU":"[\\u0222]","P":"[\\u0050\\u24C5\\uFF30\\u1E54\\u1E56\\u01A4\\u2C63\\uA750\\uA752\\uA754]","Q":"[\\u0051\\u24C6\\uFF31\\uA756\\uA758\\u024A]","R":"[\\u0052\\u24C7\\uFF32\\u0154\\u1E58\\u0158\\u0210\\u0212\\u1E5A\\u1E5C\\u0156\\u1E5E\\u024C\\u2C64\\uA75A\\uA7A6\\uA782]","S":"[\\u0053\\u24C8\\uFF33\\u1E9E\\u015A\\u1E64\\u015C\\u1E60\\u0160\\u1E66\\u1E62\\u1E68\\u0218\\u015E\\u2C7E\\uA7A8\\uA784]","T":"[\\u0054\\u24C9\\uFF34\\u1E6A\\u0164\\u1E6C\\u021A\\u0162\\u1E70\\u1E6E\\u0166\\u01AC\\u01AE\\u023E\\uA786]","TZ":"[\\uA728]","U":"[\\u0055\\u24CA\\uFF35\\u00D9\\u00DA\\u00DB\\u0168\\u1E78\\u016A\\u1E7A\\u016C\\u00DC\\u01DB\\u01D7\\u01D5\\u01D9\\u1EE6\\u016E\\u0170\\u01D3\\u0214\\u0216\\u01AF\\u1EEA\\u1EE8\\u1EEE\\u1EEC\\u1EF0\\u1EE4\\u1E72\\u0172\\u1E76\\u1E74\\u0244]","V":"[\\u0056\\u24CB\\uFF36\\u1E7C\\u1E7E\\u01B2\\uA75E\\u0245]","VY":"[\\uA760]","W":"[\\u0057\\u24CC\\uFF37\\u1E80\\u1E82\\u0174\\u1E86\\u1E84\\u1E88\\u2C72]","X":"[\\u0058\\u24CD\\uFF38\\u1E8A\\u1E8C]","Y":"[\\u0059\\u24CE\\uFF39\\u1EF2\\u00DD\\u0176\\u1EF8\\u0232\\u1E8E\\u0178\\u1EF6\\u1EF4\\u01B3\\u024E\\u1EFE]","Z":"[\\u005A\\u24CF\\uFF3A\\u0179\\u1E90\\u017B\\u017D\\u1E92\\u1E94\\u01B5\\u0224\\u2C7F\\u2C6B\\uA762]","a":"[\\u0061\\u24D0\\uFF41\\u1E9A\\u00E0\\u00E1\\u00E2\\u1EA7\\u1EA5\\u1EAB\\u1EA9\\u00E3\\u0101\\u0103\\u1EB1\\u1EAF\\u1EB5\\u1EB3\\u0227\\u01E1\\u00E4\\u01DF\\u1EA3\\u00E5\\u01FB\\u01CE\\u0201\\u0203\\u1EA1\\u1EAD\\u1EB7\\u1E01\\u0105\\u2C65\\u0250]","aa":"[\\uA733]","ae":"[\\u00E6\\u01FD\\u01E3]","ao":"[\\uA735]","au":"[\\uA737]","av":"[\\uA739\\uA73B]","ay":"[\\uA73D]","b":"[\\u0062\\u24D1\\uFF42\\u1E03\\u1E05\\u1E07\\u0180\\u0183\\u0253]","c":"[\\u0063\\u24D2\\uFF43\\u0107\\u0109\\u010B\\u010D\\u00E7\\u1E09\\u0188\\u023C\\uA73F\\u2184]","d":"[\\u0064\\u24D3\\uFF44\\u1E0B\\u010F\\u1E0D\\u1E11\\u1E13\\u1E0F\\u0111\\u018C\\u0256\\u0257\\uA77A]","dz":"[\\u01F3\\u01C6]","e":"[\\u0065\\u24D4\\uFF45\\u00E8\\u00E9\\u00EA\\u1EC1\\u1EBF\\u1EC5\\u1EC3\\u1EBD\\u0113\\u1E15\\u1E17\\u0115\\u0117\\u00EB\\u1EBB\\u011B\\u0205\\u0207\\u1EB9\\u1EC7\\u0229\\u1E1D\\u0119\\u1E19\\u1E1B\\u0247\\u025B\\u01DD]","f":"[\\u0066\\u24D5\\uFF46\\u1E1F\\u0192\\uA77C]","g":"[\\u0067\\u24D6\\uFF47\\u01F5\\u011D\\u1E21\\u011F\\u0121\\u01E7\\u0123\\u01E5\\u0260\\uA7A1\\u1D79\\uA77F]","h":"[\\u0068\\u24D7\\uFF48\\u0125\\u1E23\\u1E27\\u021F\\u1E25\\u1E29\\u1E2B\\u1E96\\u0127\\u2C68\\u2C76\\u0265]","hv":"[\\u0195]","i":"[\\u0069\\u24D8\\uFF49\\u00EC\\u00ED\\u00EE\\u0129\\u012B\\u012D\\u00EF\\u1E2F\\u1EC9\\u01D0\\u0209\\u020B\\u1ECB\\u012F\\u1E2D\\u0268\\u0131]","j":"[\\u006A\\u24D9\\uFF4A\\u0135\\u01F0\\u0249]","k":"[\\u006B\\u24DA\\uFF4B\\u1E31\\u01E9\\u1E33\\u0137\\u1E35\\u0199\\u2C6A\\uA741\\uA743\\uA745\\uA7A3]","l":"[\\u006C\\u24DB\\uFF4C\\u0140\\u013A\\u013E\\u1E37\\u1E39\\u013C\\u1E3D\\u1E3B\\u017F\\u0142\\u019A\\u026B\\u2C61\\uA749\\uA781\\uA747]","lj":"[\\u01C9]","m":"[\\u006D\\u24DC\\uFF4D\\u1E3F\\u1E41\\u1E43\\u0271\\u026F]","n":"[\\u006E\\u24DD\\uFF4E\\u01F9\\u0144\\u00F1\\u1E45\\u0148\\u1E47\\u0146\\u1E4B\\u1E49\\u019E\\u0272\\u0149\\uA791\\uA7A5]","nj":"[\\u01CC]","o":"[\\u006F\\u24DE\\uFF4F\\u00F2\\u00F3\\u00F4\\u1ED3\\u1ED1\\u1ED7\\u1ED5\\u00F5\\u1E4D\\u022D\\u1E4F\\u014D\\u1E51\\u1E53\\u014F\\u022F\\u0231\\u00F6\\u022B\\u1ECF\\u0151\\u01D2\\u020D\\u020F\\u01A1\\u1EDD\\u1EDB\\u1EE1\\u1EDF\\u1EE3\\u1ECD\\u1ED9\\u01EB\\u01ED\\u00F8\\u01FF\\u0254\\uA74B\\uA74D\\u0275]","oi":"[\\u01A3]","ou":"[\\u0223]","oo":"[\\uA74F]","p":"[\\u0070\\u24DF\\uFF50\\u1E55\\u1E57\\u01A5\\u1D7D\\uA751\\uA753\\uA755]","q":"[\\u0071\\u24E0\\uFF51\\u024B\\uA757\\uA759]","r":"[\\u0072\\u24E1\\uFF52\\u0155\\u1E59\\u0159\\u0211\\u0213\\u1E5B\\u1E5D\\u0157\\u1E5F\\u024D\\u027D\\uA75B\\uA7A7\\uA783]","s":"[\\u0073\\u24E2\\uFF53\\u015B\\u1E65\\u015D\\u1E61\\u0161\\u1E67\\u1E63\\u1E69\\u0219\\u015F\\u023F\\uA7A9\\uA785\\u1E9B]","ss":"[\\u00DF]","t":"[\\u0074\\u24E3\\uFF54\\u1E6B\\u1E97\\u0165\\u1E6D\\u021B\\u0163\\u1E71\\u1E6F\\u0167\\u01AD\\u0288\\u2C66\\uA787]","tz":"[\\uA729]","u":"[\\u0075\\u24E4\\uFF55\\u00F9\\u00FA\\u00FB\\u0169\\u1E79\\u016B\\u1E7B\\u016D\\u00FC\\u01DC\\u01D8\\u01D6\\u01DA\\u1EE7\\u016F\\u0171\\u01D4\\u0215\\u0217\\u01B0\\u1EEB\\u1EE9\\u1EEF\\u1EED\\u1EF1\\u1EE5\\u1E73\\u0173\\u1E77\\u1E75\\u0289]","v":"[\\u0076\\u24E5\\uFF56\\u1E7D\\u1E7F\\u028B\\uA75F\\u028C]","vy":"[\\uA761]","w":"[\\u0077\\u24E6\\uFF57\\u1E81\\u1E83\\u0175\\u1E87\\u1E85\\u1E98\\u1E89\\u2C73]","x":"[\\u0078\\u24E7\\uFF58\\u1E8B\\u1E8D]","y":"[\\u0079\\u24E8\\uFF59\\u1EF3\\u00FD\\u0177\\u1EF9\\u0233\\u1E8F\\u00FF\\u1EF7\\u1E99\\u1EF5\\u01B4\\u024F\\u1EFF]","z":"[\\u007A\\u24E9\\uFF5A\\u017A\\u1E91\\u017C\\u017E\\u1E93\\u1E95\\u01B6\\u0225\\u0240\\u2C6C\\uA763]"},"researchesTests":["contentHasTOC","contentHasShortParagraphs","contentHasAssets","keywordInTitle","keywordInMetaDescription","keywordInPermalink","keywordIn10Percent","keywordInContent","keywordInSubheadings","keywordInImageAlt","keywordDensity","keywordNotUsed","lengthContent","lengthPermalink","linksHasInternal","linksHasExternals","linksNotAllExternals","titleStartWithKeyword","titleSentiment","titleHasPowerWords","titleHasNumber","hasContentAI"],"hasRedirection":false,"hasBreadcrumb":true},"homeUrl":"https:\/\/yasudaseiki.vn\/vi\/","objectID":5182,"objectType":"post","locale":"vi","localeFull":"vi","overlayImages":{"play":{"name":"Bi\u1ec3u t\u01b0\u1ee3ng ph\u00e1t","url":"https:\/\/yasudaseiki.vn\/wp-content\/plugins\/seo-by-rank-math\/assets\/admin\/img\/icon-play.png","path":"\/home\/yasudase\/domains\/yasudaseiki.vn\/public_html\/wp-content\/plugins\/seo-by-rank-math\/assets\/admin\/img\/icon-play.png","position":"middle_center"},"gif":{"name":"Bi\u1ec3u t\u01b0\u1ee3ng GIF","url":"https:\/\/yasudaseiki.vn\/wp-content\/plugins\/seo-by-rank-math\/assets\/admin\/img\/icon-gif.png","path":"\/home\/yasudase\/domains\/yasudaseiki.vn\/public_html\/wp-content\/plugins\/seo-by-rank-math\/assets\/admin\/img\/icon-gif.png","position":"middle_center"}},"defautOgImage":"https:\/\/yasudaseiki.vn\/wp-content\/plugins\/seo-by-rank-math\/assets\/admin\/img\/social-placeholder.jpg","customPermalinks":true,"isUserRegistered":false,"autoSuggestKeywords":false,"connectSiteUrl":"https:\/\/rankmath.com\/auth?site=https%3A%2F%2Fyasudaseiki.vn%2Fvi%2F&r=https%3A%2F%2Fyasudaseiki.vn%2Fvi%2Fwp-json%2Fwp%2Fv2%2Fpages%2F5182%3Fnonce%3Dbe0549aa02","maxTags":5,"trendsIcon":"<svg viewBox=\"0 0 610 610\"><path d=\"M18.85,446,174.32,290.48l58.08,58.08L76.93,504a14.54,14.54,0,0,1-20.55,0L18.83,466.48a14.54,14.54,0,0,1,0-20.55Z\" style=\"fill:#4285f4\"\/><path d=\"M242.65,242.66,377.59,377.6l-47.75,47.75a14.54,14.54,0,0,1-20.55,0L174.37,290.43l47.75-47.75A14.52,14.52,0,0,1,242.65,242.66Z\" style=\"fill:#ea4335\"\/><polygon points=\"319.53 319.53 479.26 159.8 537.34 217.88 377.61 377.62 319.53 319.53\" style=\"fill:#fabb05\"\/><path d=\"M594.26,262.73V118.61h0a16.94,16.94,0,0,0-16.94-16.94H433.2a16.94,16.94,0,0,0-12,28.92L565.34,274.71h0a16.94,16.94,0,0,0,28.92-12Z\" style=\"fill:#34a853\"\/><rect width=\"610\" height=\"610\" style=\"fill:none\"\/><\/svg>","showScore":true,"siteFavIcon":"https:\/\/yasudaseiki.vn\/wp-content\/uploads\/2024\/09\/cropped-fanvicon-hason-32x32.png","canUser":{"general":false,"advanced":false,"snippet":false,"social":false,"analysis":false,"analytics":false,"content_ai":false},"isPro":false,"is_front_page":false,"trendsUpgradeLink":"https:\/\/rankmath.com\/pricing\/?utm_source=Plugin&utm_medium=CE%20General%20Tab%20Trends&utm_campaign=WP","trendsUpgradeLabel":"N\u00e2ng c\u1ea5p","trendsPreviewImage":"https:\/\/yasudaseiki.vn\/wp-content\/plugins\/seo-by-rank-math\/assets\/admin\/img\/trends-preview.jpg","currentEditor":false,"homepageData":{"assessor":{"powerWords":[],"diacritics":true,"researchesTests":["contentHasTOC","contentHasShortParagraphs","contentHasAssets","keywordInTitle","keywordInMetaDescription","keywordInPermalink","keywordIn10Percent","keywordInContent","keywordInSubheadings","keywordInImageAlt","keywordDensity","keywordNotUsed","lengthContent","lengthPermalink","linksHasInternal","linksHasExternals","linksNotAllExternals","titleStartWithKeyword","titleSentiment","titleHasPowerWords","titleHasNumber","hasContentAI"],"hasBreadcrumb":true,"serpData":{"title":"%sitename% %page% %sep% %sitedesc%","description":"","titleTemplate":"%sitename% %page% %sep% %sitedesc%","descriptionTemplate":"","focusKeywords":"","breadcrumbTitle":"Home","robots":{"index":true},"advancedRobots":[],"facebookTitle":"","facebookDescription":"","facebookImage":"","facebookImageID":""}}},"tocTitle":"Table of Contents","tocExcludeHeadings":[],"listStyle":"ul"},"_links":{"self":[{"href":"https:\/\/yasudaseiki.vn\/vi\/wp-json\/wp\/v2\/pages\/5182","targetHints":{"allow":["GET"]}}],"collection":[{"href":"https:\/\/yasudaseiki.vn\/vi\/wp-json\/wp\/v2\/pages"}],"about":[{"href":"https:\/\/yasudaseiki.vn\/vi\/wp-json\/wp\/v2\/types\/page"}],"author":[{"embeddable":true,"href":"https:\/\/yasudaseiki.vn\/vi\/wp-json\/wp\/v2\/users\/2"}],"replies":[{"embeddable":true,"href":"https:\/\/yasudaseiki.vn\/vi\/wp-json\/wp\/v2\/comments?post=5182"}],"version-history":[{"count":0,"href":"https:\/\/yasudaseiki.vn\/vi\/wp-json\/wp\/v2\/pages\/5182\/revisions"}],"wp:attachment":[{"href":"https:\/\/yasudaseiki.vn\/vi\/wp-json\/wp\/v2\/media?parent=5182"}],"curies":[{"name":"wp","href":"https:\/\/api.w.org\/{rel}","templated":true}]}}