{"id":6368,"date":"2024-08-15T15:54:00","date_gmt":"2024-08-15T08:54:00","guid":{"rendered":"https:\/\/yasudaseiki.vn\/?post_type=product&#038;p=6368"},"modified":"2024-08-15T15:54:01","modified_gmt":"2024-08-15T08:54:01","slug":"no-213-jis-%ed%9e%88%ed%8a%b8%ec%8b%a4%eb%9f%ac","status":"publish","type":"product","link":"https:\/\/yasudaseiki.vn\/ko\/product\/no-213-jis-%ed%9e%88%ed%8a%b8%ec%8b%a4%eb%9f%ac\/","title":{"rendered":"No.213 JIS \ud788\ud2b8\uc2e4\ub7ec"},"content":{"rendered":"<h3>Specification<\/h3>\n<table>\n<tbody>\n<tr>\n<td colspan=\"2\"><strong>Specifications are subject to change without notice.<\/strong><\/td>\n<\/tr>\n<tr>\n<td><b>Seal Plate<\/b><\/td>\n<td>20 \u00d7 40 mm \u00d7 3 line or 20 \u00d7 180 \u00d7 1 line<\/td>\n<\/tr>\n<tr>\n<td><b>Temperature Range<\/b><\/td>\n<td>Max. 300 \u00b0C<br \/>\n*The surface flatness will only be ensured at the specified temperature.<\/td>\n<\/tr>\n<tr>\n<td><b>Pressing Method<\/b><\/td>\n<td>Weight Loading, Opening 8 mm<\/td>\n<\/tr>\n<tr>\n<td><b>Load Pressure<\/b><\/td>\n<td>49 to 294 kPa (0.5 to 3.0 kgf\/cm2)<\/td>\n<\/tr>\n<tr>\n<td><b>Timer<\/b><\/td>\n<td>Max. 99.99 sec<\/td>\n<\/tr>\n<tr>\n<td><strong>Accessories<\/strong><\/td>\n<td>Foot Switch<\/td>\n<\/tr>\n<tr>\n<td><b>Power Source<\/b><\/td>\n<td>AC 100 V, 1-Phase, 10 A, 50\/60 Hz<\/td>\n<\/tr>\n<tr>\n<td><b>Dimensions\/ Weight (Approx.)<\/b><\/td>\n<td>W750 \u00d7 D350 \u00d7 H670 mm, 65 kg<\/td>\n<\/tr>\n<\/tbody>\n<\/table>\n<h3><\/h3>\n","protected":false},"excerpt":{"rendered":"<p>JIS Z1514, (Z1521), Z1707<\/p>\n<ul>\n<li>This tester is used to heat seal cellophane, plastic film etc. according to the JIS standard.<\/li>\n<li>The tester can provide accurate load by applying real load pressuring system.<\/li>\n<\/ul>\n","protected":false},"featured_media":4781,"comment_status":"open","ping_status":"closed","template":"","meta":[],"product_cat":[313,380,362,374,319],"product_tag":[],"class_list":{"0":"post-6368","1":"product","2":"type-product","3":"status-publish","4":"has-post-thumbnail","6":"product_cat-313","7":"product_cat-380","8":"product_cat-362","9":"product_cat-374","10":"product_cat-319","12":"first","13":"instock","14":"shipping-taxable","15":"product-type-simple"},"_links":{"self":[{"href":"https:\/\/yasudaseiki.vn\/ko\/wp-json\/wp\/v2\/product\/6368","targetHints":{"allow":["GET"]}}],"collection":[{"href":"https:\/\/yasudaseiki.vn\/ko\/wp-json\/wp\/v2\/product"}],"about":[{"href":"https:\/\/yasudaseiki.vn\/ko\/wp-json\/wp\/v2\/types\/product"}],"replies":[{"embeddable":true,"href":"https:\/\/yasudaseiki.vn\/ko\/wp-json\/wp\/v2\/comments?post=6368"}],"wp:featuredmedia":[{"embeddable":true,"href":"https:\/\/yasudaseiki.vn\/ko\/wp-json\/wp\/v2\/media\/4781"}],"wp:attachment":[{"href":"https:\/\/yasudaseiki.vn\/ko\/wp-json\/wp\/v2\/media?parent=6368"}],"wp:term":[{"taxonomy":"product_cat","embeddable":true,"href":"https:\/\/yasudaseiki.vn\/ko\/wp-json\/wp\/v2\/product_cat?post=6368"},{"taxonomy":"product_tag","embeddable":true,"href":"https:\/\/yasudaseiki.vn\/ko\/wp-json\/wp\/v2\/product_tag?post=6368"}],"curies":[{"name":"wp","href":"https:\/\/api.w.org\/{rel}","templated":true}]}}