{"id":5951,"date":"2024-08-11T17:50:50","date_gmt":"2024-08-11T10:50:50","guid":{"rendered":"https:\/\/yasudaseiki.vn\/?post_type=product&#038;p=5951"},"modified":"2024-08-11T17:50:50","modified_gmt":"2024-08-11T10:50:50","slug":"no-145-sv-may-kiem-tra-do-ben-keo-dan-loai-dong-co-phu","status":"publish","type":"product","link":"https:\/\/yasudaseiki.vn\/ko\/product\/no-145-sv-may-kiem-tra-do-ben-keo-dan-loai-dong-co-phu\/","title":{"rendered":"No.145-SV M\u00e1y ki\u1ec3m tra \u0111\u1ed9 b\u1ec1n k\u00e9o d\u00e3n (LO\u1ea0I \u0110\u1ed8NG C\u01a0 PH\u1ee4)"},"content":{"rendered":"<h3 class=\"ttl_type_01\">\u0110\u1eb7c \u0111i\u1ec3m k\u1ef9 thu\u1eadt s\u1ed1 145-SV<\/h3>\n<table>\n<tbody>\n<tr>\n<td colspan=\"2\"><strong>\u0110\u1eb7c \u0111i\u1ec3m k\u1ef9 thu\u1eadt c\u00f3 th\u1ec3 thay \u0111\u1ed5i m\u00e0 kh\u00f4ng c\u1ea7n b\u00e1o tr\u01b0\u1edbc.<\/strong><\/td>\n<\/tr>\n<tr>\n<td><strong>Gi\u00e1 treo<\/strong><\/td>\n<td>3, 6 ho\u1eb7c 10 Gi\u00e1 treo (3 lo\u1ea1i)<\/td>\n<\/tr>\n<tr>\n<td><strong>M\u1eabu v\u1eadt<\/strong><\/td>\n<td>Xem JIS K7162 ho\u1eb7c JIS K6263 \u0111\u1ec3 tham kh\u1ea3o<\/td>\n<\/tr>\n<tr>\n<td><strong>Ph\u01b0\u01a1ng ph\u00e1p t\u1ea3i<\/strong><\/td>\n<td>Lo\u1ea1i \u0111\u1ed9ng c\u01a1 servo<\/td>\n<\/tr>\n<tr>\n<td><strong>T\u1ea3i tr\u1ecdng<\/strong><\/td>\n<td>T\u1ed1i \u0111a. 5 kN (500 kgf)<\/td>\n<\/tr>\n<tr>\n<td><strong>Ph\u00e1t hi\u1ec7n t\u1ea3i<\/strong><\/td>\n<td>C\u1ea3m bi\u1ebfn l\u1ef1c<\/td>\n<\/tr>\n<tr>\n<td><strong>\u0110o \u0111\u1ed9 d\u1ecbch chuy\u1ec3n<\/strong><\/td>\n<td>Thang \u0111o tuy\u1ebfn t\u00ednh t\u1eeb t\u00ednh 1\/100 mm, H\u00e0nh tr\u00ecnh 0 \u0111\u1ebfn T\u1ed1i \u0111a. \u00b1 100 mm<\/td>\n<\/tr>\n<tr>\n<td><strong>Ph\u1ea1m vi nhi\u1ec7t \u0111\u1ed9<\/strong><\/td>\n<td>T\u1ed1i \u0111a. 200 \u00b0C<\/td>\n<\/tr>\n<tr>\n<td><strong>Ph\u1ea7n m\u1ec1m<\/strong><\/td>\n<td>T\u01b0\u01a1ng th\u00edch v\u1edbi Windows<\/td>\n<\/tr>\n<tr>\n<td><strong>T\u00f9y ch\u1ecdn<\/strong><\/td>\n<td>M\u00e1y n\u00e9n, M\u00e1y u\u1ed1n, L\u00f2 nhi\u1ec7t \u0111\u1ed9 th\u1ea5p, Nhi\u1ec7t \u0111\u1ed9 kh\u00f4ng \u0111\u1ed5i &amp; L\u00f2 \u1ea9m, L\u00f2 chia, \u0110o chi\u1ec1u d\u00e0i th\u01b0\u1edbc \u0111o Spec<\/td>\n<\/tr>\n<tr>\n<td><strong>Ngu\u1ed3n \u0111i\u1ec7n<\/strong><\/td>\n<td>Kh\u00e1c nhau theo th\u00f4ng s\u1ed1 k\u1ef9 thu\u1eadt.<\/td>\n<\/tr>\n<tr>\n<td><strong>K\u00edch th\u01b0\u1edbc\/Tr\u1ecdng l\u01b0\u1ee3ng (X\u1ea5p x\u1ec9)<\/strong><\/td>\n<td>Kh\u00e1c nhau theo th\u00f4ng s\u1ed1 k\u1ef9 thu\u1eadt.<\/td>\n<\/tr>\n<\/tbody>\n<\/table>\n","protected":false},"excerpt":{"rendered":"<p>JIS K7115, ASTM D2990, ISO 899-1 (KI\u1ec2M TRA \u0110\u1ed8 D\u1ea0NG L\u00d2N), JIS K6263, ISO 3384 (KI\u1ec2M TRA \u0110\u1ed8 D\u1ea0NG TH\u1ea2I \u1ee8NG SU\u1ea4T)<\/p>\n<ul>\n<li>B\u1ed5 sung th\u00eam \u0111\u1ed9ng c\u01a1 servo v\u00e0o m\u00e1y ki\u1ec3m tra \u0111\u1ed9 gi\u00e3n ki\u1ec3u t\u1ea3i th\u1ef1c t\u1ebf th\u00f4ng th\u01b0\u1eddng v\u00e0 ph\u00e1t hi\u1ec7n t\u1ea3i b\u1eb1ng c\u1ea3m bi\u1ebfn l\u1ef1c, m\u00e1y ki\u1ec3m tra \u0111\u1ed9 gi\u00e3n ki\u1ec3u \u0111\u1ed9ng c\u01a1 servo c\u00f3 th\u1ec3 gi\u1ea3m t\u00e1c \u0111\u1ed9ng hi\u1ec7u qu\u1ea3 khi m\u1eabu th\u1eed b\u1ecb g\u00e3y, \u0111\u1ed3ng th\u1eddi ti\u1ebft ki\u1ec7m kh\u00f4ng gian.<\/li>\n<li>B\u1eb1ng c\u00e1ch ch\u1ecdn Chuck, m\u00e1y ki\u1ec3m tra c\u00f3 th\u1ec3 ti\u1ebfn h\u00e0nh c\u00e1c th\u1eed nghi\u1ec7m gi\u00e3n \u1ee9ng su\u1ea5t k\u00e9o v\u00e0 th\u1eed nghi\u1ec7m gi\u00e3n \u1ee9ng su\u1ea5t ng\u01b0ng t\u1ee5.<\/li>\n<li>M\u00e1y ki\u1ec3m tra c\u0169ng c\u00f3 th\u1ec3 \u0111\u01b0\u1ee3c ph\u00e2n lo\u1ea1i v\u1edbi c\u00e1c ch\u1ee9c n\u0103ng ki\u1ec3m tra nh\u01b0 th\u1eed nghi\u1ec7m co nhi\u1ec7t v\u00e0 th\u1eed nghi\u1ec7m va \u0111\u1eadp nhi\u1ec7t.<\/li>\n<\/ul>\n","protected":false},"featured_media":4132,"comment_status":"open","ping_status":"closed","template":"","meta":[],"product_cat":[92],"product_tag":[],"class_list":{"0":"post-5951","1":"product","2":"type-product","3":"status-publish","4":"has-post-thumbnail","6":"product_cat-product","8":"first","9":"instock","10":"shipping-taxable","11":"product-type-simple"},"_links":{"self":[{"href":"https:\/\/yasudaseiki.vn\/ko\/wp-json\/wp\/v2\/product\/5951","targetHints":{"allow":["GET"]}}],"collection":[{"href":"https:\/\/yasudaseiki.vn\/ko\/wp-json\/wp\/v2\/product"}],"about":[{"href":"https:\/\/yasudaseiki.vn\/ko\/wp-json\/wp\/v2\/types\/product"}],"replies":[{"embeddable":true,"href":"https:\/\/yasudaseiki.vn\/ko\/wp-json\/wp\/v2\/comments?post=5951"}],"wp:featuredmedia":[{"embeddable":true,"href":"https:\/\/yasudaseiki.vn\/ko\/wp-json\/wp\/v2\/media\/4132"}],"wp:attachment":[{"href":"https:\/\/yasudaseiki.vn\/ko\/wp-json\/wp\/v2\/media?parent=5951"}],"wp:term":[{"taxonomy":"product_cat","embeddable":true,"href":"https:\/\/yasudaseiki.vn\/ko\/wp-json\/wp\/v2\/product_cat?post=5951"},{"taxonomy":"product_tag","embeddable":true,"href":"https:\/\/yasudaseiki.vn\/ko\/wp-json\/wp\/v2\/product_tag?post=5951"}],"curies":[{"name":"wp","href":"https:\/\/api.w.org\/{rel}","templated":true}]}}