{"id":5918,"date":"2024-08-11T16:45:17","date_gmt":"2024-08-11T09:45:17","guid":{"rendered":"https:\/\/yasudaseiki.vn\/?post_type=product&#038;p=5918"},"modified":"2024-08-11T16:45:17","modified_gmt":"2024-08-11T09:45:17","slug":"no-257-may-kiem-tra-do-uon-cong-cua-cap-quang","status":"publish","type":"product","link":"https:\/\/yasudaseiki.vn\/ko\/product\/no-257-may-kiem-tra-do-uon-cong-cua-cap-quang\/","title":{"rendered":"No.257 M\u00e1y ki\u1ec3m tra \u0111\u1ed9 u\u1ed1n cong c\u1ee7a c\u00e1p quang"},"content":{"rendered":"<h3>Th\u00f4ng s\u1ed1 k\u1ef9 thu\u1eadt<\/h3>\n<table>\n<tbody>\n<tr>\n<td colspan=\"2\"><strong>Th\u00f4ng s\u1ed1 k\u1ef9 thu\u1eadt c\u00f3 th\u1ec3 thay \u0111\u1ed5i m\u00e0 kh\u00f4ng c\u1ea7n b\u00e1o tr\u01b0\u1edbc.<\/strong><\/td>\n<\/tr>\n<tr>\n<td><b>Treo<\/b><\/td>\n<td>1 treo, 3 treo, 6 treo (3 lo\u1ea1i)<\/td>\n<\/tr>\n<tr>\n<td><b>G\u00f3c u\u1ed1n<\/b><\/td>\n<td>Tr\u00e1i-Ph\u1ea3i 45\u00b0, 60\u00b0, 90\u00b0 (Gi\u00e1 tr\u1ecb chu\u1ea9n 90\u00b0)<\/td>\n<\/tr>\n<tr>\n<td><b>T\u1ed1c \u0111\u1ed9 u\u1ed1n<\/b><\/td>\n<td>2 gi\u00e2y\/1 chu k\u1ef3<\/td>\n<\/tr>\n<tr>\n<td><b>\u0110\u01b0\u1eddng k\u00ednh tr\u1ee5c u\u1ed1n<\/b><\/td>\n<td>R15 mm<\/td>\n<\/tr>\n<tr>\n<td><b>Tr\u1ecdng l\u01b0\u1ee3ng<\/b><\/td>\n<td>500 g, 1.000 g<\/td>\n<\/tr>\n<tr>\n<td><b>T\u00f9y ch\u1ecdn<\/b><\/td>\n<td>Ch\u1ee9c n\u0103ng ph\u00e1t hi\u1ec7n \u0111\u1ee9t<\/td>\n<\/tr>\n<tr>\n<td><b>Ngu\u1ed3n \u0111i\u1ec7n<\/b><\/td>\n<td>AC 100 V, 1 pha, 10 A, 50\/60 Hz<\/td>\n<\/tr>\n<tr>\n<td><b>K\u00edch th\u01b0\u1edbc\/Tr\u1ecdng l\u01b0\u1ee3ng (X\u1ea5p x\u1ec9)<\/b><\/td>\n<td>Kh\u00e1c nhau t\u00f9y theo th\u00f4ng s\u1ed1 k\u1ef9 thu\u1eadt.<\/td>\n<\/tr>\n<\/tbody>\n<\/table>\n","protected":false},"excerpt":{"rendered":"<p>JIS C6821, C6851, C6861, IEC-60794<\/p>\n<ul>\n<li>M\u00e1y th\u1eed n\u00e0y \u0111\u01b0\u1ee3c s\u1eed d\u1ee5ng \u0111\u1ec3 ti\u1ebfn h\u00e0nh th\u1eed nghi\u1ec7m u\u1ed1n cong tr\u00ean c\u00e1p v\u00e0 d\u00e2y c\u00e1p quang.<\/li>\n<li>M\u1eabu v\u1eadt \u0111\u01b0\u1ee3c t\u00e1c d\u1ee5ng m\u1ed9t l\u01b0\u1ee3ng tr\u1ecdng l\u01b0\u1ee3ng nh\u1ea5t \u0111\u1ecbnh v\u00e0 u\u1ed1n cong 90\u00b0 theo c\u1ea3 hai h\u01b0\u1edbng.<\/li>\n<li>Sau \u0111\u00f3, m\u1eabu v\u1eadt \u0111\u01b0\u1ee3c \u0111\u00e1nh gi\u00e1 b\u1eb1ng c\u00e1ch ki\u1ec3m tra thi\u1ec7t h\u1ea1i v\u00e0 m\u1ea5t m\u00e1t do th\u1eed nghi\u1ec7m g\u00e2y ra.<\/li>\n<\/ul>\n","protected":false},"featured_media":4906,"comment_status":"open","ping_status":"closed","template":"","meta":[],"product_cat":[92],"product_tag":[],"class_list":{"0":"post-5918","1":"product","2":"type-product","3":"status-publish","4":"has-post-thumbnail","6":"product_cat-product","8":"first","9":"instock","10":"shipping-taxable","11":"product-type-simple"},"_links":{"self":[{"href":"https:\/\/yasudaseiki.vn\/ko\/wp-json\/wp\/v2\/product\/5918","targetHints":{"allow":["GET"]}}],"collection":[{"href":"https:\/\/yasudaseiki.vn\/ko\/wp-json\/wp\/v2\/product"}],"about":[{"href":"https:\/\/yasudaseiki.vn\/ko\/wp-json\/wp\/v2\/types\/product"}],"replies":[{"embeddable":true,"href":"https:\/\/yasudaseiki.vn\/ko\/wp-json\/wp\/v2\/comments?post=5918"}],"wp:featuredmedia":[{"embeddable":true,"href":"https:\/\/yasudaseiki.vn\/ko\/wp-json\/wp\/v2\/media\/4906"}],"wp:attachment":[{"href":"https:\/\/yasudaseiki.vn\/ko\/wp-json\/wp\/v2\/media?parent=5918"}],"wp:term":[{"taxonomy":"product_cat","embeddable":true,"href":"https:\/\/yasudaseiki.vn\/ko\/wp-json\/wp\/v2\/product_cat?post=5918"},{"taxonomy":"product_tag","embeddable":true,"href":"https:\/\/yasudaseiki.vn\/ko\/wp-json\/wp\/v2\/product_tag?post=5918"}],"curies":[{"name":"wp","href":"https:\/\/api.w.org\/{rel}","templated":true}]}}