{"id":6310,"date":"2024-08-15T14:53:47","date_gmt":"2024-08-15T07:53:47","guid":{"rendered":"https:\/\/yasudaseiki.vn\/?post_type=product&#038;p=6310"},"modified":"2024-08-15T14:53:47","modified_gmt":"2024-08-15T07:53:47","slug":"no-121-ra-may-kiem-tra-nhiet-do-do-gion-co-may-lam-lanh-loai-gia-do-quay","status":"publish","type":"product","link":"https:\/\/yasudaseiki.vn\/ja\/product\/no-121-ra-may-kiem-tra-nhiet-do-do-gion-co-may-lam-lanh-loai-gia-do-quay\/","title":{"rendered":"No.121-RA M\u00e1y ki\u1ec3m tra nhi\u1ec7t \u0111\u1ed9 \u0111\u1ed9 gi\u00f2n (C\u00d3 M\u00c1Y L\u00c0M L\u1ea0NH\/ LO\u1ea0I GI\u00c1 \u0110\u1ee0 QUAY)"},"content":{"rendered":"<h3>No.121-RA Specification<\/h3>\n<table>\n<tbody>\n<tr>\n<td colspan=\"2\"><strong>Specifications are subject to change without notice.<\/strong><\/td>\n<\/tr>\n<tr>\n<td><b>Hangings<\/b><\/td>\n<td>5 Hangings \u00d7 4 Holders (Total 20 Hangings), Automatic Operation System<\/td>\n<\/tr>\n<tr>\n<td><b>Specimen<\/b><\/td>\n<td>W6.0 \u00b1 0.4mm, L38 \u00b1 2 mm , T2.0 \u00b1 0.2 mm (Type A)<\/td>\n<\/tr>\n<tr>\n<td><b>Striking Edge<\/b><\/td>\n<td>Top R1.6 \u00b1 0.1 mm, Distance to Chuck 6.4 \u00b1 0.2 mm, Distance to Striking Point 8.0 \u00b1 0.2 mm<\/td>\n<\/tr>\n<tr>\n<td><b>Striking Speed<\/b><\/td>\n<td>2.0 \u00b1 0.2 m\/s<\/td>\n<\/tr>\n<tr>\n<td><b>Temperature Range<\/b><\/td>\n<td>Room Temperature to -70 \u00b0C (Refrigerator &amp; Refrigeration Medium)<\/td>\n<\/tr>\n<tr>\n<td><b>Refrigeration Medium Amount<\/b><\/td>\n<td>Approx. 15 L<\/td>\n<\/tr>\n<tr>\n<td><b>Accessories<\/b><\/td>\n<td>Tightening Rod, Torque Driver, Specimen Cutter<\/td>\n<\/tr>\n<tr>\n<td><b>Option<\/b><\/td>\n<td>Specimen Holder (Type B)<\/td>\n<\/tr>\n<tr>\n<td><b>Power Source<\/b><\/td>\n<td>AC 200 V, 3-Phase, 30 A, 50\/60 Hz<\/td>\n<\/tr>\n<tr>\n<td><b>Air Source<\/b><\/td>\n<td>0.5 MPa or More<\/td>\n<\/tr>\n<tr>\n<td><b>Dimensions\/ Weight (Approx.)<\/b><\/td>\n<td>W970 \u00d7 D950 \u00d7 H1,900 mm, 450 kg<\/td>\n<\/tr>\n<\/tbody>\n<\/table>\n","protected":false},"excerpt":{"rendered":"<p>JIS C3005, K6261, K6723, K7216, ASTM D746, D2137, ISO 812, 974<\/p>\n<ul>\n<li>This tester is equipped with a rotary holder to continuously run maximum of 4 tests.<\/li>\n<li>The testing condition (test temperature and dip time) for the 4 tests can be set on the touch panel screen, which will enable efficient testing.<\/li>\n<\/ul>\n","protected":false},"featured_media":4485,"comment_status":"open","ping_status":"closed","template":"","meta":[],"product_cat":[202,340,221,317],"product_tag":[],"class_list":{"0":"post-6310","1":"product","2":"type-product","3":"status-publish","4":"has-post-thumbnail","6":"product_cat-day-dien","7":"product_cat-may-kiem-tra-danh-gia-kha-nang-chiu-nhiet","8":"product_cat-may-kiem-tra-do-gion-va-tinh-chat-nhiet-do-thap","9":"product_cat-nhua-cao-su","11":"first","12":"instock","13":"shipping-taxable","14":"product-type-simple"},"_links":{"self":[{"href":"https:\/\/yasudaseiki.vn\/ja\/wp-json\/wp\/v2\/product\/6310","targetHints":{"allow":["GET"]}}],"collection":[{"href":"https:\/\/yasudaseiki.vn\/ja\/wp-json\/wp\/v2\/product"}],"about":[{"href":"https:\/\/yasudaseiki.vn\/ja\/wp-json\/wp\/v2\/types\/product"}],"replies":[{"embeddable":true,"href":"https:\/\/yasudaseiki.vn\/ja\/wp-json\/wp\/v2\/comments?post=6310"}],"wp:featuredmedia":[{"embeddable":true,"href":"https:\/\/yasudaseiki.vn\/ja\/wp-json\/wp\/v2\/media\/4485"}],"wp:attachment":[{"href":"https:\/\/yasudaseiki.vn\/ja\/wp-json\/wp\/v2\/media?parent=6310"}],"wp:term":[{"taxonomy":"product_cat","embeddable":true,"href":"https:\/\/yasudaseiki.vn\/ja\/wp-json\/wp\/v2\/product_cat?post=6310"},{"taxonomy":"product_tag","embeddable":true,"href":"https:\/\/yasudaseiki.vn\/ja\/wp-json\/wp\/v2\/product_tag?post=6310"}],"curies":[{"name":"wp","href":"https:\/\/api.w.org\/{rel}","templated":true}]}}