{"id":5984,"date":"2024-08-12T00:32:13","date_gmt":"2024-08-11T17:32:13","guid":{"rendered":"https:\/\/yasudaseiki.vn\/?post_type=product&#038;p=5984"},"modified":"2024-08-12T00:32:13","modified_gmt":"2024-08-11T17:32:13","slug":"no-171-%e5%9c%a7%e7%b8%ae%e6%b0%b8%e4%b9%85%e6%ad%aa%e3%81%bf%e8%a9%a6%e9%a8%93%e6%a9%9f","status":"publish","type":"product","link":"https:\/\/yasudaseiki.vn\/ja\/product\/no-171-%e5%9c%a7%e7%b8%ae%e6%b0%b8%e4%b9%85%e6%ad%aa%e3%81%bf%e8%a9%a6%e9%a8%93%e6%a9%9f\/","title":{"rendered":"No.171 \u5727\u7e2e\u6c38\u4e45\u6b6a\u307f\u8a66\u9a13\u6a5f"},"content":{"rendered":"<h3>\u4ed5\u69d8<\/h3>\n<table>\n<tbody>\n<tr>\n<td colspan=\"3\"><strong>\u4ed5\u69d8\u306f\u4e88\u544a\u306a\u304f\u5909\u66f4\u3055\u308c\u308b\u3053\u3068\u304c\u3042\u308a\u307e\u3059\u3002<\/strong><\/td>\n<\/tr>\n<tr>\n<td><strong>\u8a66\u9a13\u65b9\u6cd5<\/strong><\/td>\n<td><b>\u5927\u578b\u8a66\u9a13\u7247<\/b><\/td>\n<td><b>\u5c0f\u578b\u8a66\u9a13\u7247<\/b><\/td>\n<\/tr>\n<tr>\n<td><strong>\u8a66\u9a13\u65b9\u6cd5<\/strong><\/td>\n<td>\u03c629.0 \u00b1 0.5 mm<br \/>\nT12.5 \u00b1 0.5 mm<\/td>\n<td>\u03c613.0 \u00b1 0.5 mm<br \/>\nT6.3 \u00b1 0.3 mm<\/td>\n<\/tr>\n<tr>\n<td><strong>\u30b9\u30da\u30fc\u30b5\u30fc<\/strong><\/td>\n<td>12 \u500b\u3001T9.3 \uff5e 9.4 mm<br \/>\n(25 % \u5727\u7e2e)<\/td>\n<td>12 \u500b\u3001T4.7 \uff5e 4.8 mm<br \/>\n(25 % \u5727\u7e2e)<\/td>\n<\/tr>\n<tr>\n<td><strong>\u5bf8\u6cd5\/\u91cd\u91cf (\u7d04)<\/strong><\/td>\n<td>W290 \u00d7 D150 \u00d7 H145 (20 \u00d7 3 \u6bb5) mm\u300120 kg<\/td>\n<td>W290 \u00d7 D150 \u00d7 H145 (20 \u00d7 3 \u6bb5) mm\u300120 kg<\/td>\n<\/tr>\n<\/tbody>\n<\/table>\n","protected":false},"excerpt":{"rendered":"<p>JIS A5756\u3001K6262\u3001ASTM D395\u3001ISO 815<\/p>\n<ul>\n<li>\u3053\u306e\u8a66\u9a13\u6a5f\u306f\u3001\u52a0\u786b\u30b4\u30e0\u304a\u3088\u3073\u71b1\u53ef\u5851\u6027\u30b4\u30e0\u306e\u5727\u7e2e\u6c38\u4e45\u6b6a\u307f\u3092\u5ba4\u6e29\u3001\u4f4e\u6e29\u3001\u9ad8\u6e29\u3067\u6e2c\u5b9a\u3057\u3001\u8a66\u9a13\u7247\u306e\u6c88\u4e0b\u3092\u53d6\u5f97\u3057\u307e\u3059\u3002<\/li>\n<li>\u5727\u7e2e\u7387\u306f\u30b9\u30da\u30fc\u30b5\u30fc\u3092\u4ea4\u63db\u3059\u308b\u3053\u3068\u3067\u8a2d\u5b9a\u3067\u304d\u307e\u3059\u3002<\/li>\n<\/ul>\n","protected":false},"featured_media":4799,"comment_status":"open","ping_status":"closed","template":"","meta":[],"product_cat":[351,318],"product_tag":[],"class_list":{"0":"post-5984","1":"product","2":"type-product","3":"status-publish","4":"has-post-thumbnail","6":"product_cat-351","7":"product_cat-318","9":"first","10":"instock","11":"shipping-taxable","12":"product-type-simple"},"_links":{"self":[{"href":"https:\/\/yasudaseiki.vn\/ja\/wp-json\/wp\/v2\/product\/5984","targetHints":{"allow":["GET"]}}],"collection":[{"href":"https:\/\/yasudaseiki.vn\/ja\/wp-json\/wp\/v2\/product"}],"about":[{"href":"https:\/\/yasudaseiki.vn\/ja\/wp-json\/wp\/v2\/types\/product"}],"replies":[{"embeddable":true,"href":"https:\/\/yasudaseiki.vn\/ja\/wp-json\/wp\/v2\/comments?post=5984"}],"wp:featuredmedia":[{"embeddable":true,"href":"https:\/\/yasudaseiki.vn\/ja\/wp-json\/wp\/v2\/media\/4799"}],"wp:attachment":[{"href":"https:\/\/yasudaseiki.vn\/ja\/wp-json\/wp\/v2\/media?parent=5984"}],"wp:term":[{"taxonomy":"product_cat","embeddable":true,"href":"https:\/\/yasudaseiki.vn\/ja\/wp-json\/wp\/v2\/product_cat?post=5984"},{"taxonomy":"product_tag","embeddable":true,"href":"https:\/\/yasudaseiki.vn\/ja\/wp-json\/wp\/v2\/product_tag?post=5984"}],"curies":[{"name":"wp","href":"https:\/\/api.w.org\/{rel}","templated":true}]}}